{"id":43411,"date":"2026-04-04T11:22:21","date_gmt":"2026-04-04T09:22:21","guid":{"rendered":"https:\/\/www.gkboje.ba\/?post_type=product&#038;p=43411"},"modified":"2026-04-04T11:49:36","modified_gmt":"2026-04-04T09:49:36","slug":"bosch-set-ulozaka-za-olovku-marker-za-oznacavanje-deep-hole-marker-pencil-home-garden","status":"publish","type":"product","link":"https:\/\/www.gkboje.ba\/en\/proizvod\/bosch-set-ulozaka-za-olovku-marker-za-oznacavanje-deep-hole-marker-pencil-home-garden\/","title":{"rendered":"BOSCH Set ulo\u017eaka za olovku &#8211; marker za ozna\u010davanje Deep Hole Marker Pencil | Home &amp; Garden"},"content":{"rendered":"<p><strong>Bosch 6-dijelni komplet ulo\u017eaka u vi\u0161e boja od 2.8 mm<\/strong> namijenjen je za razli\u010dite zadatke ozna\u010davanja na vi\u0161e vrsta materijala. Set sadr\u017ei crvene, \u017eute i grafitne HB ulo\u0161ke koji omogu\u0107avaju jasno i precizno obilje\u017eavanje, bilo da se radi o radu na gradili\u0161tu, u radionici ili pri svakodnevnim \u201curadi sam\u201d zadacima.<\/p>\n<p>Ulo\u0161ci su prikladni za ozna\u010davanje na materijalima kao \u0161to su kamen, drvo i papir, \u010dime nude dobru svestranost u razli\u010ditim radnim uslovima. Dolaze u prakti\u010dnoj kutiji koja omogu\u0107ava jednostavno spremanje i lak\u0161i prenos, a posebno su pogodni za upotrebu s olovkama za ozna\u010davanje, poput Bosch olovke za ozna\u010davanje.<\/p>\n<h5><strong>Klju\u010dne karakteristike:<\/strong><\/h5>\n<ul>\n<li><strong>Vi\u0161e boja u jednom setu:<\/strong> Crveni, \u017euti i grafitni HB ulo\u0161ci za razli\u010dite potrebe ozna\u010davanja.<\/li>\n<li><strong>Svestrana primjena:<\/strong> Pogodni za ozna\u010davanje na kamenu, drvu i papiru.<\/li>\n<li><strong>Promjer 2.8 mm:<\/strong> Prakti\u010dna dimenzija za jasno i precizno obilje\u017eavanje.<\/li>\n<li><strong>Prakti\u010dna kutija:<\/strong> Jednostavno spremanje i preno\u0161enje ulo\u0161ka.<\/li>\n<li><strong>Kompatibilnost:<\/strong> Idealni za olovke za ozna\u010davanje, uklju\u010duju\u0107i Bosch olovku za ozna\u010davanje.<\/li>\n<\/ul>\n<h5><strong>Tehni\u010dke specifikacije:<\/strong><\/h5>\n<ul>\n<li><strong>Broj komada u setu:<\/strong> 6<\/li>\n<li><strong>\u010cvrsto\u0107a grafitnog ulo\u0161ka:<\/strong> HB<\/li>\n<li><strong>Promjer ulo\u0161ka:<\/strong> 2.8 mm<\/li>\n<li><strong>Duljina ulo\u0161ka:<\/strong> 118 mm<\/li>\n<\/ul>\n<h5><strong>Pogodno za:<\/strong><\/h5>\n<ul>\n<li>Ozna\u010davanje na kamenu<\/li>\n<li>Ozna\u010davanje na drvu<\/li>\n<li>Ozna\u010davanje na papiru<\/li>\n<li>Radionice, gradili\u0161ta i \u201curadi sam\u201d zadatke<\/li>\n<\/ul>\n<h5><strong>Dodatne informacije:<\/strong><\/h5>\n<p><span style=\"text-decoration: underline\"><a href=\"https:\/\/www.bosch-diy.com\/hr\/hr\/p\/6-dijelni-komplet-ulo%c5%beaka-u-vi%c5%a1e-boja-od-28-mm-1600a032uv\">Sve dodatne informacije su dostupne na Bosch web stranici, klikom na ovaj tekst.<\/a><\/span><\/p>\n<p><em>Bosch \u0161ifra artikla: 1 600 A03 2UV\u00a0<\/em><\/p>\n<p><em>EAN: 4053423302172<\/em><\/p>\n<p><em>SKU: 734501<\/em><\/p>\n","protected":false},"excerpt":{"rendered":"<p>Bosch 6-dijelni komplet ulo\u017eaka u vi\u0161e boja od 2.8 mm namijenjen je za razli\u010dite zadatke ozna\u010davanja na vi\u0161e vrsta materijala.<\/p>\n","protected":false},"featured_media":43413,"comment_status":"open","ping_status":"closed","template":"","meta":[],"product_brand":[],"product_cat":[809],"product_tag":[],"class_list":{"0":"post-43411","1":"product","2":"type-product","3":"status-publish","4":"has-post-thumbnail","6":"product_cat-alat-za-obiljezavanje","8":"first","9":"instock","10":"shipping-taxable","11":"purchasable","12":"product-type-simple"},"wooqr_code":"","_links":{"self":[{"href":"https:\/\/www.gkboje.ba\/en\/wp-json\/wp\/v2\/product\/43411","targetHints":{"allow":["GET"]}}],"collection":[{"href":"https:\/\/www.gkboje.ba\/en\/wp-json\/wp\/v2\/product"}],"about":[{"href":"https:\/\/www.gkboje.ba\/en\/wp-json\/wp\/v2\/types\/product"}],"replies":[{"embeddable":true,"href":"https:\/\/www.gkboje.ba\/en\/wp-json\/wp\/v2\/comments?post=43411"}],"version-history":[{"count":1,"href":"https:\/\/www.gkboje.ba\/en\/wp-json\/wp\/v2\/product\/43411\/revisions"}],"predecessor-version":[{"id":43414,"href":"https:\/\/www.gkboje.ba\/en\/wp-json\/wp\/v2\/product\/43411\/revisions\/43414"}],"wp:featuredmedia":[{"embeddable":true,"href":"https:\/\/www.gkboje.ba\/en\/wp-json\/wp\/v2\/media\/43413"}],"wp:attachment":[{"href":"https:\/\/www.gkboje.ba\/en\/wp-json\/wp\/v2\/media?parent=43411"}],"wp:term":[{"taxonomy":"product_brand","embeddable":true,"href":"https:\/\/www.gkboje.ba\/en\/wp-json\/wp\/v2\/product_brand?post=43411"},{"taxonomy":"product_cat","embeddable":true,"href":"https:\/\/www.gkboje.ba\/en\/wp-json\/wp\/v2\/product_cat?post=43411"},{"taxonomy":"product_tag","embeddable":true,"href":"https:\/\/www.gkboje.ba\/en\/wp-json\/wp\/v2\/product_tag?post=43411"}],"curies":[{"name":"wp","href":"https:\/\/api.w.org\/{rel}","templated":true}]}}