{"id":43320,"date":"2026-03-29T16:35:29","date_gmt":"2026-03-29T14:35:29","guid":{"rendered":"https:\/\/www.gkboje.ba\/?post_type=product&#038;p=43320"},"modified":"2026-03-29T16:45:37","modified_gmt":"2026-03-29T14:45:37","slug":"bosch-ixo-kolekcija-nastavak-za-vino-vadicep-home-garden","status":"publish","type":"product","link":"https:\/\/www.gkboje.ba\/en\/proizvod\/bosch-ixo-kolekcija-nastavak-za-vino-vadicep-home-garden\/","title":{"rendered":"BOSCH IXO Kolekcija &#8211; Nastavak za vino &#8211; vadi\u010dep | Home &amp; Garden"},"content":{"rendered":"<p><strong>Bosch IXO kolekcija \u2013 nastavak vadi\u010depa<\/strong> je prakti\u010dan i elegantan dodatak koji Bosch IXO odvija\u010d pretvara u prakti\u010dno pomagalo za brzo i jednostavno otvaranje boca vina. Dizajniran je za bezbri\u017eno kori\u0161tenje u opu\u0161tenim trenucima, dru\u017eenjima i zabavama, gdje funkcionalnost spaja s atraktivnim izgledom.<\/p>\n<p>Nastavak omogu\u0107ava lako va\u0111enje \u010depova uz minimalan napor, a zahvaljuju\u0107i ku\u0107i\u0161tu od poliranog nehr\u0111aju\u0107eg \u010delika ostavlja moderan i upe\u010datljiv dojam. Jedinstveni okida\u010d za va\u0111enje \u010depova dodatno olak\u0161ava rukovanje i \u010dini ovaj dodatak zanimljivim i prakti\u010dnim izborom za svaku priliku.<\/p>\n<h5><strong>Klju\u010dne karakteristike:<\/strong><\/h5>\n<ul>\n<li><strong>Jednostavno va\u0111enje \u010depova:<\/strong> Omogu\u0107ava brzo i lako otvaranje boca vina.<\/li>\n<li><strong>Prakti\u010dan dodatak za IXO:<\/strong> Pretvara odvija\u010d u funkcionalan nastavak za zabavne prilike.<\/li>\n<li><strong>Ku\u0107i\u0161te od poliranog nehr\u0111aju\u0107eg \u010delika:<\/strong> Elegantna i atraktivna zavr\u0161na obrada.<\/li>\n<li><strong>Jedinstveni okida\u010d:<\/strong> Jednostavno rukovanje pri va\u0111enju \u010depova.<\/li>\n<li><strong>Upadljiv dizajn:<\/strong> Prikladan dodatak za dru\u017eenja i zabave.<\/li>\n<\/ul>\n<h5><strong>Pogodno za:<\/strong><\/h5>\n<ul>\n<li>Otvaranje boca vina<\/li>\n<li>Kori\u0161tenje na zabavama i dru\u017eenjima<\/li>\n<li>Prakti\u010dan i zanimljiv dodatak za Bosch IXO sistem<\/li>\n<\/ul>\n<h5><strong>Dodatne informacije:<\/strong><\/h5>\n<p><span style=\"text-decoration: underline\"><a href=\"https:\/\/www.bosch-diy.com\/hr\/hr\/p\/ixo-kolekcija-nastavak-vadi%c4%8depa-1600a001yd\">Sve dodatne informacije su dostupne na Bosch web stranici, klikom na ovaj tekst.<\/a><\/span><\/p>\n<p><em>Bosch \u0161ifra artikla: \u00a01 600 A00 1YD\u00a0<\/em><\/p>\n<p><em>EAN: 3165140776349<\/em><\/p>\n<p><em>SKU: 734108<\/em><\/p>\n","protected":false},"excerpt":{"rendered":"<p>Bosch IXO kolekcija \u2013 nastavak vadi\u010depa je prakti\u010dan i elegantan dodatak koji Bosch IXO odvija\u010d pretvara u prakti\u010dno pomagalo za<\/p>\n","protected":false},"featured_media":43321,"comment_status":"open","ping_status":"closed","template":"","meta":[],"product_brand":[],"product_cat":[716],"product_tag":[1467],"class_list":{"0":"post-43320","1":"product","2":"type-product","3":"status-publish","4":"has-post-thumbnail","6":"product_cat-pribor-za-busilice","7":"product_tag-bosch-diy-home-alati-i-masine","9":"first","10":"instock","11":"shipping-taxable","12":"purchasable","13":"product-type-simple"},"wooqr_code":"","_links":{"self":[{"href":"https:\/\/www.gkboje.ba\/en\/wp-json\/wp\/v2\/product\/43320","targetHints":{"allow":["GET"]}}],"collection":[{"href":"https:\/\/www.gkboje.ba\/en\/wp-json\/wp\/v2\/product"}],"about":[{"href":"https:\/\/www.gkboje.ba\/en\/wp-json\/wp\/v2\/types\/product"}],"replies":[{"embeddable":true,"href":"https:\/\/www.gkboje.ba\/en\/wp-json\/wp\/v2\/comments?post=43320"}],"version-history":[{"count":1,"href":"https:\/\/www.gkboje.ba\/en\/wp-json\/wp\/v2\/product\/43320\/revisions"}],"predecessor-version":[{"id":43325,"href":"https:\/\/www.gkboje.ba\/en\/wp-json\/wp\/v2\/product\/43320\/revisions\/43325"}],"wp:featuredmedia":[{"embeddable":true,"href":"https:\/\/www.gkboje.ba\/en\/wp-json\/wp\/v2\/media\/43321"}],"wp:attachment":[{"href":"https:\/\/www.gkboje.ba\/en\/wp-json\/wp\/v2\/media?parent=43320"}],"wp:term":[{"taxonomy":"product_brand","embeddable":true,"href":"https:\/\/www.gkboje.ba\/en\/wp-json\/wp\/v2\/product_brand?post=43320"},{"taxonomy":"product_cat","embeddable":true,"href":"https:\/\/www.gkboje.ba\/en\/wp-json\/wp\/v2\/product_cat?post=43320"},{"taxonomy":"product_tag","embeddable":true,"href":"https:\/\/www.gkboje.ba\/en\/wp-json\/wp\/v2\/product_tag?post=43320"}],"curies":[{"name":"wp","href":"https:\/\/api.w.org\/{rel}","templated":true}]}}