{"id":43310,"date":"2026-03-29T16:12:53","date_gmt":"2026-03-29T14:12:53","guid":{"rendered":"https:\/\/www.gkboje.ba\/?post_type=product&#038;p=43310"},"modified":"2026-03-29T16:25:11","modified_gmt":"2026-03-29T14:25:11","slug":"bosch-ixo-kolekcija-bbq-nastavak-za-rostilj-home-garden","status":"publish","type":"product","link":"https:\/\/www.gkboje.ba\/en\/proizvod\/bosch-ixo-kolekcija-bbq-nastavak-za-rostilj-home-garden\/","title":{"rendered":"BOSCH IXO Kolekcija &#8211; BBQ Nastavak za ro\u0161tilj | Home &amp; Garden"},"content":{"rendered":"<p><strong>Bosch IXO kolekcija \u2013 nastavak ventilatora za ro\u0161tilj<\/strong> je prakti\u010dan dodatak koji pretvara IXO odvija\u010d u korisno pomagalo za brzo i jednostavno potpirivanje vatre. Namijenjen je za upotrebu uz ro\u0161tilj ili kamin, gdje poma\u017ee u stvaranju idealnih uvjeta za pe\u010denje ili postizanju ugodne i stabilne vatre.<\/p>\n<p>Zahvaljuju\u0107i be\u017ei\u010dnoj mobilnosti IXO sistema, nastavak omogu\u0107ava jednostavno paljenje i potpirivanje ugljena na razli\u010ditim mjestima \u2013 u vrtu, na terasi ili uz kamin u ku\u0107i. Izra\u0111en je od vatrootpornog materijala, a dodatni sigurnosni remen doprinosi sigurnijem radu u blizini otvorenog plamena.<\/p>\n<h5><strong>Klju\u010dne karakteristike:<\/strong><\/h5>\n<ul>\n<li><strong>Prakti\u010dna pomo\u0107 pri potpaljivanju:<\/strong> Olak\u0161ava brzo i jednostavno raspirivanje ugljena i vatre.<\/li>\n<li><strong>Namijenjen za ro\u0161tilj i kamin:<\/strong> Pogodan za stvaranje optimalne temperature za pe\u010denje i ugodnu vatru.<\/li>\n<li><strong>Be\u017ei\u010dna mobilnost:<\/strong> Omogu\u0107ava upotrebu na razli\u010ditim mjestima bez ograni\u010denja kablom.<\/li>\n<li><strong>Vatrootporni materijal:<\/strong> Prikladan za rad u blizini otvorenog plamena.<\/li>\n<li><strong>Sigurnosni remen:<\/strong> Dodatna sigurnost pri kori\u0161tenju.<\/li>\n<\/ul>\n<h5><strong>Pogodno za:<\/strong><\/h5>\n<ul>\n<li>Potpirivanje ugljena u ro\u0161tilju<\/li>\n<li>Paljenje i odr\u017eavanje vatre u kaminu<\/li>\n<li>Upotrebu u vrtu, na terasi ili u ku\u0107i<\/li>\n<\/ul>\n<h5><strong>Dodatne informacije:<\/strong><\/h5>\n<p><span style=\"text-decoration: underline\"><a href=\"https:\/\/www.bosch-diy.com\/hr\/hr\/p\/ixo-kolekcija-nastavak-ventilatora-za-ro%c5%a1tilj-1600a001yc\">Sve dodatne informacije su dostupne na Bosch web stranici, klikom na ovaj tekst.<\/a><\/span><\/p>\n<p><em>Bosch \u0161ifra artikla: 1 600 A00 1YC\u00a0<\/em><\/p>\n<p><em>EAN: 3165140776332<\/em><\/p>\n<p><em>SKU: 734106<\/em><\/p>\n","protected":false},"excerpt":{"rendered":"<p>Bosch IXO kolekcija \u2013 nastavak ventilatora za ro\u0161tilj je prakti\u010dan dodatak koji pretvara IXO odvija\u010d u korisno pomagalo za brzo<\/p>\n","protected":false},"featured_media":43311,"comment_status":"open","ping_status":"closed","template":"","meta":[],"product_brand":[],"product_cat":[716],"product_tag":[1467],"class_list":{"0":"post-43310","1":"product","2":"type-product","3":"status-publish","4":"has-post-thumbnail","6":"product_cat-pribor-za-busilice","7":"product_tag-bosch-diy-home-alati-i-masine","9":"first","10":"instock","11":"shipping-taxable","12":"purchasable","13":"product-type-simple"},"wooqr_code":"","_links":{"self":[{"href":"https:\/\/www.gkboje.ba\/en\/wp-json\/wp\/v2\/product\/43310","targetHints":{"allow":["GET"]}}],"collection":[{"href":"https:\/\/www.gkboje.ba\/en\/wp-json\/wp\/v2\/product"}],"about":[{"href":"https:\/\/www.gkboje.ba\/en\/wp-json\/wp\/v2\/types\/product"}],"replies":[{"embeddable":true,"href":"https:\/\/www.gkboje.ba\/en\/wp-json\/wp\/v2\/comments?post=43310"}],"version-history":[{"count":1,"href":"https:\/\/www.gkboje.ba\/en\/wp-json\/wp\/v2\/product\/43310\/revisions"}],"predecessor-version":[{"id":43314,"href":"https:\/\/www.gkboje.ba\/en\/wp-json\/wp\/v2\/product\/43310\/revisions\/43314"}],"wp:featuredmedia":[{"embeddable":true,"href":"https:\/\/www.gkboje.ba\/en\/wp-json\/wp\/v2\/media\/43311"}],"wp:attachment":[{"href":"https:\/\/www.gkboje.ba\/en\/wp-json\/wp\/v2\/media?parent=43310"}],"wp:term":[{"taxonomy":"product_brand","embeddable":true,"href":"https:\/\/www.gkboje.ba\/en\/wp-json\/wp\/v2\/product_brand?post=43310"},{"taxonomy":"product_cat","embeddable":true,"href":"https:\/\/www.gkboje.ba\/en\/wp-json\/wp\/v2\/product_cat?post=43310"},{"taxonomy":"product_tag","embeddable":true,"href":"https:\/\/www.gkboje.ba\/en\/wp-json\/wp\/v2\/product_tag?post=43310"}],"curies":[{"name":"wp","href":"https:\/\/api.w.org\/{rel}","templated":true}]}}