{"id":42929,"date":"2026-03-08T22:11:26","date_gmt":"2026-03-08T21:11:26","guid":{"rendered":"https:\/\/www.gkboje.ba\/?post_type=product&#038;p=42929"},"modified":"2026-03-14T17:21:45","modified_gmt":"2026-03-14T16:21:45","slug":"bosch-expert-digitalni-multimetar-exdm600-17-cat-iii-600-v-mh-1","status":"publish","type":"product","link":"https:\/\/www.gkboje.ba\/en\/proizvod\/bosch-expert-digitalni-multimetar-exdm600-17-cat-iii-600-v-mh-1\/","title":{"rendered":"BOSCH Expert Digitalni multimetar EXDM600-17 CAT III 600 V + MH 1"},"content":{"rendered":"<p><a href=\"https:\/\/www.gkboje.ba\/oznaka-proizvoda\/bosch-expert\/\"><img decoding=\"async\" class=\" wd-lazy-fade size-large wp-image-42703 aligncenter\" src=\"https:\/\/www.gkboje.ba\/wp-content\/themes\/woodmart\/images\/lazy.svg\" data-src=\"https:\/\/www.gkboje.ba\/wp-content\/uploads\/2026\/03\/bosch-expert-garancija-1024x178.webp\" alt=\"\" width=\"1024\" height=\"178\" srcset=\"\" data-srcset=\"https:\/\/www.gkboje.ba\/wp-content\/uploads\/2026\/03\/bosch-expert-garancija-1024x178.webp 1024w, https:\/\/www.gkboje.ba\/wp-content\/uploads\/2026\/03\/bosch-expert-garancija-300x52.webp 300w, https:\/\/www.gkboje.ba\/wp-content\/uploads\/2026\/03\/bosch-expert-garancija-768x134.webp 768w, https:\/\/www.gkboje.ba\/wp-content\/uploads\/2026\/03\/bosch-expert-garancija-600x104.webp 600w, https:\/\/www.gkboje.ba\/wp-content\/uploads\/2026\/03\/bosch-expert-garancija-150x26.webp 150w, https:\/\/www.gkboje.ba\/wp-content\/uploads\/2026\/03\/bosch-expert-garancija.webp 1202w\" sizes=\"(max-width: 1024px) 100vw, 1024px\" \/><\/a><\/p>\n<p><strong>Bosch EXPERT<\/strong> linija predstavlja vrhunsku klasu Bosch alata i pribora razvijenu za profesionalnu upotrebu i najzahtjevnije zadatke. Zahvaljuju\u0107i naprednim tehnologijama, inovativnim materijalima i dugogodi\u0161njem Bosch iskustvu, EXPERT alati pru\u017eaju maksimalne performanse, izuzetnu izdr\u017eljivost i pouzdan rad u svakodnevnoj profesionalnoj upotrebi. <a href=\"https:\/\/www.gkboje.ba\/oznaka-proizvoda\/bosch-expert\/\"><span style=\"text-decoration: underline\">Kompletan asortiman EXPERT ure\u0111aja mo\u017eete pogledati klikom na ovaj tekst<\/span>.<\/a><\/p>\n<hr \/>\n<p><strong>Bosch EXPERT EXDM600-17<\/strong> je napredni digitalni multimetar razvijen za profesionalce kojima su potrebni precizna mjerenja, visoka otpornost i pouzdan rad na gradili\u0161tu ili u servisnim intervencijama. Zahvaljuju\u0107i IP65 za\u0161titi, otpornosti na pad s visine do 2 m, sigurnosnoj kategoriji CAT III 600 V i dvostrukom izvoru napajanja, ovaj instrument je prilago\u0111en zahtjevnim radnim uslovima.<\/p>\n<p>Multimetar je posebno koristan za HVAC primjene jer, uz standardna elektri\u010dna mjerenja, omogu\u0107ava i mjerenje temperature putem priklju\u010divog K-tip su\u010delja u rasponu od -40 \u00b0C do +400 \u00b0C. Pored toga, mjeri mikroampere, otpor do 60 M\u03a9, kapacitivnost, frekvenciju, kontinuitet i diode te podr\u017eava LoZ funkciju za mjerenje uz nisku ulaznu impedanciju. Veliki invertirani LCD zaslon s visokim kontrastom osigurava dobru \u010ditljivost, dok kompaktan dizajn i mogu\u0107nost jednoru\u010dnog rukovanja doprinose prakti\u010dnosti pri radu.<\/p>\n<hr \/>\n<h5><img decoding=\"async\" class=\" wd-lazy-fade wp-image-42946 size-full alignright\" src=\"https:\/\/www.gkboje.ba\/wp-content\/themes\/woodmart\/images\/lazy.svg\" data-src=\"https:\/\/www.gkboje.ba\/wp-content\/uploads\/2026\/03\/bosch-expert-digitalni-multimetar-exdm600-17-spider.webp\" alt=\"\" width=\"1000\" height=\"1000\" srcset=\"\" data-srcset=\"https:\/\/www.gkboje.ba\/wp-content\/uploads\/2026\/03\/bosch-expert-digitalni-multimetar-exdm600-17-spider.webp 1000w, https:\/\/www.gkboje.ba\/wp-content\/uploads\/2026\/03\/bosch-expert-digitalni-multimetar-exdm600-17-spider-300x300.webp 300w, https:\/\/www.gkboje.ba\/wp-content\/uploads\/2026\/03\/bosch-expert-digitalni-multimetar-exdm600-17-spider-150x150.webp 150w, https:\/\/www.gkboje.ba\/wp-content\/uploads\/2026\/03\/bosch-expert-digitalni-multimetar-exdm600-17-spider-768x768.webp 768w, https:\/\/www.gkboje.ba\/wp-content\/uploads\/2026\/03\/bosch-expert-digitalni-multimetar-exdm600-17-spider-600x600.webp 600w, https:\/\/www.gkboje.ba\/wp-content\/uploads\/2026\/03\/bosch-expert-digitalni-multimetar-exdm600-17-spider-50x50.webp 50w, https:\/\/www.gkboje.ba\/wp-content\/uploads\/2026\/03\/bosch-expert-digitalni-multimetar-exdm600-17-spider-100x100.webp 100w\" sizes=\"(max-width: 1000px) 100vw, 1000px\" \/><\/h5>\n<ol>\n<li style=\"text-align: left\"><strong><span class=\"description-list__item-content-headline\">Veliki zaslon:<\/span>\u00a0<\/strong>Zaslon visokog kontrasta s 9 segmenata i velikim fontom za bolju \u010ditljivost<\/li>\n<li style=\"text-align: left\"><strong><span class=\"description-list__item-content-headline\">Funkcionalnost:<\/span>\u00a0<\/strong>Gumirani kota\u010di\u0107 izvan sredi\u0161ta olak\u0161ava prebacivanje izme\u0111u na\u010dina rada<\/li>\n<li style=\"text-align: left\"><strong><span class=\"description-list__item-content-headline\">Pobolj\u0161ana HVAC funkcionalnost:<\/span><\/strong>\u00a0Mjerenje temperature, mikroampera, testiranje dioda, LoZ i mjerenje otpora do 60 M\u03a9<\/li>\n<li style=\"text-align: left\"><strong><span class=\"description-list__item-content-headline\">Otpornost:<\/span>\u00a0<\/strong>IP65 za\u0161tita i otpornost na pad od 2\u00a0m<\/li>\n<li><strong><span class=\"description-list__item-content-headline\">Dvostruki izvor napajanja:<\/span><\/strong> Uz 2 \u00d7 1.5 V LR06 (AA) akumulatora ili BA 3.7 V 1,0 Ah Professional za ve\u0107u fleksibilnost<\/li>\n<li><strong><span class=\"description-list__item-content-headline\">Kompaktan, ergonomski dizajn:<\/span><\/strong> Jednostavno jednoru\u010dno rukovanje, gumirano postolje, dvostruki izvor napajanja i magnetska vje\u0161alica MH 1 Professional<\/li>\n<\/ol>\n<hr \/>\n<h5><strong>Tehni\u010dke specifikacije:<\/strong><\/h5>\n<ul>\n<li><strong>AC napon:<\/strong> do 600 V<\/li>\n<li><strong>Razlu\u010divost AC napona:<\/strong> 0.1 mV<\/li>\n<li><strong>To\u010dnost AC napona:<\/strong> \u00b1 1.0 % + 3<\/li>\n<li><strong>AC struja:<\/strong> do 10 A<\/li>\n<li><strong>DC napon:<\/strong> do 600 V<\/li>\n<li><strong>Razlu\u010divost DC napona:<\/strong> 0.1 mV<\/li>\n<li><strong>To\u010dnost DC napona:<\/strong> \u00b1 0.5 % + 2<\/li>\n<li><strong>DC struja:<\/strong> do 10 A<\/li>\n<li><strong>DC \u00b5A struja:<\/strong> 600 \u00b5A<\/li>\n<li><strong>Otpor:<\/strong> do 60 M\u03a9<\/li>\n<li><strong>Razlu\u010divost otpora:<\/strong> 0.01 M\u03a9<\/li>\n<li><strong>To\u010dnost otpora:<\/strong> \u00b1 2.0 % + 5<\/li>\n<li><strong>Kapacitivnost:<\/strong> do 1000 \u00b5F<\/li>\n<li><strong>Razlu\u010divost kapacitivnosti:<\/strong> maks. 0.01 nF<\/li>\n<li><strong>To\u010dnost kapacitivnosti:<\/strong> \u00b1 1.9 % + 2<\/li>\n<li><strong>Kontinuitet:<\/strong> da<\/li>\n<li><strong>Razlu\u010divost provodnosti:<\/strong> 0.1 Ohm<\/li>\n<li><strong>To\u010dnost provodnosti:<\/strong> \u00b1 1.0 % + 5<\/li>\n<li><strong>Mjerni raspon frekvencije:<\/strong> 99.99 Hz do 50 kHz<\/li>\n<li><strong>Niska ulazna impedancija (LoZ):<\/strong> 600 V<\/li>\n<li><strong>Minimalna temperatura:<\/strong> -40 \u00b0C \/ -40 \u00b0F<\/li>\n<li><strong>Maksimalna temperatura:<\/strong> +400 \u00b0C \/ +752 \u00b0F<\/li>\n<li><strong>To\u010dnost temperature:<\/strong> \u00b1 1 \u00b0C (0 do +100 \u00b0C)<\/li>\n<li><strong>Temperaturna razlu\u010divost:<\/strong> 0.1<\/li>\n<li><strong>IP za\u0161tita:<\/strong> IP65<\/li>\n<li><strong>Sigurnosna klasa:<\/strong> CAT III 600 V<\/li>\n<li><strong>Tip zaslona:<\/strong> invertirani LCD<\/li>\n<li><strong>Akusti\u010dna povratna informacija:<\/strong> da<\/li>\n<li><strong>Test dioda:<\/strong> da<\/li>\n<li><strong>Pravi RMS:<\/strong> da<\/li>\n<\/ul>\n<h5><strong>Obim isporuke:<\/strong><\/h5>\n<ul>\n<li>2 x baterija 1.5 V LR6 (AA)<\/li>\n<li>Adapter za termoelement<\/li>\n<li>MH 1 Professional<\/li>\n<li>MS 90 Professional<\/li>\n<li>Temperaturna sonda tip K Professional<\/li>\n<li>Torba<\/li>\n<\/ul>\n<h5><strong>Pogodno za:<\/strong><\/h5>\n<ul>\n<li>Elektri\u010darska mjerenja na gradili\u0161tu<\/li>\n<li>HVAC dijagnostiku i servis<\/li>\n<li>Mjerenje temperature, napona, struje i otpora<\/li>\n<li>Rad u zahtjevnim uslovima gdje su va\u017eni otpornost i sigurnost<\/li>\n<\/ul>\n<h5><strong>Dodatne informacije:<\/strong><\/h5>\n<p><span style=\"text-decoration: underline\"><a href=\"https:\/\/www.bosch-professional.com\/hr\/hr\/products\/exdm600-17-0601077200\">Sve dodatne informacije su dostupne na Bosch web stranici, klikom na ovaj tekst.<\/a><\/span><\/p>\n<p><a href=\"https:\/\/www.youtube.com\/watch?v=ta8yh7XVSyw\"><span style=\"text-decoration: underline\">Link video opisa i demonstracije artikla.<\/span><\/a><\/p>\n<p><em>Bosch \u0161ifra artikla: 0 601 077 200<\/em><\/p>\n<p><em>EAN: 4053423330090<\/em><\/p>\n<p><em>SKU: 734371<\/em><\/p>\n","protected":false},"excerpt":{"rendered":"<p>Bosch EXPERT linija predstavlja vrhunsku klasu Bosch alata i pribora razvijenu za profesionalnu upotrebu i najzahtjevnije zadatke. Zahvaljuju\u0107i naprednim tehnologijama,<\/p>\n","protected":false},"featured_media":42930,"comment_status":"open","ping_status":"closed","template":"","meta":[],"product_brand":[1480],"product_cat":[863],"product_tag":[1481],"class_list":{"0":"post-42929","1":"product","2":"type-product","3":"status-publish","4":"has-post-thumbnail","6":"product_brand-bosch","7":"product_cat-multimetri","8":"product_tag-bosch-expert","10":"first","11":"instock","12":"sale","13":"shipping-taxable","14":"purchasable","15":"product-type-simple"},"wooqr_code":"","_links":{"self":[{"href":"https:\/\/www.gkboje.ba\/en\/wp-json\/wp\/v2\/product\/42929","targetHints":{"allow":["GET"]}}],"collection":[{"href":"https:\/\/www.gkboje.ba\/en\/wp-json\/wp\/v2\/product"}],"about":[{"href":"https:\/\/www.gkboje.ba\/en\/wp-json\/wp\/v2\/types\/product"}],"replies":[{"embeddable":true,"href":"https:\/\/www.gkboje.ba\/en\/wp-json\/wp\/v2\/comments?post=42929"}],"version-history":[{"count":3,"href":"https:\/\/www.gkboje.ba\/en\/wp-json\/wp\/v2\/product\/42929\/revisions"}],"predecessor-version":[{"id":43007,"href":"https:\/\/www.gkboje.ba\/en\/wp-json\/wp\/v2\/product\/42929\/revisions\/43007"}],"wp:featuredmedia":[{"embeddable":true,"href":"https:\/\/www.gkboje.ba\/en\/wp-json\/wp\/v2\/media\/42930"}],"wp:attachment":[{"href":"https:\/\/www.gkboje.ba\/en\/wp-json\/wp\/v2\/media?parent=42929"}],"wp:term":[{"taxonomy":"product_brand","embeddable":true,"href":"https:\/\/www.gkboje.ba\/en\/wp-json\/wp\/v2\/product_brand?post=42929"},{"taxonomy":"product_cat","embeddable":true,"href":"https:\/\/www.gkboje.ba\/en\/wp-json\/wp\/v2\/product_cat?post=42929"},{"taxonomy":"product_tag","embeddable":true,"href":"https:\/\/www.gkboje.ba\/en\/wp-json\/wp\/v2\/product_tag?post=42929"}],"curies":[{"name":"wp","href":"https:\/\/api.w.org\/{rel}","templated":true}]}}