{"id":42893,"date":"2026-03-08T20:54:10","date_gmt":"2026-03-08T19:54:10","guid":{"rendered":"https:\/\/www.gkboje.ba\/?post_type=product&#038;p=42893"},"modified":"2026-03-14T18:26:57","modified_gmt":"2026-03-14T17:26:57","slug":"bosch-expert-aku-uranjajuca-kruzna-pila-cirkular-exkt18v-52g-solo","status":"publish","type":"product","link":"https:\/\/www.gkboje.ba\/en\/proizvod\/bosch-expert-aku-uranjajuca-kruzna-pila-cirkular-exkt18v-52g-solo\/","title":{"rendered":"BOSCH Expert Aku uranjaju\u0107a kru\u017ena pila &#8211; cirkular EXKT18V-52G (Solo)"},"content":{"rendered":"<p><a href=\"https:\/\/www.gkboje.ba\/oznaka-proizvoda\/bosch-expert\/\"><img decoding=\"async\" class=\" wd-lazy-fade size-large wp-image-42703 aligncenter\" src=\"https:\/\/www.gkboje.ba\/wp-content\/themes\/woodmart\/images\/lazy.svg\" data-src=\"https:\/\/www.gkboje.ba\/wp-content\/uploads\/2026\/03\/bosch-expert-garancija-1024x178.webp\" alt=\"\" width=\"1024\" height=\"178\" srcset=\"\" data-srcset=\"https:\/\/www.gkboje.ba\/wp-content\/uploads\/2026\/03\/bosch-expert-garancija-1024x178.webp 1024w, https:\/\/www.gkboje.ba\/wp-content\/uploads\/2026\/03\/bosch-expert-garancija-300x52.webp 300w, https:\/\/www.gkboje.ba\/wp-content\/uploads\/2026\/03\/bosch-expert-garancija-768x134.webp 768w, https:\/\/www.gkboje.ba\/wp-content\/uploads\/2026\/03\/bosch-expert-garancija-600x104.webp 600w, https:\/\/www.gkboje.ba\/wp-content\/uploads\/2026\/03\/bosch-expert-garancija-150x26.webp 150w, https:\/\/www.gkboje.ba\/wp-content\/uploads\/2026\/03\/bosch-expert-garancija.webp 1202w\" sizes=\"(max-width: 1024px) 100vw, 1024px\" \/><\/a><\/p>\n<p><strong>Bosch EXPERT<\/strong> linija predstavlja vrhunsku klasu Bosch alata i pribora razvijenu za profesionalnu upotrebu i najzahtjevnije zadatke. Zahvaljuju\u0107i naprednim tehnologijama, inovativnim materijalima i dugogodi\u0161njem Bosch iskustvu, EXPERT alati pru\u017eaju maksimalne performanse, izuzetnu izdr\u017eljivost i pouzdan rad u svakodnevnoj profesionalnoj upotrebi. <a href=\"https:\/\/www.gkboje.ba\/oznaka-proizvoda\/bosch-expert\/\"><span style=\"text-decoration: underline\">Kompletan asortiman EXPERT ure\u0111aja mo\u017eete pogledati klikom na ovaj tekst<\/span>.<\/a><\/p>\n<hr \/>\n<p><strong>Bosch EXPERT EXKT18V-52G<\/strong> je profesionalna akumulatorska pila za uranjanje dizajnirana za precizno rezanje uz maksimalnu mobilnost i snagu. Zahvaljuju\u0107i tehnologiji <strong>BITURBO BRUSHLESS<\/strong>, ova pila koristi puni potencijal Bosch 18V sistema i omogu\u0107ava sna\u017ene performanse u kombinaciji s kompaktnim dizajnom koji omogu\u0107uje rezanje ve\u0107 od <strong>10 mm od zida<\/strong>.<\/p>\n<p>Izuzetno kompaktan dizajn i rad s jednim 18V akumulatorom omogu\u0107uju veliku mobilnost na gradili\u0161tu i u radionici. Integrirani <strong>Click &amp; Clean adapter<\/strong> omogu\u0107ava jednostavno spajanje na vre\u0107icu za pra\u0161inu ili Bosch sisteme za usisavanje, uz rotaciju od 360\u00b0 za lak\u0161e manevriranje. Pila je kompatibilna s Bosch FSN vodilicama i drugim standardnim vodilicama, \u010dime omogu\u0107ava izuzetno precizne i ravne rezove.<\/p>\n<div style=\"width: 1920px;\" class=\"wp-video\"><video class=\"wp-video-shortcode\" id=\"video-42893-1\" width=\"1920\" height=\"1080\" preload=\"metadata\" controls=\"controls\"><source type=\"video\/mp4\" src=\"https:\/\/www.gkboje.ba\/wp-content\/uploads\/2026\/03\/bosch-expert-aku-uranjajuca-pila-exkt18v-52g-360.mp4?_=1\" \/><a href=\"https:\/\/www.gkboje.ba\/wp-content\/uploads\/2026\/03\/bosch-expert-aku-uranjajuca-pila-exkt18v-52g-360.mp4\">https:\/\/www.gkboje.ba\/wp-content\/uploads\/2026\/03\/bosch-expert-aku-uranjajuca-pila-exkt18v-52g-360.mp4<\/a><\/video><\/div>\n<hr \/>\n<h5><img decoding=\"async\" class=\" wd-lazy-fade wp-image-42904 size-full alignright\" src=\"https:\/\/www.gkboje.ba\/wp-content\/themes\/woodmart\/images\/lazy.svg\" data-src=\"https:\/\/www.gkboje.ba\/wp-content\/uploads\/2026\/03\/bosch-expert-aku-uranjajuca-pila-exkt18v-52g-spider.webp\" alt=\"\" width=\"1000\" height=\"1000\" srcset=\"\" data-srcset=\"https:\/\/www.gkboje.ba\/wp-content\/uploads\/2026\/03\/bosch-expert-aku-uranjajuca-pila-exkt18v-52g-spider.webp 1000w, https:\/\/www.gkboje.ba\/wp-content\/uploads\/2026\/03\/bosch-expert-aku-uranjajuca-pila-exkt18v-52g-spider-300x300.webp 300w, https:\/\/www.gkboje.ba\/wp-content\/uploads\/2026\/03\/bosch-expert-aku-uranjajuca-pila-exkt18v-52g-spider-150x150.webp 150w, https:\/\/www.gkboje.ba\/wp-content\/uploads\/2026\/03\/bosch-expert-aku-uranjajuca-pila-exkt18v-52g-spider-768x768.webp 768w, https:\/\/www.gkboje.ba\/wp-content\/uploads\/2026\/03\/bosch-expert-aku-uranjajuca-pila-exkt18v-52g-spider-600x600.webp 600w, https:\/\/www.gkboje.ba\/wp-content\/uploads\/2026\/03\/bosch-expert-aku-uranjajuca-pila-exkt18v-52g-spider-50x50.webp 50w, https:\/\/www.gkboje.ba\/wp-content\/uploads\/2026\/03\/bosch-expert-aku-uranjajuca-pila-exkt18v-52g-spider-100x100.webp 100w\" sizes=\"(max-width: 1000px) 100vw, 1000px\" \/><\/h5>\n<ol>\n<li style=\"text-align: left\"><strong><span class=\"description-list__item-content-headline\">Re\u017ee 10\u00a0mm pored zida:<\/span><\/strong>\u00a0Iznimno kompaktan dizajn omogu\u0107uje minimalni razmak od zida<\/li>\n<li style=\"text-align: left\"><strong><span class=\"description-list__item-content-headline\">BITURBO Brushless:<\/span>\u00a0<\/strong>Motor i pogonski sustav vrhunskih performansi<\/li>\n<li style=\"text-align: left\"><strong><span class=\"description-list__item-content-headline\">Iznimna mobilnost:<\/span><\/strong>\u00a0jedinstven kompaktni dizajn omogu\u0107uje rad sa samo jednim akumulatorom od 18\u00a0V<\/li>\n<li style=\"text-align: left\"><strong><span class=\"description-list__item-content-headline\">Ugra\u0111eni adapter Click&amp;Clean:<\/span>\u00a0<\/strong>Posebno dizajniran za vre\u0107ice za pra\u0161inu ili Boschova rje\u0161enja za prikupljanje pra\u0161ine. Jednostavno manevriranje i zakretanje pod 360 stupnjeva<\/li>\n<li><strong><span class=\"description-list__item-content-headline\">Kompatibilan s vodilicama:<\/span>\u00a0<\/strong>Kompatibilan s prvoklasnom vodilicom BOSCH FSN i drugim sustavima<\/li>\n<li><strong><span class=\"description-list__item-content-headline\">Prilagodljive postavke:<\/span><\/strong> Od brzine i odabira na\u010dina rada do prikaza razine napunjenosti akumulatora i statusa ure\u0111aja.<\/li>\n<\/ol>\n<hr \/>\n<h5><strong>Tehni\u010dke specifikacije:<\/strong><\/h5>\n<ul>\n<li><strong>Napon akumulatora:<\/strong> 18.0 V<\/li>\n<li><strong>Promjer lista pile:<\/strong> 140 mm<\/li>\n<li><strong>Promjer provrta lista pile:<\/strong> 20 mm<\/li>\n<li><strong>Broj okretaja u praznom hodu:<\/strong> 2.800 \u2013 5.500 min\u207b\u00b9<\/li>\n<li><strong>Dubina rezanja bez vodilice (90\u00b0):<\/strong> 52 mm<\/li>\n<li><strong>Dubina rezanja s vodilicom (90\u00b0):<\/strong> 46 mm<\/li>\n<li><strong>Dubina rezanja bez vodilice (45\u00b0):<\/strong> 32 mm<\/li>\n<li><strong>Dubina rezanja s vodilicom (45\u00b0):<\/strong> 26 mm<\/li>\n<li><strong>Kut nagiba:<\/strong> -1\u00b0 do 47\u00b0<\/li>\n<li><strong>Dimenzije vodilice:<\/strong> 305 x 169 mm<\/li>\n<li><strong>Te\u017eina bez akumulatora:<\/strong> 4.1 kg<\/li>\n<li><strong>BITURBO:<\/strong> Da<\/li>\n<\/ul>\n<h5><strong>Obim isporuke:<\/strong><\/h5>\n<ul>\n<li>List kru\u017ene pile Expert for Wood (140 x 1.8\/1.3 x 20 mm, 42 zuba)<\/li>\n<li>L-BOXX 238<\/li>\n<li>Vre\u0107ica za pra\u0161inu<\/li>\n<\/ul>\n<h5><strong>Napomena:<\/strong><\/h5>\n<p>Ure\u0111aj se isporu\u010duje kao <strong>solo verzija<\/strong>, bez baterije i punja\u010da. Kompatibilan je sa svim Bosch Professional 18 V akumulatorima i AMPShare sistemom.<\/p>\n<h5><strong>Pogodno za:<\/strong><\/h5>\n<ul>\n<li>Uranjaju\u0107e rezanje u drvu i plo\u010dastim materijalima<\/li>\n<li>Rezanje kompozitnih materijala<\/li>\n<li>Rezanje aluminija i akrilnog stakla<\/li>\n<li>Precizno rezanje uz vodilice<\/li>\n<li>Radove u stolarskim i monta\u017enim radionicama<\/li>\n<\/ul>\n<h5><strong>Dodatne informacije:<\/strong><\/h5>\n<p><span style=\"text-decoration: underline\"><a href=\"https:\/\/www.bosch-professional.com\/hr\/hr\/products\/exkt18v-52g-06016B4100\">Sve dodatne informacije su dostupne na Bosch web stranici, klikom na ovaj tekst.<\/a><\/span><\/p>\n<p><a href=\"https:\/\/www.youtube.com\/watch?v=d9FTkj_7DEg\"><span style=\"text-decoration: underline\">Link video opisa i demonstracije artikla.<\/span><\/a><\/p>\n<p><em>Bosch \u0161ifra artikla: 0 601 6B4 100\u00a0<\/em><\/p>\n<p><em>EAN: 4053423504651<\/em><\/p>\n<p><em>SKU: 734369<\/em><\/p>\n","protected":false},"excerpt":{"rendered":"<p>Bosch EXPERT linija predstavlja vrhunsku klasu Bosch alata i pribora razvijenu za profesionalnu upotrebu i najzahtjevnije zadatke. Zahvaljuju\u0107i naprednim tehnologijama,<\/p>\n","protected":false},"featured_media":42894,"comment_status":"open","ping_status":"closed","template":"","meta":[],"product_brand":[1480],"product_cat":[707],"product_tag":[1481],"class_list":{"0":"post-42893","1":"product","2":"type-product","3":"status-publish","4":"has-post-thumbnail","6":"product_brand-bosch","7":"product_cat-aku-rucne-kruzne-pile-cirkulari","8":"product_tag-bosch-expert","10":"first","11":"instock","12":"sale","13":"shipping-taxable","14":"purchasable","15":"product-type-simple"},"wooqr_code":"","_links":{"self":[{"href":"https:\/\/www.gkboje.ba\/en\/wp-json\/wp\/v2\/product\/42893","targetHints":{"allow":["GET"]}}],"collection":[{"href":"https:\/\/www.gkboje.ba\/en\/wp-json\/wp\/v2\/product"}],"about":[{"href":"https:\/\/www.gkboje.ba\/en\/wp-json\/wp\/v2\/types\/product"}],"replies":[{"embeddable":true,"href":"https:\/\/www.gkboje.ba\/en\/wp-json\/wp\/v2\/comments?post=42893"}],"version-history":[{"count":4,"href":"https:\/\/www.gkboje.ba\/en\/wp-json\/wp\/v2\/product\/42893\/revisions"}],"predecessor-version":[{"id":43017,"href":"https:\/\/www.gkboje.ba\/en\/wp-json\/wp\/v2\/product\/42893\/revisions\/43017"}],"wp:featuredmedia":[{"embeddable":true,"href":"https:\/\/www.gkboje.ba\/en\/wp-json\/wp\/v2\/media\/42894"}],"wp:attachment":[{"href":"https:\/\/www.gkboje.ba\/en\/wp-json\/wp\/v2\/media?parent=42893"}],"wp:term":[{"taxonomy":"product_brand","embeddable":true,"href":"https:\/\/www.gkboje.ba\/en\/wp-json\/wp\/v2\/product_brand?post=42893"},{"taxonomy":"product_cat","embeddable":true,"href":"https:\/\/www.gkboje.ba\/en\/wp-json\/wp\/v2\/product_cat?post=42893"},{"taxonomy":"product_tag","embeddable":true,"href":"https:\/\/www.gkboje.ba\/en\/wp-json\/wp\/v2\/product_tag?post=42893"}],"curies":[{"name":"wp","href":"https:\/\/api.w.org\/{rel}","templated":true}]}}