{"id":42878,"date":"2026-03-08T20:33:20","date_gmt":"2026-03-08T19:33:20","guid":{"rendered":"https:\/\/www.gkboje.ba\/?post_type=product&#038;p=42878"},"modified":"2026-03-14T18:40:03","modified_gmt":"2026-03-14T17:40:03","slug":"bosch-expert-ugaona-kutna-brusilica-exws30-230pb-230-mm-2800-w","status":"publish","type":"product","link":"https:\/\/www.gkboje.ba\/en\/proizvod\/bosch-expert-ugaona-kutna-brusilica-exws30-230pb-230-mm-2800-w\/","title":{"rendered":"BOSCH Expert Ugaona &#8211; kutna brusilica EXWS30-230PB &#8211; 230 mm \/ 2800 W"},"content":{"rendered":"<p><a href=\"https:\/\/www.gkboje.ba\/oznaka-proizvoda\/bosch-expert\/\"><img decoding=\"async\" class=\" wd-lazy-fade size-large wp-image-42703 aligncenter\" src=\"https:\/\/www.gkboje.ba\/wp-content\/themes\/woodmart\/images\/lazy.svg\" data-src=\"https:\/\/www.gkboje.ba\/wp-content\/uploads\/2026\/03\/bosch-expert-garancija-1024x178.webp\" alt=\"\" width=\"1024\" height=\"178\" srcset=\"\" data-srcset=\"https:\/\/www.gkboje.ba\/wp-content\/uploads\/2026\/03\/bosch-expert-garancija-1024x178.webp 1024w, https:\/\/www.gkboje.ba\/wp-content\/uploads\/2026\/03\/bosch-expert-garancija-300x52.webp 300w, https:\/\/www.gkboje.ba\/wp-content\/uploads\/2026\/03\/bosch-expert-garancija-768x134.webp 768w, https:\/\/www.gkboje.ba\/wp-content\/uploads\/2026\/03\/bosch-expert-garancija-600x104.webp 600w, https:\/\/www.gkboje.ba\/wp-content\/uploads\/2026\/03\/bosch-expert-garancija-150x26.webp 150w, https:\/\/www.gkboje.ba\/wp-content\/uploads\/2026\/03\/bosch-expert-garancija.webp 1202w\" sizes=\"(max-width: 1024px) 100vw, 1024px\" \/><\/a><\/p>\n<p><strong>Bosch EXPERT<\/strong> linija predstavlja vrhunsku klasu Bosch alata i pribora razvijenu za profesionalnu upotrebu i najzahtjevnije zadatke. Zahvaljuju\u0107i naprednim tehnologijama, inovativnim materijalima i dugogodi\u0161njem Bosch iskustvu, EXPERT alati pru\u017eaju maksimalne performanse, izuzetnu izdr\u017eljivost i pouzdan rad u svakodnevnoj profesionalnoj upotrebi. <a href=\"https:\/\/www.gkboje.ba\/oznaka-proizvoda\/bosch-expert\/\"><span style=\"text-decoration: underline\">Kompletan asortiman EXPERT ure\u0111aja mo\u017eete pogledati klikom na ovaj tekst<\/span>.<\/a><\/p>\n<hr \/>\n<p><strong>Bosch EXPERT EXWS30-230PB<\/strong> je sna\u017ena profesionalna kutna brusilica namijenjena zahtjevnim industrijskim primjenama gdje je potrebna maksimalna snaga i izdr\u017eljivost. Opremljena motorom bez \u010detkica snage <strong>2800 W<\/strong>, ova brusilica omogu\u0107ava izuzetno brzo uklanjanje materijala i do <strong>40% vi\u0161e snage<\/strong> u odnosu na model GWS 20-230 J Professional.<\/p>\n<p>Motor bez \u010detkica osigurava dug vijek trajanja i smanjuje potrebu za odr\u017eavanjem jer nema potro\u0161nih dijelova poput ugljenih \u010detkica. Elektroni\u010dka ko\u010dnica zaustavlja plo\u010du za manje od 3 sekunde, \u010dime se pove\u0107ava sigurnost pri radu. Uz to, KickBack Control i prekida\u010d PROtection dodatno \u0161tite korisnika u slu\u010daju zaglavljivanja plo\u010de ili gubitka kontrole nad alatom. Integrirani sistem kontrole vibracija smanjuje vibracije i umor tokom dugotrajnog rada.<\/p>\n<hr \/>\n<h5><img decoding=\"async\" class=\" wd-lazy-fade wp-image-42879 size-full alignright\" src=\"https:\/\/www.gkboje.ba\/wp-content\/themes\/woodmart\/images\/lazy.svg\" data-src=\"https:\/\/www.gkboje.ba\/wp-content\/uploads\/2026\/03\/bosch-expert-ugaona-kutna-brusilica-exws30-230pb-spider.webp\" alt=\"\" width=\"1000\" height=\"1000\" srcset=\"\" data-srcset=\"https:\/\/www.gkboje.ba\/wp-content\/uploads\/2026\/03\/bosch-expert-ugaona-kutna-brusilica-exws30-230pb-spider.webp 1000w, https:\/\/www.gkboje.ba\/wp-content\/uploads\/2026\/03\/bosch-expert-ugaona-kutna-brusilica-exws30-230pb-spider-300x300.webp 300w, https:\/\/www.gkboje.ba\/wp-content\/uploads\/2026\/03\/bosch-expert-ugaona-kutna-brusilica-exws30-230pb-spider-150x150.webp 150w, https:\/\/www.gkboje.ba\/wp-content\/uploads\/2026\/03\/bosch-expert-ugaona-kutna-brusilica-exws30-230pb-spider-768x768.webp 768w, https:\/\/www.gkboje.ba\/wp-content\/uploads\/2026\/03\/bosch-expert-ugaona-kutna-brusilica-exws30-230pb-spider-600x600.webp 600w, https:\/\/www.gkboje.ba\/wp-content\/uploads\/2026\/03\/bosch-expert-ugaona-kutna-brusilica-exws30-230pb-spider-50x50.webp 50w, https:\/\/www.gkboje.ba\/wp-content\/uploads\/2026\/03\/bosch-expert-ugaona-kutna-brusilica-exws30-230pb-spider-100x100.webp 100w\" sizes=\"(max-width: 1000px) 100vw, 1000px\" \/><\/h5>\n<ol>\n<li style=\"text-align: left\"><strong><span class=\"description-list__item-content-headline\">Vrlo brzo uklanjanje materijala:<\/span>\u00a0<\/strong>snaga od 2800\u00a0W jam\u010di brzo i u\u010dinkovito bru\u0161enje<\/li>\n<li style=\"text-align: left\"><strong><span class=\"description-list__item-content-headline\">Motor bez \u010detkica:<\/span><\/strong>\u00a0Motor bez \u010detkica vrhunskih performansi koji jam\u010di manje zastoja pri radu<\/li>\n<li style=\"text-align: left\"><span class=\"description-list__item-content-headline\"><strong>Napredna razina za\u0161tite:<\/strong><\/span><strong>\u00a0<\/strong>Elektroni\u010dka ko\u010dnica zaustavlja plo\u010du za manje od 3 sekunde<\/li>\n<li style=\"text-align: left\"><strong><span class=\"description-list__item-content-headline\">Ugra\u0111eni sustav kontrole vibracija:<\/span><\/strong>\u00a0Patentiran i ugra\u0111en sustav kontrole vibracija smanjuje \u0161tetne vibracije o opasnost od ozljeda<\/li>\n<li><strong><span class=\"description-list__item-content-headline\">KickBack Control:<\/span>\u00a0<\/strong>Smanjuje opasnost od ozljeda jer zaustavlja motor kad se bu\u0161ilica zaglavi<\/li>\n<li><strong><span class=\"description-list__item-content-headline\">Prekida\u010d:<\/span> <\/strong>PROtection prekida\u010d<\/li>\n<\/ol>\n<hr \/>\n<h5><strong>Tehni\u010dke specifikacije:<\/strong><\/h5>\n<ul>\n<li><strong>Nazivna ulazna snaga:<\/strong> 2800 W<\/li>\n<li><strong>Broj okretaja u praznom hodu:<\/strong> 6.500 min\u207b\u00b9<\/li>\n<li><strong>Promjer plo\u010de:<\/strong> 230 mm<\/li>\n<li><strong>Dubina rezanja:<\/strong> 59 mm<\/li>\n<li><strong>Navoj brusnog vretena:<\/strong> M14<\/li>\n<li><strong>Promjer provrta:<\/strong> 22.23 mm<\/li>\n<li><strong>Promjer lon\u010daste \u010detke:<\/strong> 100 mm<\/li>\n<li><strong>Dimenzije alata (\u0160 x D x V):<\/strong> 110 x 530 x 150 mm<\/li>\n<li><strong>Te\u017eina:<\/strong> 6.0 kg<\/li>\n<li><strong>Prekida\u010d:<\/strong> PROtection prekida\u010d<\/li>\n<\/ul>\n<h5><strong>Obim isporuke:<\/strong><\/h5>\n<ul>\n<li>Brzo podesivi \u0161titnik<\/li>\n<li>Dodatna ru\u010dka Vibration Control<\/li>\n<li>Matica<\/li>\n<li>Metalna za\u0161tita za rezanje na zakva\u010divanje<\/li>\n<li>\u010ceoni klju\u010d sa zatikom<\/li>\n<\/ul>\n<h5><strong>Pogodno za:<\/strong><\/h5>\n<ul>\n<li>Rezanje i bru\u0161enje metala<\/li>\n<li>Rezanje plo\u010dica i gra\u0111evinskih materijala<\/li>\n<li>Radove u metalnoj industriji i gra\u0111evinarstvu<\/li>\n<li>Zahtjevne industrijske primjene<\/li>\n<\/ul>\n<h5><strong>Dodatne informacije:<\/strong><\/h5>\n<p><span style=\"text-decoration: underline\"><a href=\"https:\/\/www.bosch-professional.com\/hr\/hr\/products\/exws30-230pb-06018G1101\">Sve dodatne informacije su dostupne na Bosch web stranici, klikom na ovaj tekst.<\/a><\/span><\/p>\n<p><a href=\"https:\/\/www.youtube.com\/watch?v=39DkifQOCTw\"><span style=\"text-decoration: underline\">Link video opisa i demonstracije artikla.<\/span><\/a><\/p>\n<p><em>Bosch \u0161ifra artikla: 0 601 8G1 101\u00a0<\/em><\/p>\n<p><em>EAN: 4053423351132<\/em><\/p>\n<p><em>SKU: 734368<\/em><\/p>\n","protected":false},"excerpt":{"rendered":"<p>Bosch EXPERT linija predstavlja vrhunsku klasu Bosch alata i pribora razvijenu za profesionalnu upotrebu i najzahtjevnije zadatke. Zahvaljuju\u0107i naprednim tehnologijama,<\/p>\n","protected":false},"featured_media":42880,"comment_status":"open","ping_status":"closed","template":"","meta":[],"product_brand":[1480],"product_cat":[702],"product_tag":[1481],"class_list":{"0":"post-42878","1":"product","2":"type-product","3":"status-publish","4":"has-post-thumbnail","6":"product_brand-bosch","7":"product_cat-ugaone-kutne-brusilice","8":"product_tag-bosch-expert","10":"first","11":"instock","12":"sale","13":"shipping-taxable","14":"purchasable","15":"product-type-simple"},"wooqr_code":"","_links":{"self":[{"href":"https:\/\/www.gkboje.ba\/en\/wp-json\/wp\/v2\/product\/42878","targetHints":{"allow":["GET"]}}],"collection":[{"href":"https:\/\/www.gkboje.ba\/en\/wp-json\/wp\/v2\/product"}],"about":[{"href":"https:\/\/www.gkboje.ba\/en\/wp-json\/wp\/v2\/types\/product"}],"replies":[{"embeddable":true,"href":"https:\/\/www.gkboje.ba\/en\/wp-json\/wp\/v2\/comments?post=42878"}],"version-history":[{"count":2,"href":"https:\/\/www.gkboje.ba\/en\/wp-json\/wp\/v2\/product\/42878\/revisions"}],"predecessor-version":[{"id":43019,"href":"https:\/\/www.gkboje.ba\/en\/wp-json\/wp\/v2\/product\/42878\/revisions\/43019"}],"wp:featuredmedia":[{"embeddable":true,"href":"https:\/\/www.gkboje.ba\/en\/wp-json\/wp\/v2\/media\/42880"}],"wp:attachment":[{"href":"https:\/\/www.gkboje.ba\/en\/wp-json\/wp\/v2\/media?parent=42878"}],"wp:term":[{"taxonomy":"product_brand","embeddable":true,"href":"https:\/\/www.gkboje.ba\/en\/wp-json\/wp\/v2\/product_brand?post=42878"},{"taxonomy":"product_cat","embeddable":true,"href":"https:\/\/www.gkboje.ba\/en\/wp-json\/wp\/v2\/product_cat?post=42878"},{"taxonomy":"product_tag","embeddable":true,"href":"https:\/\/www.gkboje.ba\/en\/wp-json\/wp\/v2\/product_tag?post=42878"}],"curies":[{"name":"wp","href":"https:\/\/api.w.org\/{rel}","templated":true}]}}