{"id":42849,"date":"2026-03-08T19:42:36","date_gmt":"2026-03-08T18:42:36","guid":{"rendered":"https:\/\/www.gkboje.ba\/?post_type=product&#038;p=42849"},"modified":"2026-03-14T18:43:06","modified_gmt":"2026-03-14T17:43:06","slug":"bosch-expert-ugaona-kutna-brusilica-exws20-125sb-125-mm-2000-w","status":"publish","type":"product","link":"https:\/\/www.gkboje.ba\/en\/proizvod\/bosch-expert-ugaona-kutna-brusilica-exws20-125sb-125-mm-2000-w\/","title":{"rendered":"BOSCH Expert Ugaona &#8211; kutna brusilica EXWS20-125SB &#8211; 125 mm \/ 2000 W"},"content":{"rendered":"<p><a href=\"https:\/\/www.gkboje.ba\/oznaka-proizvoda\/bosch-expert\/\"><img decoding=\"async\" class=\" wd-lazy-fade size-large wp-image-42703 aligncenter\" src=\"https:\/\/www.gkboje.ba\/wp-content\/themes\/woodmart\/images\/lazy.svg\" data-src=\"https:\/\/www.gkboje.ba\/wp-content\/uploads\/2026\/03\/bosch-expert-garancija-1024x178.webp\" alt=\"\" width=\"1024\" height=\"178\" srcset=\"\" data-srcset=\"https:\/\/www.gkboje.ba\/wp-content\/uploads\/2026\/03\/bosch-expert-garancija-1024x178.webp 1024w, https:\/\/www.gkboje.ba\/wp-content\/uploads\/2026\/03\/bosch-expert-garancija-300x52.webp 300w, https:\/\/www.gkboje.ba\/wp-content\/uploads\/2026\/03\/bosch-expert-garancija-768x134.webp 768w, https:\/\/www.gkboje.ba\/wp-content\/uploads\/2026\/03\/bosch-expert-garancija-600x104.webp 600w, https:\/\/www.gkboje.ba\/wp-content\/uploads\/2026\/03\/bosch-expert-garancija-150x26.webp 150w, https:\/\/www.gkboje.ba\/wp-content\/uploads\/2026\/03\/bosch-expert-garancija.webp 1202w\" sizes=\"(max-width: 1024px) 100vw, 1024px\" \/><\/a><\/p>\n<p><strong>Bosch EXPERT<\/strong> linija predstavlja vrhunsku klasu Bosch alata i pribora razvijenu za profesionalnu upotrebu i najzahtjevnije zadatke. Zahvaljuju\u0107i naprednim tehnologijama, inovativnim materijalima i dugogodi\u0161njem Bosch iskustvu, EXPERT alati pru\u017eaju maksimalne performanse, izuzetnu izdr\u017eljivost i pouzdan rad u svakodnevnoj profesionalnoj upotrebi. <a href=\"https:\/\/www.gkboje.ba\/oznaka-proizvoda\/bosch-expert\/\"><span style=\"text-decoration: underline\">Kompletan asortiman EXPERT ure\u0111aja mo\u017eete pogledati klikom na ovaj tekst<\/span>.<\/a><\/p>\n<hr \/>\n<p><strong>Bosch EXPERT EXWS20-125SB<\/strong> je sna\u017ena profesionalna kutna brusilica razvijena za zahtjevne industrijske primjene. Sa sna\u017enim motorom od <strong>2.000 W<\/strong> i naprednim motorom bez \u010detkica, ovaj alat pru\u017ea visoku u\u010dinkovitost, dug vijek trajanja i pouzdan rad \u010dak i u najte\u017eim radnim uvjetima. Zahvaljuju\u0107i velikoj snazi i robusnoj konstrukciji, idealan je za bru\u0161enje, rezanje i obradu metala u profesionalnim radionicama i na gradili\u0161tima.<\/p>\n<p>Motor bez \u010detkica smanjuje potrebu za odr\u017eavanjem i pove\u0107ava trajnost alata, dok kompaktna ergonomija s najmanjom ru\u010dkom u svojoj klasi omogu\u0107ava udoban i siguran rad. Brusilica je opremljena naprednim sigurnosnim funkcijama poput <strong>KickBack Control<\/strong>, <strong>Drop Control<\/strong>, za\u0161tite od ponovnog pokretanja i za\u0161tite od preoptere\u0107enja. Meki start i ko\u010dioni sustav dodatno pove\u0107avaju sigurnost i kontrolu pri radu. LED indikator prikazuje status alata, dok pobolj\u0161ano hla\u0111enje i nadzor temperature osiguravaju stabilan rad i dug vijek trajanja.<\/p>\n<div style=\"width: 1920px;\" class=\"wp-video\"><video class=\"wp-video-shortcode\" id=\"video-42849-1\" width=\"1920\" height=\"1080\" preload=\"metadata\" controls=\"controls\"><source type=\"video\/mp4\" src=\"https:\/\/www.gkboje.ba\/wp-content\/uploads\/2026\/03\/bosch-expert-ugaona-kutna-brusilica-exws20-125sb-360.mp4?_=1\" \/><a href=\"https:\/\/www.gkboje.ba\/wp-content\/uploads\/2026\/03\/bosch-expert-ugaona-kutna-brusilica-exws20-125sb-360.mp4\">https:\/\/www.gkboje.ba\/wp-content\/uploads\/2026\/03\/bosch-expert-ugaona-kutna-brusilica-exws20-125sb-360.mp4<\/a><\/video><\/div>\n<hr \/>\n<h5><img decoding=\"async\" class=\" wd-lazy-fade wp-image-42865 size-full alignright\" src=\"https:\/\/www.gkboje.ba\/wp-content\/themes\/woodmart\/images\/lazy.svg\" data-src=\"https:\/\/www.gkboje.ba\/wp-content\/uploads\/2026\/03\/bosch-expert-ugaona-kutna-brusilica-exws20-125sb-spidera.webp\" alt=\"\" width=\"1000\" height=\"1000\" srcset=\"\" data-srcset=\"https:\/\/www.gkboje.ba\/wp-content\/uploads\/2026\/03\/bosch-expert-ugaona-kutna-brusilica-exws20-125sb-spidera.webp 1000w, https:\/\/www.gkboje.ba\/wp-content\/uploads\/2026\/03\/bosch-expert-ugaona-kutna-brusilica-exws20-125sb-spidera-300x300.webp 300w, https:\/\/www.gkboje.ba\/wp-content\/uploads\/2026\/03\/bosch-expert-ugaona-kutna-brusilica-exws20-125sb-spidera-150x150.webp 150w, https:\/\/www.gkboje.ba\/wp-content\/uploads\/2026\/03\/bosch-expert-ugaona-kutna-brusilica-exws20-125sb-spidera-768x768.webp 768w, https:\/\/www.gkboje.ba\/wp-content\/uploads\/2026\/03\/bosch-expert-ugaona-kutna-brusilica-exws20-125sb-spidera-600x600.webp 600w, https:\/\/www.gkboje.ba\/wp-content\/uploads\/2026\/03\/bosch-expert-ugaona-kutna-brusilica-exws20-125sb-spidera-50x50.webp 50w, https:\/\/www.gkboje.ba\/wp-content\/uploads\/2026\/03\/bosch-expert-ugaona-kutna-brusilica-exws20-125sb-spidera-100x100.webp 100w\" sizes=\"(max-width: 1000px) 100vw, 1000px\" \/><\/h5>\n<ol>\n<li style=\"text-align: left\"><strong><span class=\"description-list__item-content-headline\">Maksimalna industrijska snaga:<\/span><\/strong>\u00a0sa snagom od 2000\u00a0W<\/li>\n<li style=\"text-align: left\"><strong><span class=\"description-list__item-content-headline\">Motor bez \u010detkica:<\/span><\/strong>\u00a0Dulji vijek trajanja i dulja razdoblja izme\u0111u odr\u017eavanja<\/li>\n<li style=\"text-align: left\"><strong><span class=\"description-list__item-content-headline\">Vrhunska ergonomija:<\/span><\/strong>\u00a0Najmanja veli\u010dina ru\u010dke u najvi\u0161oj klasi snage za male kutne brusilice<\/li>\n<li style=\"text-align: left\"><strong><span class=\"description-list__item-content-headline\">Napredna razina za\u0161tite:<\/span><\/strong>\u00a0Funkcija KickBack Control (koja se mo\u017ee uklju\u010diti ili isklju\u010diti) smanjuje opasnost od ozljeda kad se plo\u010da zaglavi<\/li>\n<li><strong><span class=\"description-list__item-content-headline\">LED indikator:<\/span>\u00a0<\/strong>Boja i status LED lampice prikazuju uvjete alata za optimalan rad<\/li>\n<li><strong><span class=\"description-list__item-content-headline\">Otpornost:<\/span>\u00a0<\/strong>Direktno hla\u0111enje i nadzor temperature<\/li>\n<\/ol>\n<hr \/>\n<h5><strong>Tehni\u010dke specifikacije:<\/strong><\/h5>\n<ul>\n<li><strong>Nazivna ulazna snaga:<\/strong> 2000 W<\/li>\n<li><strong>Predana snaga:<\/strong> 1400 W<\/li>\n<li><strong>Broj okretaja u praznom hodu:<\/strong> 2.800 \u2013 10.500 min\u207b\u00b9<\/li>\n<li><strong>Promjer plo\u010de:<\/strong> 125 mm<\/li>\n<li><strong>Promjer brusnog lonca:<\/strong> 125 mm<\/li>\n<li><strong>Promjer provrta:<\/strong> 22.2 mm<\/li>\n<li><strong>Navoj brusnog vretena:<\/strong> M14<\/li>\n<li><strong>Dimenzije alata (\u0160 x D x V):<\/strong> 148 x 392 x 141 mm<\/li>\n<li><strong>Te\u017eina:<\/strong> 2.4 kg<\/li>\n<li><strong>Prekida\u010d:<\/strong> Prekida\u010d s mogu\u0107no\u0161\u0107u zabravljenja<\/li>\n<\/ul>\n<h5><strong>Obim isporuke:<\/strong><\/h5>\n<ul>\n<li>Dodatna ru\u010dka Vibration Control<\/li>\n<li>SDS matica<\/li>\n<li>Matica za pri\u010dvr\u0161\u0107ivanje<\/li>\n<li>\u010ceoni klju\u010d sa zatikom<\/li>\n<\/ul>\n<h5><strong>Pogodno za:<\/strong><\/h5>\n<ul>\n<li>Rezanje i bru\u0161enje metala<\/li>\n<li>Bru\u0161enje lijevanog \u017eeljeza<\/li>\n<li>Obradu zavarenih spojeva<\/li>\n<li>Uklanjanje srha i povr\u0161inskih nepravilnosti<\/li>\n<li>Industrijske i profesionalne primjene u metalnoj industriji<\/li>\n<\/ul>\n<h5><strong>Dodatne informacije:<\/strong><\/h5>\n<p><span style=\"text-decoration: underline\"><a href=\"https:\/\/www.bosch-professional.com\/hr\/hr\/products\/exws20-125sb-06017D5000\">Sve dodatne informacije su dostupne na Bosch web stranici, klikom na ovaj tekst.<\/a><\/span><\/p>\n<p><a href=\"https:\/\/www.youtube.com\/watch?v=_MStOb7Hnas\"><span style=\"text-decoration: underline\">Link video opisa i demonstracije artikla.<\/span><\/a><\/p>\n<p><em>Bosch \u0161ifra artikla: 0 601 7D5 000\u00a0<\/em><\/p>\n<p><em>EAN: 4053423303018<\/em><\/p>\n<p><em>SKU: 734367<\/em><\/p>\n","protected":false},"excerpt":{"rendered":"<p>Bosch EXPERT linija predstavlja vrhunsku klasu Bosch alata i pribora razvijenu za profesionalnu upotrebu i najzahtjevnije zadatke. Zahvaljuju\u0107i naprednim tehnologijama,<\/p>\n","protected":false},"featured_media":42850,"comment_status":"open","ping_status":"closed","template":"","meta":[],"product_brand":[1480],"product_cat":[702],"product_tag":[1481],"class_list":{"0":"post-42849","1":"product","2":"type-product","3":"status-publish","4":"has-post-thumbnail","6":"product_brand-bosch","7":"product_cat-ugaone-kutne-brusilice","8":"product_tag-bosch-expert","10":"first","11":"instock","12":"sale","13":"shipping-taxable","14":"purchasable","15":"product-type-simple"},"wooqr_code":"","_links":{"self":[{"href":"https:\/\/www.gkboje.ba\/en\/wp-json\/wp\/v2\/product\/42849","targetHints":{"allow":["GET"]}}],"collection":[{"href":"https:\/\/www.gkboje.ba\/en\/wp-json\/wp\/v2\/product"}],"about":[{"href":"https:\/\/www.gkboje.ba\/en\/wp-json\/wp\/v2\/types\/product"}],"replies":[{"embeddable":true,"href":"https:\/\/www.gkboje.ba\/en\/wp-json\/wp\/v2\/comments?post=42849"}],"version-history":[{"count":3,"href":"https:\/\/www.gkboje.ba\/en\/wp-json\/wp\/v2\/product\/42849\/revisions"}],"predecessor-version":[{"id":43020,"href":"https:\/\/www.gkboje.ba\/en\/wp-json\/wp\/v2\/product\/42849\/revisions\/43020"}],"wp:featuredmedia":[{"embeddable":true,"href":"https:\/\/www.gkboje.ba\/en\/wp-json\/wp\/v2\/media\/42850"}],"wp:attachment":[{"href":"https:\/\/www.gkboje.ba\/en\/wp-json\/wp\/v2\/media?parent=42849"}],"wp:term":[{"taxonomy":"product_brand","embeddable":true,"href":"https:\/\/www.gkboje.ba\/en\/wp-json\/wp\/v2\/product_brand?post=42849"},{"taxonomy":"product_cat","embeddable":true,"href":"https:\/\/www.gkboje.ba\/en\/wp-json\/wp\/v2\/product_cat?post=42849"},{"taxonomy":"product_tag","embeddable":true,"href":"https:\/\/www.gkboje.ba\/en\/wp-json\/wp\/v2\/product_tag?post=42849"}],"curies":[{"name":"wp","href":"https:\/\/api.w.org\/{rel}","templated":true}]}}