{"id":42204,"date":"2026-02-15T01:33:59","date_gmt":"2026-02-15T00:33:59","guid":{"rendered":"https:\/\/www.gkboje.ba\/?post_type=product&#038;p=42204"},"modified":"2026-03-13T23:54:19","modified_gmt":"2026-03-13T22:54:19","slug":"bosch-aku-trimer-za-travu-baterija-i-punjac-universalgrasscut-18v-26-500-home-garden","status":"publish","type":"product","link":"https:\/\/www.gkboje.ba\/en\/proizvod\/bosch-aku-trimer-za-travu-baterija-i-punjac-universalgrasscut-18v-26-500-home-garden\/","title":{"rendered":"BOSCH Aku trimer za travu + baterija i punja\u010d UniversalGrassCut 18V-26-500 | Home &amp; Garden"},"content":{"rendered":"<p><strong>Bosch UniversalGrassCut 18V-26-500 (SET)<\/strong> je akumulatorski trimer namijenjen fleksibilnom i udobnom podrezivanju trave i korova u malim do srednjim vrtovima. Zahvaljuju\u0107i ergonomskom dizajnu i teleskopskoj dr\u0161ci podesivoj po visini, omogu\u0107ava pravilan polo\u017eaj tijela i ugodan rad za razli\u010dite korisnike.<\/p>\n<p>Funkcija EdgeSimple omogu\u0107ava brzo prebacivanje sa \u0161i\u0161anja na obrezivanje jednostavnim pritiskom dugmeta i zakretanjem ru\u010dke. Nagibna glava olak\u0161ava precizno rezanje ispod klupa, grmlja i na te\u0161ko dostupnim mjestima. Poluautomatski sistem namotavanja niti uklanja potrebu za ru\u010dnim pode\u0161avanjem, jer se nit automatski produ\u017eava pri svakom otpu\u0161tanju okida\u010da. Alat je dio 18V POWER FOR ALL ALLIANCE sistema \u2013 jedan akumulator kompatibilan je s vi\u0161e od 150 ure\u0111aja razli\u010ditih brendova.<\/p>\n<h5><strong>Klju\u010dne karakteristike:<\/strong><\/h5>\n<ul>\n<li>Teleskopska dr\u0161ka s pode\u0161avanjem visine do 30 cm<\/li>\n<li>EdgeSimple funkcija za brzo prebacivanje na obrezivanje<\/li>\n<li>Nagibna glava za precizno rezanje na te\u0161ko dostupnim mjestima<\/li>\n<li>Poluautomatski sistem namotavanja niti<\/li>\n<li>Promjer rezanja 26 cm<\/li>\n<li>Kompatibilan s 18V POWER FOR ALL ALLIANCE akumulatorima<\/li>\n<\/ul>\n<h5><strong>Tehni\u010dke specifikacije:<\/strong><\/h5>\n<ul>\n<li><strong>Napon akumulatora:<\/strong> 18.0 V<\/li>\n<li><strong>Kompatibilnost akumulatora:<\/strong> 18V POWER FOR ALL ALLIANCE<\/li>\n<li><strong>Preporu\u010deni kapacitet akumulatora:<\/strong> \u2265 2.0 Ah<\/li>\n<li><strong>Vrijeme punjenja akumulatora:<\/strong> 1.10 h<\/li>\n<li><strong>Sistem rezanja niti:<\/strong> poluautomatski<\/li>\n<li><strong>Promjer rezanja:<\/strong> 26 cm<\/li>\n<li><strong>Debljina niti:<\/strong> 1.6 mm<\/li>\n<li><strong>Du\u017eina niti u kalemu:<\/strong> 4 m<\/li>\n<li><strong>Broj okretaja u praznom hodu:<\/strong> 8500 min-1<\/li>\n<li><strong>Pode\u0161avanje visine:<\/strong> 30 cm<\/li>\n<li><strong>Dimenzije (D \u00d7 \u0160 \u00d7 V):<\/strong> 1330 \u00d7 260 \u00d7 340 mm<\/li>\n<li><strong>Te\u017eina:<\/strong> 2.4 kg<\/li>\n<li><strong>Te\u017eina bez akumulatora:<\/strong> 2.0 kg<\/li>\n<\/ul>\n<h5><strong>Napomena:<\/strong><\/h5>\n<p>Uklju\u010deno u paket: PBA 18V 2.0Ah baterija i punja\u010d.<\/p>\n<h5><strong>Dodatne informacije:<\/strong><\/h5>\n<p><span style=\"text-decoration: underline\"><a href=\"https:\/\/www.bosch-diy.com\/hr\/hr\/p\/universalgrasscut-18v-26-500-06008c1f04\">Sve dodatne informacije su dostupne na Bosch web stranici, klikom na ovaj tekst.<\/a><\/span><\/p>\n<p><a href=\"https:\/\/www.youtube.com\/watch?v=-wmfSUzGw9w\">Link video opisa i demonstracije artikla.<\/a><\/p>\n<p><em>Bosch \u0161ifra artikla: 0 600 8C1 F04\u00a0<\/em><\/p>\n<p><em>EAN: 4059952668550<\/em><\/p>\n<p><em>SKU: 734090<\/em><\/p>\n","protected":false},"excerpt":{"rendered":"<p>Bosch UniversalGrassCut 18V-26-500 (SET) je akumulatorski trimer namijenjen fleksibilnom i udobnom podrezivanju trave i korova u malim do srednjim vrtovima.<\/p>\n","protected":false},"featured_media":42206,"comment_status":"open","ping_status":"closed","template":"","meta":[],"product_brand":[],"product_cat":[920],"product_tag":[1317,1483],"class_list":{"0":"post-42204","1":"product","2":"type-product","3":"status-publish","4":"has-post-thumbnail","6":"product_cat-trimeri-za-travu","7":"product_tag-bosch-diy-garden","8":"product_tag-izdvojene-ponude-trimeri","10":"first","11":"instock","12":"sale","13":"shipping-taxable","14":"purchasable","15":"product-type-simple"},"wooqr_code":"","_links":{"self":[{"href":"https:\/\/www.gkboje.ba\/en\/wp-json\/wp\/v2\/product\/42204","targetHints":{"allow":["GET"]}}],"collection":[{"href":"https:\/\/www.gkboje.ba\/en\/wp-json\/wp\/v2\/product"}],"about":[{"href":"https:\/\/www.gkboje.ba\/en\/wp-json\/wp\/v2\/types\/product"}],"replies":[{"embeddable":true,"href":"https:\/\/www.gkboje.ba\/en\/wp-json\/wp\/v2\/comments?post=42204"}],"version-history":[{"count":3,"href":"https:\/\/www.gkboje.ba\/en\/wp-json\/wp\/v2\/product\/42204\/revisions"}],"predecessor-version":[{"id":42209,"href":"https:\/\/www.gkboje.ba\/en\/wp-json\/wp\/v2\/product\/42204\/revisions\/42209"}],"wp:featuredmedia":[{"embeddable":true,"href":"https:\/\/www.gkboje.ba\/en\/wp-json\/wp\/v2\/media\/42206"}],"wp:attachment":[{"href":"https:\/\/www.gkboje.ba\/en\/wp-json\/wp\/v2\/media?parent=42204"}],"wp:term":[{"taxonomy":"product_brand","embeddable":true,"href":"https:\/\/www.gkboje.ba\/en\/wp-json\/wp\/v2\/product_brand?post=42204"},{"taxonomy":"product_cat","embeddable":true,"href":"https:\/\/www.gkboje.ba\/en\/wp-json\/wp\/v2\/product_cat?post=42204"},{"taxonomy":"product_tag","embeddable":true,"href":"https:\/\/www.gkboje.ba\/en\/wp-json\/wp\/v2\/product_tag?post=42204"}],"curies":[{"name":"wp","href":"https:\/\/api.w.org\/{rel}","templated":true}]}}