{"id":42156,"date":"2026-02-14T22:38:19","date_gmt":"2026-02-14T21:38:19","guid":{"rendered":"https:\/\/www.gkboje.ba\/?post_type=product&#038;p=42156"},"modified":"2026-04-04T11:50:43","modified_gmt":"2026-04-04T09:50:43","slug":"bosch-visokotlacni-perac-vap-easyaquatak-100-100-bar-1100-w-home-garden","status":"publish","type":"product","link":"https:\/\/www.gkboje.ba\/en\/proizvod\/bosch-visokotlacni-perac-vap-easyaquatak-100-100-bar-1100-w-home-garden\/","title":{"rendered":"BOSCH Visokotla\u010dni pera\u010d &#8211; VAP EasyAquatak 100 &#8211; 100 bar \/ 1100 W | Home &amp; Garden"},"content":{"rendered":"<p><strong>Bosch EasyAquatak 100 visokotla\u010dni pera\u010d<\/strong> je kompaktan i prakti\u010dan ure\u0111aj namijenjen za brzo i jednostavno vanjsko \u010di\u0161\u0107enje. Zahvaljuju\u0107i Bosch 360\u00b0 pi\u0161tolju, mlaz se mo\u017ee zakretati pod razli\u010ditim kutovima, \u0161to omogu\u0107ava u\u010dinkovito \u010di\u0161\u0107enje te\u0161ko dostupnih mjesta.<\/p>\n<p>Jednoru\u010dno upravljanje pru\u017ea ve\u0107u slobodu pri radu, dok se podesiva mlaznica mo\u017ee prilagoditi od sna\u017enog mlaza do nje\u017enog ispiranja, ovisno o zadatku. Visokotla\u010dna mlaznica za deterd\u017eent zapremine 450 ml omogu\u0107ava istovremeno nano\u0161enje sapunice tokom pranja. Sustav brzih push-fit spojnica osigurava jednostavno i brzo postavljanje, a kompaktne dimenzije olak\u0161avaju skladi\u0161tenje.<\/p>\n<h5><strong>Klju\u010dne karakteristike:<\/strong><\/h5>\n<ul>\n<li>Bosch 360\u00b0 visokotla\u010dni pi\u0161tolj za \u010di\u0161\u0107enje pod razli\u010ditim kutovima<\/li>\n<li>Jednoru\u010dno upravljanje za bolju kontrolu<\/li>\n<li>Podesiva mlaznica \u2013 od sna\u017enog mlaza do nje\u017enog ispiranja<\/li>\n<li>Visokotla\u010dna mlaznica za deterd\u017eent 450 ml<\/li>\n<li>Push-fit spojnice za brzo postavljanje<\/li>\n<li>Kompaktan dizajn za jednostavno skladi\u0161tenje<\/li>\n<\/ul>\n<h5><strong>Tehni\u010dke specifikacije:<\/strong><\/h5>\n<ul>\n<li><strong>Snaga motora:<\/strong> 1100 W<\/li>\n<li><strong>Maksimalni tlak:<\/strong> 100 bar<\/li>\n<li><strong>Maksimalni protok:<\/strong> 5.5 l\/min<\/li>\n<li><strong>Maksimalna temperatura vode:<\/strong> 40 \u00b0C<\/li>\n<li><strong>Mogu\u0107nost samostalnog dovoda vode:<\/strong> 0.5 m<\/li>\n<li><strong>Sustav deterd\u017eenta:<\/strong> visokotla\u010dna pjena<\/li>\n<li><strong>Tip motora:<\/strong> serija<\/li>\n<li><strong>Tip pumpe:<\/strong> 3 cilindra<\/li>\n<li><strong>Duljina kabela:<\/strong> 5 m<\/li>\n<li><strong>Duljina crijeva:<\/strong> 3 m<\/li>\n<li><strong>Vrsta crijeva:<\/strong> PVC<\/li>\n<li><strong>Bubanj za crijevo:<\/strong> manualni<\/li>\n<li><strong>Bubanj za visokotla\u010dno crijevo:<\/strong> ne<\/li>\n<li><strong>Dimenzije (D \u00d7 \u0160 \u00d7 V):<\/strong> 165 \u00d7 384 \u00d7 287 mm<\/li>\n<li><strong>Te\u017eina ure\u0111aja:<\/strong> 3.1 kg<\/li>\n<\/ul>\n<h5><strong>Isporu\u010deni pribor:<\/strong><\/h5>\n<ul>\n<li>Bosch 360\u00b0 visokotla\u010dni pi\u0161tolj<\/li>\n<li>Visokotla\u010dno crijevo 3 m<\/li>\n<li>Visokotla\u010dna mlaznica za deterd\u017eent 450 ml<\/li>\n<li>Filter za vodu<\/li>\n<\/ul>\n<h5><strong>Dodatne informacije:<\/strong><\/h5>\n<p><span style=\"text-decoration: underline\"><a href=\"https:\/\/www.bosch-diy.com\/in\/en\/p\/easyaquatak-100-06008a7ef0\">Sve dodatne informacije su dostupne na Bosch web stranici, klikom na ovaj tekst.<\/a><\/span><\/p>\n<p><a href=\"https:\/\/www.youtube.com\/watch?v=ZnbWEVhnQsM\">Link video opisa i demonstracije artikla.<\/a><\/p>\n<p><em>Bosch \u0161ifra artikla: 0 600 8A7 E01\u00a0<\/em><\/p>\n<p><em>EAN: 4059952539447<\/em><\/p>\n<p><em>SKU: 734099<\/em><\/p>\n","protected":false},"excerpt":{"rendered":"<p>Bosch EasyAquatak 100 visokotla\u010dni pera\u010d je kompaktan i prakti\u010dan ure\u0111aj namijenjen za brzo i jednostavno vanjsko \u010di\u0161\u0107enje. Zahvaljuju\u0107i Bosch 360\u00b0<\/p>\n","protected":false},"featured_media":42157,"comment_status":"open","ping_status":"closed","template":"","meta":[],"product_brand":[],"product_cat":[918],"product_tag":[1487,1317,1474,1490],"class_list":{"0":"post-42156","1":"product","2":"type-product","3":"status-publish","4":"has-post-thumbnail","6":"product_cat-visokotlacni-peraci-vap","7":"product_tag-akcija-visokotlacnih-peraca","8":"product_tag-bosch-diy-garden","9":"product_tag-bosch-peraci","10":"product_tag-bosch-visokotlacni-peraci","12":"first","13":"instock","14":"sale","15":"shipping-taxable","16":"purchasable","17":"product-type-simple"},"wooqr_code":"","_links":{"self":[{"href":"https:\/\/www.gkboje.ba\/en\/wp-json\/wp\/v2\/product\/42156","targetHints":{"allow":["GET"]}}],"collection":[{"href":"https:\/\/www.gkboje.ba\/en\/wp-json\/wp\/v2\/product"}],"about":[{"href":"https:\/\/www.gkboje.ba\/en\/wp-json\/wp\/v2\/types\/product"}],"replies":[{"embeddable":true,"href":"https:\/\/www.gkboje.ba\/en\/wp-json\/wp\/v2\/comments?post=42156"}],"version-history":[{"count":2,"href":"https:\/\/www.gkboje.ba\/en\/wp-json\/wp\/v2\/product\/42156\/revisions"}],"predecessor-version":[{"id":42177,"href":"https:\/\/www.gkboje.ba\/en\/wp-json\/wp\/v2\/product\/42156\/revisions\/42177"}],"wp:featuredmedia":[{"embeddable":true,"href":"https:\/\/www.gkboje.ba\/en\/wp-json\/wp\/v2\/media\/42157"}],"wp:attachment":[{"href":"https:\/\/www.gkboje.ba\/en\/wp-json\/wp\/v2\/media?parent=42156"}],"wp:term":[{"taxonomy":"product_brand","embeddable":true,"href":"https:\/\/www.gkboje.ba\/en\/wp-json\/wp\/v2\/product_brand?post=42156"},{"taxonomy":"product_cat","embeddable":true,"href":"https:\/\/www.gkboje.ba\/en\/wp-json\/wp\/v2\/product_cat?post=42156"},{"taxonomy":"product_tag","embeddable":true,"href":"https:\/\/www.gkboje.ba\/en\/wp-json\/wp\/v2\/product_tag?post=42156"}],"curies":[{"name":"wp","href":"https:\/\/api.w.org\/{rel}","templated":true}]}}