{"id":42123,"date":"2026-02-14T20:34:11","date_gmt":"2026-02-14T19:34:11","guid":{"rendered":"https:\/\/www.gkboje.ba\/?post_type=product&#038;p=42123"},"modified":"2026-03-19T01:03:18","modified_gmt":"2026-03-19T00:03:18","slug":"bosch-visokotlacni-perac-vap-universalaquatak-130-home-garden","status":"publish","type":"product","link":"https:\/\/www.gkboje.ba\/en\/proizvod\/bosch-visokotlacni-perac-vap-universalaquatak-130-home-garden\/","title":{"rendered":"BOSCH Visokotla\u010dni pera\u010d &#8211; VAP UniversalAquatak 130 &#8211; 130 bar \/ 1700 W | Home &amp; Garden"},"content":{"rendered":"<p><strong>Bosch UniversalAquatak 130 visokotla\u010dni pera\u010d<\/strong> je sna\u017ean i prilagodljiv ure\u0111aj za brzo i u\u010dinkovito \u010di\u0161\u0107enje u razli\u010ditim primjenama \u2013 od vrtnog namje\u0161taja i terasa do vozila i \u017elijebova. Zahvaljuju\u0107i mlaznici Trio s tri razli\u010dite postavke mlaza, omogu\u0107ava fleksibilno prilago\u0111avanje svakom zadatku \u010di\u0161\u0107enja.<\/p>\n<p>Lepezasti, rotacijski i to\u010dkasti mlaz omogu\u0107avaju jednostavno uklanjanje lagane i tvrdokorne prljav\u0161tine bez potrebe za zamjenom mlaznice. Visokotla\u010dna mlaznica za deterd\u017eent od 450 ml ubrzava nano\u0161enje sapunice, dok tiha pumpa motora osigurava ugodniji rad. Produ\u017ena ru\u010dka, veliki kota\u010di i integrirano spremi\u0161te za pribor omogu\u0107avaju jednostavno rukovanje i kompaktno skladi\u0161tenje.<\/p>\n<h5><strong>Klju\u010dne karakteristike:<\/strong><\/h5>\n<ul>\n<li>Snaga motora 1700 W za u\u010dinkovito \u010di\u0161\u0107enje<\/li>\n<li>Mlaznica 3-u-1 (lepezasti, rotacijski i to\u010dkasti mlaz)<\/li>\n<li>Visokotla\u010dna mlaznica za deterd\u017eent od 450 ml<\/li>\n<li>Mogu\u0107nost samostalnog dovoda vode<\/li>\n<li>Tiha pumpa za udobniji rad<\/li>\n<li>Produ\u017ena ru\u010dka i veliki kota\u010di za lak\u0161u mobilnost<\/li>\n<li>Spojnice na pritisak za brzu monta\u017eu<\/li>\n<\/ul>\n<h5><strong>Tehni\u010dke specifikacije:<\/strong><\/h5>\n<ul>\n<li><strong>Snaga motora:<\/strong> 1700 W<\/li>\n<li><strong>Maksimalni tlak:<\/strong> 130 bar<\/li>\n<li><strong>Maksimalni protok:<\/strong> 7 l\/min<\/li>\n<li><strong>Maksimalna temperatura dovodne vode:<\/strong> 40 \u00b0C<\/li>\n<li><strong>Mogu\u0107nost samostalnog dovoda vode:<\/strong> 0.5 m<\/li>\n<li><strong>Sustav deterd\u017eenta:<\/strong> visokotla\u010dna mlaznica za deterd\u017eent<\/li>\n<li><strong>Tip motora:<\/strong> serija<\/li>\n<li><strong>Tip crpke:<\/strong> 3 cilindra<\/li>\n<li><strong>Materijal crpke:<\/strong> puni metal<\/li>\n<li><strong>Duljina kabela:<\/strong> 5 m<\/li>\n<li><strong>Duljina crijeva:<\/strong> 6 m<\/li>\n<li><strong>Vrsta crijeva:<\/strong> PVC<\/li>\n<li><strong>Bubanj za namatanje crijeva:<\/strong> manualno<\/li>\n<li><strong>Bubanj za namatanje visokotla\u010dnog crijeva:<\/strong> ne<\/li>\n<li><strong>Dimenzije (D \u00d7 \u0160 \u00d7 V):<\/strong> 444 \u00d7 375 \u00d7 365 mm<\/li>\n<li><strong>Te\u017eina (bez pribora):<\/strong> 7.90 kg<\/li>\n<li><strong>Te\u017eina ure\u0111aja:<\/strong> 8.4 kg<\/li>\n<li><strong>Katalo\u0161ki broj:<\/strong> 06008A7B00<\/li>\n<li><strong>EAN:<\/strong> 3165140883702<\/li>\n<\/ul>\n<h5><strong>Isporu\u010deni pribor:<\/strong><\/h5>\n<ul>\n<li>Bosch visokotla\u010dni pi\u0161tolj<\/li>\n<li>Mlaznica<\/li>\n<li>Mlaznica 3-u-1<\/li>\n<li>Visokotla\u010dna mlaznica za deterd\u017eent (450 ml)<\/li>\n<\/ul>\n<h5><strong>Dodatne informacije:<\/strong><\/h5>\n<p><span style=\"text-decoration: underline\"><a href=\"https:\/\/www.bosch-diy.com\/hr\/hr\/p\/universalaquatak-130-06008a7b00\">Sve dodatne informacije su dostupne na Bosch web stranici, klikom na ovaj tekst.<\/a><\/span><\/p>\n<p><em>Bosch \u0161ifra artikla: 0 600 8A7 C00<\/em><\/p>\n","protected":false},"excerpt":{"rendered":"<p>Bosch UniversalAquatak 130 visokotla\u010dni pera\u010d je sna\u017ean i prilagodljiv ure\u0111aj za brzo i u\u010dinkovito \u010di\u0161\u0107enje u razli\u010ditim primjenama \u2013 od<\/p>\n","protected":false},"featured_media":42124,"comment_status":"open","ping_status":"closed","template":"","meta":[],"product_brand":[],"product_cat":[918],"product_tag":[1487,1317,1474,1490],"class_list":{"0":"post-42123","1":"product","2":"type-product","3":"status-publish","4":"has-post-thumbnail","6":"product_cat-visokotlacni-peraci-vap","7":"product_tag-akcija-visokotlacnih-peraca","8":"product_tag-bosch-diy-garden","9":"product_tag-bosch-peraci","10":"product_tag-bosch-visokotlacni-peraci","12":"first","13":"instock","14":"sale","15":"shipping-taxable","16":"purchasable","17":"product-type-simple"},"wooqr_code":"","_links":{"self":[{"href":"https:\/\/www.gkboje.ba\/en\/wp-json\/wp\/v2\/product\/42123","targetHints":{"allow":["GET"]}}],"collection":[{"href":"https:\/\/www.gkboje.ba\/en\/wp-json\/wp\/v2\/product"}],"about":[{"href":"https:\/\/www.gkboje.ba\/en\/wp-json\/wp\/v2\/types\/product"}],"replies":[{"embeddable":true,"href":"https:\/\/www.gkboje.ba\/en\/wp-json\/wp\/v2\/comments?post=42123"}],"version-history":[{"count":2,"href":"https:\/\/www.gkboje.ba\/en\/wp-json\/wp\/v2\/product\/42123\/revisions"}],"predecessor-version":[{"id":42171,"href":"https:\/\/www.gkboje.ba\/en\/wp-json\/wp\/v2\/product\/42123\/revisions\/42171"}],"wp:featuredmedia":[{"embeddable":true,"href":"https:\/\/www.gkboje.ba\/en\/wp-json\/wp\/v2\/media\/42124"}],"wp:attachment":[{"href":"https:\/\/www.gkboje.ba\/en\/wp-json\/wp\/v2\/media?parent=42123"}],"wp:term":[{"taxonomy":"product_brand","embeddable":true,"href":"https:\/\/www.gkboje.ba\/en\/wp-json\/wp\/v2\/product_brand?post=42123"},{"taxonomy":"product_cat","embeddable":true,"href":"https:\/\/www.gkboje.ba\/en\/wp-json\/wp\/v2\/product_cat?post=42123"},{"taxonomy":"product_tag","embeddable":true,"href":"https:\/\/www.gkboje.ba\/en\/wp-json\/wp\/v2\/product_tag?post=42123"}],"curies":[{"name":"wp","href":"https:\/\/api.w.org\/{rel}","templated":true}]}}