{"id":42033,"date":"2026-02-14T10:34:31","date_gmt":"2026-02-14T09:34:31","guid":{"rendered":"https:\/\/www.gkboje.ba\/?post_type=product&#038;p=42033"},"modified":"2026-02-14T13:38:49","modified_gmt":"2026-02-14T12:38:49","slug":"bihui-dijamantni-rucni-blok-spuzva-za-plocice-i-kamen-dhp060-dhp200-p60-p200","status":"publish","type":"product","link":"https:\/\/www.gkboje.ba\/en\/proizvod\/bihui-dijamantni-rucni-blok-spuzva-za-plocice-i-kamen-dhp060-dhp200-p60-p200\/","title":{"rendered":"BIHUI Dijamantni ru\u010dni blok &#8211; spu\u017eva za plo\u010dice i kamen (DHP060-DHP200) &#8211; P60 &#8211; P200"},"content":{"rendered":"<p><strong>BIHUI Diamond Hand Pad \u2013 dijamantski ru\u010dni blokovi i spu\u017evice<\/strong> su profesionalni alati namijenjeni za obradu ivica i povr\u0161ina kerami\u010dkih i kamenih materijala. Pogodni su za uklanjanje nepravilnosti, zagla\u0111ivanje ivica nakon rezanja ili grubog bru\u0161enja te pripremu povr\u0161ine za zavr\u0161nu obradu i poliranje.<\/p>\n<p>Zahvaljuju\u0107i ravnomjerno raspore\u0111enom dijamantskom sloju, omogu\u0107avaju stabilno i kontrolisano bru\u0161enje bez trzaja. Kompaktne dimenzije i ergonomski dizajn osiguravaju udoban rad i preciznu kontrolu, kako na gradili\u0161tu tako i u radionici. Alati su predvi\u0111eni za suhi i mokri rad, \u0161to ih \u010dini prilagodljivim razli\u010ditim uslovima obrade.<\/p>\n<h5><strong>Klju\u010dne karakteristike:<\/strong><\/h5>\n<ul>\n<li>Ravnomjerno raspore\u0111eno dijamantsko vezivo<\/li>\n<li>Namijenjeni za obradu plo\u010dica, porculana, mramora i stakla<\/li>\n<li>Pogodni za suhi i mokri rad<\/li>\n<li>Kompaktan format za precizno ru\u010dno bru\u0161enje<\/li>\n<li>Razli\u010dite granulacije za grubo, srednje i fino bru\u0161enje<\/li>\n<\/ul>\n<h5><strong>Tehni\u010dke specifikacije (po modelima):<\/strong><\/h5>\n<ul>\n<li><strong>Diamond Hand Pad #60 (DHP060)<\/strong><br \/>\nGranulacija: #60<br \/>\nDimenzije: 95 \u00d7 55 \u00d7 30 mm<br \/>\nNamjena: plo\u010dice, porculan, mramor, staklo<br \/>\nTip rada: suho \/ mokro<\/li>\n<li><strong>Diamond Hand Pad #120 (DHP120)<\/strong><br \/>\nGranulacija: #120<br \/>\nDimenzije: 95 \u00d7 55 \u00d7 30 mm<br \/>\nNamjena: plo\u010dice, porculan, mramor, staklo<br \/>\nTip rada: suho \/ mokro<\/li>\n<li><strong>Diamond Hand Pad #200 (DHP200)<\/strong><br \/>\nGranulacija: #200<br \/>\nDimenzije:95 \u00d7 55 \u00d7 30 mm<br \/>\nNamjena: plo\u010dice, porculan, mramor, staklo<br \/>\nTip rada: suho \/ mokro<\/li>\n<\/ul>\n<h5><strong>Dodatne informacije:<\/strong><\/h5>\n<p><a href=\"https:\/\/www.youtube.com\/watch?v=m_Opm1oxlOw\">Link video opisa i demonstracije artikla.<\/a><\/p>\n","protected":false},"excerpt":{"rendered":"<p>BIHUI Diamond Hand Pad \u2013 dijamantski ru\u010dni blokovi i spu\u017evice su profesionalni alati namijenjeni za obradu ivica i povr\u0161ina kerami\u010dkih<\/p>\n","protected":false},"featured_media":42037,"comment_status":"open","ping_status":"closed","template":"","meta":[],"product_brand":[],"product_cat":[787],"product_tag":[],"class_list":{"0":"post-42033","1":"product","2":"type-product","3":"status-publish","4":"has-post-thumbnail","6":"product_cat-ostali-alat-i-pribor-za-keramicare","8":"first","9":"instock","10":"sale","11":"shipping-taxable","12":"purchasable","13":"product-type-variable","14":"has-default-attributes"},"wooqr_code":"","_links":{"self":[{"href":"https:\/\/www.gkboje.ba\/en\/wp-json\/wp\/v2\/product\/42033","targetHints":{"allow":["GET"]}}],"collection":[{"href":"https:\/\/www.gkboje.ba\/en\/wp-json\/wp\/v2\/product"}],"about":[{"href":"https:\/\/www.gkboje.ba\/en\/wp-json\/wp\/v2\/types\/product"}],"replies":[{"embeddable":true,"href":"https:\/\/www.gkboje.ba\/en\/wp-json\/wp\/v2\/comments?post=42033"}],"version-history":[{"count":2,"href":"https:\/\/www.gkboje.ba\/en\/wp-json\/wp\/v2\/product\/42033\/revisions"}],"predecessor-version":[{"id":42085,"href":"https:\/\/www.gkboje.ba\/en\/wp-json\/wp\/v2\/product\/42033\/revisions\/42085"}],"wp:featuredmedia":[{"embeddable":true,"href":"https:\/\/www.gkboje.ba\/en\/wp-json\/wp\/v2\/media\/42037"}],"wp:attachment":[{"href":"https:\/\/www.gkboje.ba\/en\/wp-json\/wp\/v2\/media?parent=42033"}],"wp:term":[{"taxonomy":"product_brand","embeddable":true,"href":"https:\/\/www.gkboje.ba\/en\/wp-json\/wp\/v2\/product_brand?post=42033"},{"taxonomy":"product_cat","embeddable":true,"href":"https:\/\/www.gkboje.ba\/en\/wp-json\/wp\/v2\/product_cat?post=42033"},{"taxonomy":"product_tag","embeddable":true,"href":"https:\/\/www.gkboje.ba\/en\/wp-json\/wp\/v2\/product_tag?post=42033"}],"curies":[{"name":"wp","href":"https:\/\/api.w.org\/{rel}","templated":true}]}}