{"id":41462,"date":"2026-02-07T21:59:26","date_gmt":"2026-02-07T20:59:26","guid":{"rendered":"https:\/\/www.gkboje.ba\/?post_type=product&#038;p=41462"},"modified":"2026-02-07T22:04:21","modified_gmt":"2026-02-07T21:04:21","slug":"bihui-dijamantna-kruna-za-keramiku-fi-50-mm-m14-dbdf50","status":"publish","type":"product","link":"https:\/\/www.gkboje.ba\/en\/proizvod\/bihui-dijamantna-kruna-za-keramiku-fi-50-mm-m14-dbdf50\/","title":{"rendered":"Bihui dijamantna kruna za keramiku fi 50 mm M14 (DBDF50)"},"content":{"rendered":"<p>Bihui DBDF50 Dijamantska Kruna dizajnirana je za precizno bu\u0161enje tvrdih materijala kao \u0161to su porculan, keramika i mermer. Koristi M14 navoj, \u0161to je \u010dini pogodnom za ugaone brusilice. Ova kruna pru\u017ea efikasno i brzo bu\u0161enje sa smanjenim stvaranjem pra\u0161ine, idealna za suvu primjenu. Na po\u010detku bu\u0161enja, preporu\u010duje se postavljanje pod uglom od 45\u00b0, a zatim vra\u0107anje na 90\u00b0 nakon po\u010detnog prodora.<\/p>\n<ul>\n<li><strong>Model:<\/strong> DBDf50<\/li>\n<li><strong>Pre\u010dnik:<\/strong> 50 mm<\/li>\n<li><strong>Navoj:<\/strong> M14<\/li>\n<li><strong>Pogodno za:<\/strong> Keramika, porculan, mermer<\/li>\n<li><strong>Maksimalna brzina:<\/strong> 11.000 RPM<\/li>\n<\/ul>\n<p>Ova kruna je dizajnirana za dugotrajan rad i precizno bu\u0161enje u najtvr\u0111im materijalima.<\/p>\n","protected":false},"excerpt":{"rendered":"<p>Bihui DBDF40 je dijamantska kruna pre\u010dnika 40 mm sa M14 navojem, idealna za suvo bu\u0161enje kerami\u010dkih, porculanskih i kamenih materijala.<\/p>\n","protected":false},"featured_media":20863,"comment_status":"open","ping_status":"closed","template":"","meta":[],"product_brand":[],"product_cat":[1144],"product_tag":[],"class_list":{"0":"post-41462","1":"product","2":"type-product","3":"status-publish","4":"has-post-thumbnail","6":"product_cat-dijamantni-kroneri-za-plocice-brusilica","8":"first","9":"instock","10":"shipping-taxable","11":"purchasable","12":"product-type-simple"},"wooqr_code":"","_links":{"self":[{"href":"https:\/\/www.gkboje.ba\/en\/wp-json\/wp\/v2\/product\/41462","targetHints":{"allow":["GET"]}}],"collection":[{"href":"https:\/\/www.gkboje.ba\/en\/wp-json\/wp\/v2\/product"}],"about":[{"href":"https:\/\/www.gkboje.ba\/en\/wp-json\/wp\/v2\/types\/product"}],"replies":[{"embeddable":true,"href":"https:\/\/www.gkboje.ba\/en\/wp-json\/wp\/v2\/comments?post=41462"}],"version-history":[{"count":1,"href":"https:\/\/www.gkboje.ba\/en\/wp-json\/wp\/v2\/product\/41462\/revisions"}],"predecessor-version":[{"id":41463,"href":"https:\/\/www.gkboje.ba\/en\/wp-json\/wp\/v2\/product\/41462\/revisions\/41463"}],"wp:featuredmedia":[{"embeddable":true,"href":"https:\/\/www.gkboje.ba\/en\/wp-json\/wp\/v2\/media\/20863"}],"wp:attachment":[{"href":"https:\/\/www.gkboje.ba\/en\/wp-json\/wp\/v2\/media?parent=41462"}],"wp:term":[{"taxonomy":"product_brand","embeddable":true,"href":"https:\/\/www.gkboje.ba\/en\/wp-json\/wp\/v2\/product_brand?post=41462"},{"taxonomy":"product_cat","embeddable":true,"href":"https:\/\/www.gkboje.ba\/en\/wp-json\/wp\/v2\/product_cat?post=41462"},{"taxonomy":"product_tag","embeddable":true,"href":"https:\/\/www.gkboje.ba\/en\/wp-json\/wp\/v2\/product_tag?post=41462"}],"curies":[{"name":"wp","href":"https:\/\/api.w.org\/{rel}","templated":true}]}}