{"id":41025,"date":"2026-01-28T14:08:35","date_gmt":"2026-01-28T13:08:35","guid":{"rendered":"https:\/\/www.gkboje.ba\/?post_type=product&#038;p=41025"},"modified":"2026-01-28T14:31:47","modified_gmt":"2026-01-28T13:31:47","slug":"bosch-rezna-ploca-pro-metal-230-x-3-0-x-22-23-mm","status":"publish","type":"product","link":"https:\/\/www.gkboje.ba\/en\/proizvod\/bosch-rezna-ploca-pro-metal-230-x-3-0-x-22-23-mm\/","title":{"rendered":"BOSCH Rezna plo\u010da PRO Metal &#8211; 230 x 3.0 x 22.23 mm"},"content":{"rendered":"<p><strong>Lijepljena rezna plo\u010da PRO Metal &#8211; 230 x 3.0 x 22.23 mm<\/strong> dizajnirana je za dugotrajan, siguran i efikasan rad pri rezanju metala na velikim kutnim brusilicama. Namijenjena je profesionalnoj upotrebi i zahtjevnim zadacima gdje su stabilnost, izdr\u017eljivost i konstantne performanse klju\u010dni.<\/p>\n<p>Rezna plo\u010da izra\u0111ena je od robusnih zrnaca aluminijevog oksida koja osiguravaju dug vijek trajanja i pouzdne performanse pri kontinuiranom rezanju metala. Zrnca su ugra\u0111ena u smolastu matricu koja plo\u010di daje visoku \u010dvrsto\u0107u i otpornost na toplotu, \u010dak i pri intenzivnom radu.<\/p>\n<p>Dodatnu sigurnost i stabilnost osigurava \u010dvrsta mre\u017ea od stakloplastike koja oja\u010dava strukturu plo\u010de, smanjuje rizik od pucanja i omogu\u0107ava kontrolisano rezanje. Plo\u010da je prilago\u0111ena za upotrebu s velikim kutnim brusilicama koje koriste standardnu steznu maticu.<\/p>\n<h5><strong>Klju\u010dne prednosti:<\/strong><\/h5>\n<ul>\n<li>Dugi vijek trajanja pri rezanju metala<\/li>\n<li>Robusna zrnca od aluminijevog oksida za dugotrajne performanse<\/li>\n<li>Smolasta matrica za visoku \u010dvrsto\u0107u i otpornost na toplinu<\/li>\n<li>\u010cvrsta mre\u017ea od stakloplastike za sigurniji i stabilniji rad<\/li>\n<li>Namijenjena za velike kutne brusilice<\/li>\n<\/ul>\n<h5><strong>Tehni\u010dke specifikacije:<\/strong><\/h5>\n<ul>\n<li>Specifikacija: A 30 S BF<\/li>\n<li>Promjer plo\u010de: 230 mm<\/li>\n<li>Debljina plo\u010de: 3.0 mm<\/li>\n<li>Promjer provrta: 22.23 mm<\/li>\n<\/ul>\n<h5><strong>Primjena:<\/strong><\/h5>\n<ul>\n<li>Rezanje metala<\/li>\n<li>Univerzalna obrada metalnih materijala<\/li>\n<\/ul>\n<p>Lijepljena rezna plo\u010da PRO Metal predstavlja pouzdan izbor za profesionalce kojima je potreban stabilan, izdr\u017eljiv i siguran alat za precizno rezanje metala u zahtjevnim radnim uslovima.<\/p>\n<h5><strong>Dodatne informacije:<\/strong><\/h5>\n<p><span style=\"text-decoration: underline\"><a href=\"https:\/\/www.bosch-professional.com\/hr\/hr\/lijepljena-rezna-ploca-pro-metal-za-velike-kutne-brusilice-provrt-22-23-mm-osa-3090751-ocs-ac\/?queryFromSuggest=true&amp;userInput=2+608+603+168+#sku-2608603168\">Sve dodatne informacije su dostupne na Bosch web stranici, klikom na ovaj tekst.<\/a><\/span><\/p>\n<p><em>Bosch \u0161ifra artikla: 2 608 603 168\u00a0<\/em><\/p>\n<p><em>EAN: 3165140658270<\/em><\/p>\n<p><em>SKU: 733905<\/em><\/p>\n","protected":false},"excerpt":{"rendered":"<p>Lijepljena rezna plo\u010da PRO Metal &#8211; 230 x 3.0 x 22.23 mm dizajnirana je za dugotrajan, siguran i efikasan rad<\/p>\n","protected":false},"featured_media":41026,"comment_status":"open","ping_status":"closed","template":"","meta":[],"product_brand":[],"product_cat":[740],"product_tag":[1349],"class_list":{"0":"post-41025","1":"product","2":"type-product","3":"status-publish","4":"has-post-thumbnail","6":"product_cat-rezne-ploce","7":"product_tag-bosch-profesionalni-pribor","9":"first","10":"instock","11":"shipping-taxable","12":"purchasable","13":"product-type-simple"},"wooqr_code":"","_links":{"self":[{"href":"https:\/\/www.gkboje.ba\/en\/wp-json\/wp\/v2\/product\/41025","targetHints":{"allow":["GET"]}}],"collection":[{"href":"https:\/\/www.gkboje.ba\/en\/wp-json\/wp\/v2\/product"}],"about":[{"href":"https:\/\/www.gkboje.ba\/en\/wp-json\/wp\/v2\/types\/product"}],"replies":[{"embeddable":true,"href":"https:\/\/www.gkboje.ba\/en\/wp-json\/wp\/v2\/comments?post=41025"}],"version-history":[{"count":1,"href":"https:\/\/www.gkboje.ba\/en\/wp-json\/wp\/v2\/product\/41025\/revisions"}],"predecessor-version":[{"id":41034,"href":"https:\/\/www.gkboje.ba\/en\/wp-json\/wp\/v2\/product\/41025\/revisions\/41034"}],"wp:featuredmedia":[{"embeddable":true,"href":"https:\/\/www.gkboje.ba\/en\/wp-json\/wp\/v2\/media\/41026"}],"wp:attachment":[{"href":"https:\/\/www.gkboje.ba\/en\/wp-json\/wp\/v2\/media?parent=41025"}],"wp:term":[{"taxonomy":"product_brand","embeddable":true,"href":"https:\/\/www.gkboje.ba\/en\/wp-json\/wp\/v2\/product_brand?post=41025"},{"taxonomy":"product_cat","embeddable":true,"href":"https:\/\/www.gkboje.ba\/en\/wp-json\/wp\/v2\/product_cat?post=41025"},{"taxonomy":"product_tag","embeddable":true,"href":"https:\/\/www.gkboje.ba\/en\/wp-json\/wp\/v2\/product_tag?post=41025"}],"curies":[{"name":"wp","href":"https:\/\/api.w.org\/{rel}","templated":true}]}}