{"id":41009,"date":"2026-01-27T14:47:12","date_gmt":"2026-01-27T13:47:12","guid":{"rendered":"https:\/\/www.gkboje.ba\/?post_type=product&#038;p=41009"},"modified":"2026-01-27T14:50:43","modified_gmt":"2026-01-27T13:50:43","slug":"bosch-list-za-kruznu-pilu-cirkular-eco-for-wood-160-x-20-mm-36-z","status":"publish","type":"product","link":"https:\/\/www.gkboje.ba\/en\/proizvod\/bosch-list-za-kruznu-pilu-cirkular-eco-for-wood-160-x-20-mm-36-z\/","title":{"rendered":"BOSCH List za kru\u017enu pilu &#8211; cirkular Eco for Wood &#8211; 160 x 20 mm &#8211; 36 Z"},"content":{"rendered":"<p><strong>Eco for Wood list kru\u017ene pile<\/strong> pouzdan je izbor za \u010diste i kontrolisane rezove u razli\u010ditim vrstama drva i drvenih materijala. Dizajniran je za stabilan rad i konzistentne rezultate, uz glatko rezanje bez napora.<\/p>\n<p>Potpuno bru\u0161eni i pa\u017eljivo odabrani zupci omogu\u0107avaju ravnomjeran rez i dobar vijek trajanja lista. Proizvodni proces je strogo kontrolisan kako bi se zadovoljili Bosch standardi kvaliteta i pouzdanosti. List funkcioni\u0161e s redukcijskim prstenovima ili bez njih, \u0161to omogu\u0107ava kompatibilnost s razli\u010ditim prihvatima kru\u017enih pila.<\/p>\n<h5><strong>Pogodno za materijale:<\/strong><\/h5>\n<ul>\n<li>Laminat<\/li>\n<li>Meko drvo<\/li>\n<li>Tvrdo drvo<\/li>\n<li>Uslojeno drvo<\/li>\n<li>Plo\u010de od iverice<\/li>\n<li>Plo\u010de s plasti\u010dnom oblogom<\/li>\n<li>Vlaknaste plo\u010de srednje gusto\u0107e (MDF)<\/li>\n<\/ul>\n<h5><strong>Klju\u010dne prednosti:<\/strong><\/h5>\n<ul>\n<li>Pouzdani rezovi u drvu i drvnim materijalima<\/li>\n<li>Potpuno bru\u0161eni zupci za glatko rezanje<\/li>\n<li>Dobar vijek trajanja zahvaljuju\u0107i kvalitetnim zupcima<\/li>\n<li>Stabilni i ujedna\u010deni rezultati rezanja<\/li>\n<li>Mogu\u0107nost kori\u0161tenja s redukcijskim prstenovima<\/li>\n<\/ul>\n<h5><strong>Tehni\u010dke specifikacije:<\/strong><\/h5>\n<ul>\n<li>Vanjski promjer: 160 mm<\/li>\n<li>Provrt: 20 mm<\/li>\n<li>Provrt s redukcijskim prstenom: 16 mm<\/li>\n<li>\u0160irina rezanja (b1): 2.2 mm<\/li>\n<li>\u0160irina rezanja \/ debljina lista (b1\/b2): 2.2 \/ 1.4 mm<\/li>\n<li>Broj zubaca: 36<\/li>\n<li>Oblik zubaca: ATB<\/li>\n<li>Maks. broj okretaja: 9500 o\/min<\/li>\n<li>Rezultat rezanja: 3<\/li>\n<li>Rezni kut (\u03b1): 16\u00b0<\/li>\n<li>Le\u0111ni kut (\u03b2): 15\u00b0<\/li>\n<\/ul>\n<h5><strong>Dodatne informacije:<\/strong><\/h5>\n<p><span style=\"text-decoration: underline\"><a href=\"https:\/\/www.bosch-professional.com\/hr\/hr\/listovi-kruzne-pile-za-drvo-eco-for-wood-za-rucne-pile-2868155-ocs-ac\/\">Sve dodatne informacije su dostupne na Bosch web stranici, klikom na ovaj tekst.<\/a><\/span><\/p>\n<p><em>Bosch \u0161ifra artikla: 2 608 644 374<\/em><\/p>\n<p><em>EAN: 3165140890960<\/em><\/p>\n<p><em>SKU: 733903<\/em><\/p>\n","protected":false},"excerpt":{"rendered":"<p>Eco for Wood list kru\u017ene pile pouzdan je izbor za \u010diste i kontrolisane rezove u razli\u010ditim vrstama drva i drvenih<\/p>\n","protected":false},"featured_media":41010,"comment_status":"open","ping_status":"closed","template":"","meta":[],"product_brand":[],"product_cat":[714],"product_tag":[1349],"class_list":{"0":"post-41009","1":"product","2":"type-product","3":"status-publish","4":"has-post-thumbnail","6":"product_cat-pribor-za-alate-i-masine","7":"product_tag-bosch-profesionalni-pribor","9":"first","10":"instock","11":"shipping-taxable","12":"purchasable","13":"product-type-simple"},"wooqr_code":"","_links":{"self":[{"href":"https:\/\/www.gkboje.ba\/en\/wp-json\/wp\/v2\/product\/41009","targetHints":{"allow":["GET"]}}],"collection":[{"href":"https:\/\/www.gkboje.ba\/en\/wp-json\/wp\/v2\/product"}],"about":[{"href":"https:\/\/www.gkboje.ba\/en\/wp-json\/wp\/v2\/types\/product"}],"replies":[{"embeddable":true,"href":"https:\/\/www.gkboje.ba\/en\/wp-json\/wp\/v2\/comments?post=41009"}],"version-history":[{"count":1,"href":"https:\/\/www.gkboje.ba\/en\/wp-json\/wp\/v2\/product\/41009\/revisions"}],"predecessor-version":[{"id":41011,"href":"https:\/\/www.gkboje.ba\/en\/wp-json\/wp\/v2\/product\/41009\/revisions\/41011"}],"wp:featuredmedia":[{"embeddable":true,"href":"https:\/\/www.gkboje.ba\/en\/wp-json\/wp\/v2\/media\/41010"}],"wp:attachment":[{"href":"https:\/\/www.gkboje.ba\/en\/wp-json\/wp\/v2\/media?parent=41009"}],"wp:term":[{"taxonomy":"product_brand","embeddable":true,"href":"https:\/\/www.gkboje.ba\/en\/wp-json\/wp\/v2\/product_brand?post=41009"},{"taxonomy":"product_cat","embeddable":true,"href":"https:\/\/www.gkboje.ba\/en\/wp-json\/wp\/v2\/product_cat?post=41009"},{"taxonomy":"product_tag","embeddable":true,"href":"https:\/\/www.gkboje.ba\/en\/wp-json\/wp\/v2\/product_tag?post=41009"}],"curies":[{"name":"wp","href":"https:\/\/api.w.org\/{rel}","templated":true}]}}