{"id":40988,"date":"2026-01-27T11:57:22","date_gmt":"2026-01-27T10:57:22","guid":{"rendered":"https:\/\/www.gkboje.ba\/?post_type=product&#038;p=40988"},"modified":"2026-01-27T12:01:50","modified_gmt":"2026-01-27T11:01:50","slug":"bosch-komplet-nozeva-skalpela-professional","status":"publish","type":"product","link":"https:\/\/www.gkboje.ba\/en\/proizvod\/bosch-komplet-nozeva-skalpela-professional\/","title":{"rendered":"BOSCH Komplet no\u017eeva &#8211; skalpela &#8211; Professional"},"content":{"rendered":"<p><strong>Komplet no\u017eeva Professional, 3 kom.<\/strong> predstavlja vi\u0161enamjensko rje\u0161enje za profesionalnu upotrebu u razli\u010ditim vrstama rezanja. Set je izra\u0111en s fokusom na dugotrajnost, sigurnost i prakti\u010dnost, koriste\u0107i materijale visoke kvalitete poput robusnog aluminija, \u0161to ga \u010dini pogodnim za intenzivan svakodnevni rad.<\/p>\n<p>Zahvaljuju\u0107i kombinaciji razli\u010ditih tipova no\u017eeva u jednom setu, komplet omogu\u0107ava prilagodbu razli\u010ditim primjenama i materijalima. Brza izmjena o\u0161trica bez upotrebe dodatnih alata osigurava efikasan rad i minimalne zastoje.<\/p>\n<h5><strong>Sadr\u017eaj kompleta:<\/strong><\/h5>\n<p><strong>Sklopivi no\u017e Professional<\/strong><\/p>\n<ul>\n<li>Iznimno svestran univerzalni no\u017e koji se otvara i sklapa jednim pritiskom gumba<\/li>\n<li>Ergonomski oblik za jednostavnu i udobnu upotrebu<\/li>\n<li>Mekani gumeni rukohvat za sigurno dr\u017eanje<\/li>\n<li>Veliko odmori\u0161te za prst za bolju kontrolu<\/li>\n<li>Brza i jednostavna izmjena o\u0161trica bez dodatnih alata<\/li>\n<\/ul>\n<p><strong>No\u017e za rezanje Professional<\/strong><\/p>\n<ul>\n<li>Visokokvalitetan dr\u017ea\u010d o\u0161trica od lijevanog aluminija za ve\u0107u postojanost<\/li>\n<li>Pove\u0107ana snaga pri rezanju zahvaljuju\u0107i \u010dvrstoj konstrukciji<\/li>\n<li>Ergonomski oblikovana dr\u0161ka s mekanim rukohvatom<\/li>\n<li>Sigurna i brza izmjena o\u0161trica bez upotrebe dodatnih alata<\/li>\n<\/ul>\n<p><strong>Uvla\u010divi skalpel Professional<\/strong><\/p>\n<ul>\n<li>\u010cvrsto aluminijsko ku\u0107i\u0161te za rezanje i najtvr\u0111ih materijala<\/li>\n<li>O\u0161trica na izvla\u010denje za dodatnu sigurnost<\/li>\n<li>Iznimno veliko odmori\u0161te za prst za stabilan i kontroliran rad<\/li>\n<li>Pogodan za rad jednom rukom<\/li>\n<li>Brza izmjena o\u0161trica bez upotrebe dodatnih alata<\/li>\n<\/ul>\n<h5><strong>Prednosti kompleta:<\/strong><\/h5>\n<ul>\n<li>Izdr\u017eljiv dizajn za profesionalnu upotrebu<\/li>\n<li>Robusna aluminijska konstrukcija<\/li>\n<li>Vi\u0161e tipova no\u017eeva za razli\u010dite primjene<\/li>\n<li>Sigurno i precizno rezanje<\/li>\n<li>Brzo rukovanje i jednostavno odr\u017eavanje<\/li>\n<\/ul>\n<h5><strong>Dodatne informacije:<\/strong><\/h5>\n<p><span style=\"text-decoration: underline\"><a href=\"https:\/\/www.bosch-professional.com\/hr\/hr\/komplet-nozeva-professional-3-kom-7867404-ocs-ac\/\">Sve dodatne informacije su dostupne na Bosch web stranici, klikom na ovaj tekst.<\/a><\/span><\/p>\n<p><em>Bosch \u0161ifra artikla: 1 600 A02 7M4<\/em><\/p>\n<p><em>EAN: 4059952613864<\/em><\/p>\n<p><em>SKU: 733900<\/em><\/p>\n","protected":false},"excerpt":{"rendered":"<p>Komplet no\u017eeva Professional, 3 kom. predstavlja vi\u0161enamjensko rje\u0161enje za profesionalnu upotrebu u razli\u010ditim vrstama rezanja. Set je izra\u0111en s fokusom<\/p>\n","protected":false},"featured_media":40990,"comment_status":"open","ping_status":"closed","template":"","meta":[],"product_brand":[],"product_cat":[810],"product_tag":[1349],"class_list":{"0":"post-40988","1":"product","2":"type-product","3":"status-publish","4":"has-post-thumbnail","6":"product_cat-skalpeli","7":"product_tag-bosch-profesionalni-pribor","9":"first","10":"instock","11":"shipping-taxable","12":"purchasable","13":"product-type-simple"},"wooqr_code":"","_links":{"self":[{"href":"https:\/\/www.gkboje.ba\/en\/wp-json\/wp\/v2\/product\/40988","targetHints":{"allow":["GET"]}}],"collection":[{"href":"https:\/\/www.gkboje.ba\/en\/wp-json\/wp\/v2\/product"}],"about":[{"href":"https:\/\/www.gkboje.ba\/en\/wp-json\/wp\/v2\/types\/product"}],"replies":[{"embeddable":true,"href":"https:\/\/www.gkboje.ba\/en\/wp-json\/wp\/v2\/comments?post=40988"}],"version-history":[{"count":1,"href":"https:\/\/www.gkboje.ba\/en\/wp-json\/wp\/v2\/product\/40988\/revisions"}],"predecessor-version":[{"id":41002,"href":"https:\/\/www.gkboje.ba\/en\/wp-json\/wp\/v2\/product\/40988\/revisions\/41002"}],"wp:featuredmedia":[{"embeddable":true,"href":"https:\/\/www.gkboje.ba\/en\/wp-json\/wp\/v2\/media\/40990"}],"wp:attachment":[{"href":"https:\/\/www.gkboje.ba\/en\/wp-json\/wp\/v2\/media?parent=40988"}],"wp:term":[{"taxonomy":"product_brand","embeddable":true,"href":"https:\/\/www.gkboje.ba\/en\/wp-json\/wp\/v2\/product_brand?post=40988"},{"taxonomy":"product_cat","embeddable":true,"href":"https:\/\/www.gkboje.ba\/en\/wp-json\/wp\/v2\/product_cat?post=40988"},{"taxonomy":"product_tag","embeddable":true,"href":"https:\/\/www.gkboje.ba\/en\/wp-json\/wp\/v2\/product_tag?post=40988"}],"curies":[{"name":"wp","href":"https:\/\/api.w.org\/{rel}","templated":true}]}}