{"id":40981,"date":"2026-01-27T11:39:09","date_gmt":"2026-01-27T10:39:09","guid":{"rendered":"https:\/\/www.gkboje.ba\/?post_type=product&#038;p=40981"},"modified":"2026-01-27T11:44:45","modified_gmt":"2026-01-27T10:44:45","slug":"bosch-rezna-ploca-za-metal-ss-and-metal-230-x-1-9-x-22-23-mm-pro","status":"publish","type":"product","link":"https:\/\/www.gkboje.ba\/en\/proizvod\/bosch-rezna-ploca-za-metal-ss-and-metal-230-x-1-9-x-22-23-mm-pro\/","title":{"rendered":"BOSCH Rezna plo\u010da za metal S&amp;S and Metal &#8211; 230 x 1.9 x 22.23 mm &#8211; PRO"},"content":{"rendered":"<p><strong>Rezna plo\u010da PRO Stainless Steel and Metal<\/strong> idealna je za brzo i precizno rezanje nehr\u0111aju\u0107eg \u010delika i metala, uz do 1.5 puta du\u017ei vijek trajanja u odnosu na standardne Bosch plo\u010de. Zahvaljuju\u0107i vrhunskim abrazivnim materijalima, pru\u017ea stabilan i siguran rad \u010dak i pri zahtjevnim rezovima.<\/p>\n<p>Oja\u010dana fiberglasom i izra\u0111ena bez \u017eeljeza, ova plo\u010da smanjuje rizik od stvaranja hr\u0111e na reznim povr\u0161inama, \u0161to je \u010dini savr\u0161enim izborom za rad s nehr\u0111aju\u0107im \u010delikom.<\/p>\n<h5><strong>Klju\u010dne karakteristike:<\/strong><\/h5>\n<ul>\n<li>Do 1.5x du\u017ei vijek trajanja u odnosu na Bosch Standard for Metal plo\u010de<\/li>\n<li>Granulat od aluminijeva oksida za visoke performanse i dugotrajnost<\/li>\n<li>Smolasta matrica za otpornost na toplinu i mehani\u010dku stabilnost<\/li>\n<li>Oja\u010dana fiberglasom za sigurnu upotrebu<\/li>\n<li>Bez \u017eeljeza \u2013 nema rizika od hr\u0111anja kod rada s nehr\u0111aju\u0107im \u010delikom<\/li>\n<\/ul>\n<h5><strong>Tehni\u010dke specifikacije:<\/strong><\/h5>\n<ul>\n<li><strong>Specifikacija:<\/strong> WA 36T BF<\/li>\n<li><strong>Promjer:<\/strong> 230 mm<\/li>\n<li><strong>Promjer provrta:<\/strong> 22.23 mm<\/li>\n<li><strong>Debljina:<\/strong> 1.9 mm<\/li>\n<\/ul>\n<h5><strong>Pogodno za:<\/strong><\/h5>\n<ul>\n<li>Rezanje nehr\u0111aju\u0107eg \u010delika<\/li>\n<li>Rezanje konstrukcijskog metala i profila<\/li>\n<li>Profesionalnu i industrijsku upotrebu s kutnim brusilicama<\/li>\n<\/ul>\n<h5><strong>Dodatne informacije:<\/strong><\/h5>\n<p><span style=\"text-decoration: underline\"><a href=\"https:\/\/www.bosch-professional.com\/hr\/hr\/lijepljena-rezna-ploca-pro-stainless-steel-and-metal-za-dugi-vijek-trajanja-za-male-kutne-brusilice-provrt-22-23-mm-3090743-ocs-ac\/\">Sve dodatne informacije su dostupne na Bosch web stranici, klikom na ovaj tekst.<\/a><\/span><\/p>\n<p><em>Bosch \u0161ifra artikla: 2 608 619 773<\/em><\/p>\n<p><em>EAN: 4059952631400<\/em><\/p>\n<p><em>SKU: 733899<\/em><\/p>\n","protected":false},"excerpt":{"rendered":"<p>Rezna plo\u010da PRO Stainless Steel and Metal idealna je za brzo i precizno rezanje nehr\u0111aju\u0107eg \u010delika i metala, uz do<\/p>\n","protected":false},"featured_media":40983,"comment_status":"open","ping_status":"closed","template":"","meta":[],"product_brand":[],"product_cat":[740],"product_tag":[1349],"class_list":{"0":"post-40981","1":"product","2":"type-product","3":"status-publish","4":"has-post-thumbnail","6":"product_cat-rezne-ploce","7":"product_tag-bosch-profesionalni-pribor","9":"first","10":"instock","11":"shipping-taxable","12":"purchasable","13":"product-type-simple"},"wooqr_code":"","_links":{"self":[{"href":"https:\/\/www.gkboje.ba\/en\/wp-json\/wp\/v2\/product\/40981","targetHints":{"allow":["GET"]}}],"collection":[{"href":"https:\/\/www.gkboje.ba\/en\/wp-json\/wp\/v2\/product"}],"about":[{"href":"https:\/\/www.gkboje.ba\/en\/wp-json\/wp\/v2\/types\/product"}],"replies":[{"embeddable":true,"href":"https:\/\/www.gkboje.ba\/en\/wp-json\/wp\/v2\/comments?post=40981"}],"version-history":[{"count":2,"href":"https:\/\/www.gkboje.ba\/en\/wp-json\/wp\/v2\/product\/40981\/revisions"}],"predecessor-version":[{"id":40989,"href":"https:\/\/www.gkboje.ba\/en\/wp-json\/wp\/v2\/product\/40981\/revisions\/40989"}],"wp:featuredmedia":[{"embeddable":true,"href":"https:\/\/www.gkboje.ba\/en\/wp-json\/wp\/v2\/media\/40983"}],"wp:attachment":[{"href":"https:\/\/www.gkboje.ba\/en\/wp-json\/wp\/v2\/media?parent=40981"}],"wp:term":[{"taxonomy":"product_brand","embeddable":true,"href":"https:\/\/www.gkboje.ba\/en\/wp-json\/wp\/v2\/product_brand?post=40981"},{"taxonomy":"product_cat","embeddable":true,"href":"https:\/\/www.gkboje.ba\/en\/wp-json\/wp\/v2\/product_cat?post=40981"},{"taxonomy":"product_tag","embeddable":true,"href":"https:\/\/www.gkboje.ba\/en\/wp-json\/wp\/v2\/product_tag?post=40981"}],"curies":[{"name":"wp","href":"https:\/\/api.w.org\/{rel}","templated":true}]}}