{"id":40947,"date":"2026-01-26T13:22:11","date_gmt":"2026-01-26T12:22:11","guid":{"rendered":"https:\/\/www.gkboje.ba\/?post_type=product&#038;p=40947"},"modified":"2026-04-04T10:59:41","modified_gmt":"2026-04-04T08:59:41","slug":"bosch-set-borera-svrdla-za-metal-hss-pointteq-mini-x-line-7-kom-2-0-10-mm","status":"publish","type":"product","link":"https:\/\/www.gkboje.ba\/en\/proizvod\/bosch-set-borera-svrdla-za-metal-hss-pointteq-mini-x-line-7-kom-2-0-10-mm\/","title":{"rendered":"BOSCH Set borera &#8211; svrdla za metal HSS PointTeQ Mini-X-Line 7 kom (2.0 &#8211; 10 mm)"},"content":{"rendered":"<p><strong>HSS spiralna svrdla PointTeQ Mini-X-Line \u2013 set od 7 komada<\/strong> dizajnirana su za brzo, precizno i pouzdano bu\u0161enje u metalu. Zahvaljuju\u0107i naprednoj <strong>PointTeQ konstrukciji vrha<\/strong>, ova svrdla omogu\u0107avaju znatno br\u017ei po\u010detak bu\u0161enja uz minimalno klizanje i ve\u0107u kontrolu rada.<\/p>\n<p>Posebno oblikovan vrh za centriranje omogu\u0107ava <strong>lake i ta\u010dne po\u010detke bu\u0161enja<\/strong>, dok pove\u0107ana brzina bu\u0161enja smanjuje stvaranje topline i produ\u017eava vijek trajanja svrdla. PointTeQ vrh ostaje o\u0161tar i nakon dugotrajne upotrebe, osiguravaju\u0107i konzistentne performanse.<\/p>\n<p>Svrdla su izra\u0111ena prema standardu <strong>DIN 338, tip N<\/strong>, s vrhom pod uglom od <strong>135\u00b0<\/strong>. Zahvaljuju\u0107i <strong>vrlo elasti\u010dnom tijelu<\/strong> i spirali premazanoj <strong>crnim oksidom<\/strong>, rizik od lomljenja je smanjen, \u010dak i pri zahtjevnijim radovima u metalu.<\/p>\n<h5><strong>Klju\u010dne karakteristike:<\/strong><\/h5>\n<ul>\n<li>Brzo bu\u0161enje u metalu zahvaljuju\u0107i PointTeQ vrhu<\/li>\n<li>Vrh za centriranje sprje\u010dava proklizavanje<\/li>\n<li>Ve\u0107a brzina bu\u0161enja uz manje zagrijavanje<\/li>\n<li>Dugotrajan i o\u0161tar vrh za kontinuiranu izdr\u017eljivost<\/li>\n<li>Smanjen rizik od lomljenja zbog elasti\u010dne konstrukcije<\/li>\n<li>Crno oksidirana spirala za ve\u0107u otpornost<\/li>\n<\/ul>\n<h5><strong>Sadr\u017eaj seta (7 komada):<\/strong><\/h5>\n<ul>\n<li>Promjeri svrdla (mm): 2; 3; 4; 5; 6; 8; 10<\/li>\n<\/ul>\n<h5><strong>Radne i ukupne du\u017eine:<\/strong><\/h5>\n<ul>\n<li>Radna duljina (mm): 24; 33; 43; 52; 57; 75; 87<\/li>\n<li>Ukupna duljina (mm): 49; 61; 75; 86; 93; 117; 133<\/li>\n<\/ul>\n<h5><strong>Dodatne informacije:<\/strong><\/h5>\n<ul>\n<li>Materijal: HSS<\/li>\n<li>Standard: DIN 338<\/li>\n<li>Tip spirale: N<\/li>\n<li>Ugao vrha: 135\u00b0<\/li>\n<li>Pakiranje: plasti\u010dna kutijica s euro-otvorom<\/li>\n<\/ul>\n<h5><strong>Dodatne informacije:<\/strong><\/h5>\n<p><span style=\"text-decoration: underline\"><a href=\"https:\/\/www.bosch-professional.com\/hr\/hr\/setovi-spiralnih-svrdla-hss-pointteq-s-cilindricnim-prihvatom-2867996-ocs-ac\/?queryFromSuggest=true&amp;userInput=+2+608+577+347#sku-2608577347\">Sve dodatne informacije su dostupne na Bosch web stranici, klikom na ovaj tekst.<\/a><\/span><\/p>\n<p><em>Bosch \u0161ifra artikla: 2 608 577 347<\/em><\/p>\n<p><em>EAN: 3165140917650<\/em><\/p>\n<p><em>SKU: 733893<\/em><\/p>\n","protected":false},"excerpt":{"rendered":"<p>HSS spiralna svrdla PointTeQ Mini-X-Line \u2013 set od 7 komada dizajnirana su za brzo, precizno i pouzdano bu\u0161enje u metalu.<\/p>\n","protected":false},"featured_media":40948,"comment_status":"open","ping_status":"closed","template":"","meta":[],"product_brand":[],"product_cat":[728,717],"product_tag":[1349],"class_list":{"0":"post-40947","1":"product","2":"type-product","3":"status-publish","4":"has-post-thumbnail","6":"product_cat-boreri-za-metal","7":"product_cat-setovi-borera-i-pribora","8":"product_tag-bosch-profesionalni-pribor","10":"first","11":"instock","12":"shipping-taxable","13":"purchasable","14":"product-type-simple"},"wooqr_code":"","_links":{"self":[{"href":"https:\/\/www.gkboje.ba\/en\/wp-json\/wp\/v2\/product\/40947","targetHints":{"allow":["GET"]}}],"collection":[{"href":"https:\/\/www.gkboje.ba\/en\/wp-json\/wp\/v2\/product"}],"about":[{"href":"https:\/\/www.gkboje.ba\/en\/wp-json\/wp\/v2\/types\/product"}],"replies":[{"embeddable":true,"href":"https:\/\/www.gkboje.ba\/en\/wp-json\/wp\/v2\/comments?post=40947"}],"version-history":[{"count":1,"href":"https:\/\/www.gkboje.ba\/en\/wp-json\/wp\/v2\/product\/40947\/revisions"}],"predecessor-version":[{"id":40954,"href":"https:\/\/www.gkboje.ba\/en\/wp-json\/wp\/v2\/product\/40947\/revisions\/40954"}],"wp:featuredmedia":[{"embeddable":true,"href":"https:\/\/www.gkboje.ba\/en\/wp-json\/wp\/v2\/media\/40948"}],"wp:attachment":[{"href":"https:\/\/www.gkboje.ba\/en\/wp-json\/wp\/v2\/media?parent=40947"}],"wp:term":[{"taxonomy":"product_brand","embeddable":true,"href":"https:\/\/www.gkboje.ba\/en\/wp-json\/wp\/v2\/product_brand?post=40947"},{"taxonomy":"product_cat","embeddable":true,"href":"https:\/\/www.gkboje.ba\/en\/wp-json\/wp\/v2\/product_cat?post=40947"},{"taxonomy":"product_tag","embeddable":true,"href":"https:\/\/www.gkboje.ba\/en\/wp-json\/wp\/v2\/product_tag?post=40947"}],"curies":[{"name":"wp","href":"https:\/\/api.w.org\/{rel}","templated":true}]}}