{"id":40934,"date":"2026-01-26T11:04:09","date_gmt":"2026-01-26T10:04:09","guid":{"rendered":"https:\/\/www.gkboje.ba\/?post_type=product&#038;p=40934"},"modified":"2026-01-26T11:13:21","modified_gmt":"2026-01-26T10:13:21","slug":"bosch-nasadni-kljuc-bit-s-magnetom-extra-hard-m5-50-x-8-mm","status":"publish","type":"product","link":"https:\/\/www.gkboje.ba\/en\/proizvod\/bosch-nasadni-kljuc-bit-s-magnetom-extra-hard-m5-50-x-8-mm\/","title":{"rendered":"BOSCH Nasadni klju\u010d &#8211; bit s magnetom Extra Hard &#8211; M5 50 x 8 mm"},"content":{"rendered":"<p><strong>Bosch Extra Hard nasadni klju\u010d<\/strong> namijenjen je za univerzalnu upotrebu pri uvrtanju i odvrtanju vijaka, gdje je potrebna pouzdanost i dug vijek trajanja pribora. Zahvaljuju\u0107i kvalitetnoj izradi i optimiziranoj toplinskoj obradi, ovaj nasadni klju\u010d pru\u017ea stabilne performanse u svakodnevnim monta\u017enim i servisnim radovima.<\/p>\n<p>Izra\u0111en je od <strong>modificiranog S2 \u010delika<\/strong>, koji u kombinaciji s posebno prilago\u0111enim postupkom toplinske obrade osigurava <strong>posebnu tvrdo\u0107u i otpornost na habanje<\/strong>. Integrirani <strong>magnetski dr\u017ea\u010d<\/strong> omogu\u0107ava sigurno dr\u017eanje vijaka, smanjuje klizanje i olak\u0161ava precizan rad.<\/p>\n<p><strong>\u0160esterostrani prihvat od 1\/4&#8243;<\/strong> osigurava \u010dvrst spoj i maksimalan prijenos obrtnog momenta, \u010dine\u0107i nasadni klju\u010d kompatibilnim s tro\u010deljusnim steznim glavama i unutarnjim \u0161esterostranim dr\u017ea\u010dima alata.<\/p>\n<h5><strong>Klju\u010dne karakteristike:<\/strong><\/h5>\n<ul>\n<li>Extra Hard izvedba za univerzalnu upotrebu<\/li>\n<li>Modificirani S2 \u010delik za visoku tvrdo\u0107u i dug vijek trajanja<\/li>\n<li>Optimiziran postupak toplinske obrade<\/li>\n<li>Magnetski dr\u017ea\u010d za sigurno dr\u017eanje vijaka i manje klizanja<\/li>\n<li>\u0160esterostrani prihvat za maksimalan prijenos obrtnog momenta<\/li>\n<\/ul>\n<h5><strong>Tehni\u010dke specifikacije:<\/strong><\/h5>\n<ul>\n<li>Duljina: 50 mm<\/li>\n<li>\u0160irina klju\u010da: 8 mm<\/li>\n<li>Prihvat: 1\/4&#8243; \u0161esterostrani<\/li>\n<li>Namjena: vijci s navojem M5<\/li>\n<\/ul>\n<h5><strong>Kompatibilnost:<\/strong><\/h5>\n<ul>\n<li>Tro\u010deljusne stezne glave<\/li>\n<li>Unutarnji \u0161esterostrani dr\u017ea\u010di alata od 1\/4&#8243;<\/li>\n<\/ul>\n<h5><strong>Dodatne informacije:<\/strong><\/h5>\n<p><span style=\"text-decoration: underline\"><a href=\"https:\/\/www.bosch-professional.com\/hr\/hr\/nasadni-kljucevi-extra-hard-za-vijke-sa-sesterostranim-prihvatom-2868507-ocs-ac\/?queryFromSuggest=true&amp;userInput=2+608+550+080#sku-2608550080\">Sve dodatne informacije su dostupne na Bosch web stranici, klikom na ovaj tekst.<\/a><\/span><\/p>\n<p><em>Bosch \u0161ifra artikla: 2 608 550 080<\/em><\/p>\n<p><em>EAN: 3165140084987<\/em><\/p>\n<p><em>SKU: 733890<\/em><\/p>\n","protected":false},"excerpt":{"rendered":"<p>Bosch Extra Hard nasadni klju\u010d namijenjen je za univerzalnu upotrebu pri uvrtanju i odvrtanju vijaka, gdje je potrebna pouzdanost i<\/p>\n","protected":false},"featured_media":40935,"comment_status":"open","ping_status":"closed","template":"","meta":[],"product_brand":[],"product_cat":[731],"product_tag":[1349],"class_list":{"0":"post-40934","1":"product","2":"type-product","3":"status-publish","4":"has-post-thumbnail","6":"product_cat-nasadni-kljucevi-za-busilicu","7":"product_tag-bosch-profesionalni-pribor","9":"first","10":"instock","11":"shipping-taxable","12":"purchasable","13":"product-type-simple"},"wooqr_code":"","_links":{"self":[{"href":"https:\/\/www.gkboje.ba\/en\/wp-json\/wp\/v2\/product\/40934","targetHints":{"allow":["GET"]}}],"collection":[{"href":"https:\/\/www.gkboje.ba\/en\/wp-json\/wp\/v2\/product"}],"about":[{"href":"https:\/\/www.gkboje.ba\/en\/wp-json\/wp\/v2\/types\/product"}],"replies":[{"embeddable":true,"href":"https:\/\/www.gkboje.ba\/en\/wp-json\/wp\/v2\/comments?post=40934"}],"version-history":[{"count":1,"href":"https:\/\/www.gkboje.ba\/en\/wp-json\/wp\/v2\/product\/40934\/revisions"}],"predecessor-version":[{"id":40937,"href":"https:\/\/www.gkboje.ba\/en\/wp-json\/wp\/v2\/product\/40934\/revisions\/40937"}],"wp:featuredmedia":[{"embeddable":true,"href":"https:\/\/www.gkboje.ba\/en\/wp-json\/wp\/v2\/media\/40935"}],"wp:attachment":[{"href":"https:\/\/www.gkboje.ba\/en\/wp-json\/wp\/v2\/media?parent=40934"}],"wp:term":[{"taxonomy":"product_brand","embeddable":true,"href":"https:\/\/www.gkboje.ba\/en\/wp-json\/wp\/v2\/product_brand?post=40934"},{"taxonomy":"product_cat","embeddable":true,"href":"https:\/\/www.gkboje.ba\/en\/wp-json\/wp\/v2\/product_cat?post=40934"},{"taxonomy":"product_tag","embeddable":true,"href":"https:\/\/www.gkboje.ba\/en\/wp-json\/wp\/v2\/product_tag?post=40934"}],"curies":[{"name":"wp","href":"https:\/\/api.w.org\/{rel}","templated":true}]}}