{"id":40884,"date":"2026-01-25T18:15:12","date_gmt":"2026-01-25T17:15:12","guid":{"rendered":"https:\/\/www.gkboje.ba\/?post_type=product&#038;p=40884"},"modified":"2026-01-25T18:38:45","modified_gmt":"2026-01-25T17:38:45","slug":"bosch-loncasta-zicana-cetka-za-busilicu-50-75-mm","status":"publish","type":"product","link":"https:\/\/www.gkboje.ba\/en\/proizvod\/bosch-loncasta-zicana-cetka-za-busilicu-50-75-mm\/","title":{"rendered":"BOSCH Lon\u010dasta \u017ei\u010dana \u010detka za bu\u0161ilicu (50 &#8211; 75 mm)"},"content":{"rendered":"<p><strong>Lon\u010dasta \u010detka za bu\u0161ilice \u2013 valovita \u017eica<\/strong> namijenjena je za efikasnu obradu metalnih povr\u0161ina. Zahvaljuju\u0107i kvalitetnoj valovitoj \u010deli\u010dnoj \u017eici, ova \u010detka omogu\u0107ava pouzdano uklanjanje povr\u0161inskih ne\u010disto\u0107a i pripremu materijala uz kontrolisan i ravnomjeran rad.<\/p>\n<p>Idealan je dodatak za bu\u0161ilice kada je potrebno ukloniti <strong>hr\u0111u, staru boju ili lak<\/strong>. Konstrukcija lon\u010daste \u010detke omogu\u0107ava dobar kontakt s povr\u0161inom i stabilan rad \u010dak i na neravnim dijelovima.<\/p>\n<p>Tokom rada preporu\u010duje se kori\u0161tenje <strong>za\u0161titnih nao\u010dala, maske za pra\u0161inu i radnih rukavica<\/strong> radi sigurnosti.<\/p>\n<h5><strong>Klju\u010dne prednosti:<\/strong><\/h5>\n<ul>\n<li>Valovita \u010deli\u010dna \u017eica za kontrolisanu i efikasnu obradu<\/li>\n<li>Pogodna za uklanjanje hr\u0111e, boje i laka<\/li>\n<li>Omogu\u0107ava izravnavanje i matiranje metalnih povr\u0161ina<\/li>\n<\/ul>\n<h5><strong>Dostupne veli\u010dine:<\/strong><\/h5>\n<ul>\n<li>\u00d8 50 x 6 mm, \u00d8 75 x 6 mm<\/li>\n<\/ul>\n","protected":false},"excerpt":{"rendered":"<p>Lon\u010dasta \u010detka za bu\u0161ilice \u2013 valovita \u017eica namijenjena je za efikasnu obradu metalnih povr\u0161ina. Zahvaljuju\u0107i kvalitetnoj valovitoj \u010deli\u010dnoj \u017eici, ova<\/p>\n","protected":false},"featured_media":40885,"comment_status":"open","ping_status":"closed","template":"","meta":[],"product_brand":[],"product_cat":[721],"product_tag":[1349],"class_list":{"0":"post-40884","1":"product","2":"type-product","3":"status-publish","4":"has-post-thumbnail","6":"product_cat-cetke-za-busilice","7":"product_tag-bosch-profesionalni-pribor","9":"first","10":"instock","11":"shipping-taxable","12":"purchasable","13":"product-type-variable","14":"has-default-attributes"},"wooqr_code":"","_links":{"self":[{"href":"https:\/\/www.gkboje.ba\/en\/wp-json\/wp\/v2\/product\/40884","targetHints":{"allow":["GET"]}}],"collection":[{"href":"https:\/\/www.gkboje.ba\/en\/wp-json\/wp\/v2\/product"}],"about":[{"href":"https:\/\/www.gkboje.ba\/en\/wp-json\/wp\/v2\/types\/product"}],"replies":[{"embeddable":true,"href":"https:\/\/www.gkboje.ba\/en\/wp-json\/wp\/v2\/comments?post=40884"}],"version-history":[{"count":1,"href":"https:\/\/www.gkboje.ba\/en\/wp-json\/wp\/v2\/product\/40884\/revisions"}],"predecessor-version":[{"id":40889,"href":"https:\/\/www.gkboje.ba\/en\/wp-json\/wp\/v2\/product\/40884\/revisions\/40889"}],"wp:featuredmedia":[{"embeddable":true,"href":"https:\/\/www.gkboje.ba\/en\/wp-json\/wp\/v2\/media\/40885"}],"wp:attachment":[{"href":"https:\/\/www.gkboje.ba\/en\/wp-json\/wp\/v2\/media?parent=40884"}],"wp:term":[{"taxonomy":"product_brand","embeddable":true,"href":"https:\/\/www.gkboje.ba\/en\/wp-json\/wp\/v2\/product_brand?post=40884"},{"taxonomy":"product_cat","embeddable":true,"href":"https:\/\/www.gkboje.ba\/en\/wp-json\/wp\/v2\/product_cat?post=40884"},{"taxonomy":"product_tag","embeddable":true,"href":"https:\/\/www.gkboje.ba\/en\/wp-json\/wp\/v2\/product_tag?post=40884"}],"curies":[{"name":"wp","href":"https:\/\/api.w.org\/{rel}","templated":true}]}}