{"id":40700,"date":"2026-01-23T08:17:22","date_gmt":"2026-01-23T07:17:22","guid":{"rendered":"https:\/\/www.gkboje.ba\/?post_type=product&#038;p=40700"},"modified":"2026-01-23T08:32:45","modified_gmt":"2026-01-23T07:32:45","slug":"bosch-reciprocna-sabljasta-pila-lisiciji-rep-gsa-12-30-professional","status":"publish","type":"product","link":"https:\/\/www.gkboje.ba\/en\/proizvod\/bosch-reciprocna-sabljasta-pila-lisiciji-rep-gsa-12-30-professional\/","title":{"rendered":"BOSCH Recipro\u010dna &#8211; sabljasta pila &#8211; lisi\u010diji rep GSA 12-30 Professional"},"content":{"rendered":"<p><strong>Bosch GSA 12-30 Professional<\/strong> je sna\u017ena i ergonomski optimizirana sabljasta pila namijenjena brzom i efikasnom ru\u0161enju i rezanju razli\u010ditih materijala. Zahvaljuju\u0107i sna\u017enom motoru i dugom hodu od 30 mm, ovaj alat omogu\u0107ava znatno ve\u0107u brzinu rezanja, posebno kod zahtjevnih radova poput rezanja metalnih cijevi, drvenih konstrukcija i kombinovanih materijala.<\/p>\n<p>Optimizirane vibracije alata, koje su usmjerene u pravcu rezanja, omogu\u0107avaju glatko i kontrolisano rezanje uz manji zamor korisnika. Ergonomski pobolj\u0161an dizajn stra\u017enjeg i prednjeg rukohvata, zajedno s mekanim rukohvatom, omogu\u0107ava udoban rad u bilo kojem polo\u017eaju i pod razli\u010ditim uglovima, \u010dak i tokom dugotrajnog kori\u0161tenja. Ova sabljasta pila je pouzdan izbor za profesionalce koji tra\u017ee brzinu, udobnost i visoku efikasnost pri ru\u0161enju i demonta\u017ei.<\/p>\n<h5><strong>Klju\u010dne karakteristike:<\/strong><\/h5>\n<ul>\n<li><strong>Optimizirane vibracije alata<\/strong> \u2013 omogu\u0107avaju brzo i glatko rezanje materijala, posebno metalnih cijevi.<\/li>\n<li><strong>Dugi hod od 30 mm<\/strong> \u2013 osigurava ve\u0107u brzinu rezanja i visoku efikasnost.<\/li>\n<li><strong>Sna\u017ean motor od 1.250 W<\/strong> \u2013 pouzdan rad pri zahtjevnim zadacima ru\u0161enja.<\/li>\n<li><strong>Ergonomski dizajn rukohvata<\/strong> \u2013 udoban rad u svim polo\u017eajima i pod razli\u010ditim uglovima.<\/li>\n<li><strong>Okida\u010d promjenjive brzine<\/strong> \u2013 bolja kontrola tokom rezanja.<\/li>\n<li><strong>Brza izmjena lista pile<\/strong> \u2013 dr\u017ea\u010d lista pile bez potrebe za dodatnim alatom.<\/li>\n<\/ul>\n<h5><strong>Tehni\u010dke specifikacije:<\/strong><\/h5>\n<ul>\n<li><strong>Nazivna ulazna snaga:<\/strong> 1.250 W<\/li>\n<li><strong>Napon:<\/strong> 230 V<\/li>\n<li><strong>Duljina hoda:<\/strong> 30 mm<\/li>\n<li><strong>Broj hodova u praznom hodu:<\/strong> 2.700 \u2013 3.300 min\u207b\u00b9<\/li>\n<li><strong>Maksimalna dubina rezanja u drvu:<\/strong> 220 mm<\/li>\n<li><strong>Maksimalna dubina rezanja u \u010deliku:<\/strong> 20 mm<\/li>\n<li><strong>Te\u017eina:<\/strong> 3.7 kg<\/li>\n<\/ul>\n<h5><strong>Pogodno za:<\/strong><\/h5>\n<ul>\n<li>Rezanje \u010deli\u010dnih i plasti\u010dnih cijevi.<\/li>\n<li>Rezanje okvira prozora i vrata od metala, drva ili plastike.<\/li>\n<li>Ru\u0161enje zidova od drva, cigle ili \u0161perplo\u010de.<\/li>\n<li>Popravku paleta i rastavljanje automobila.<\/li>\n<\/ul>\n<h5><strong>Isporu\u010deni pribor:<\/strong><\/h5>\n<ul>\n<li>1 x list sabljaste pile S 2345 X, Progressor for Wood<\/li>\n<li>1 x list sabljaste pile S 1127 BEF, Endurance for Heavy Metal<\/li>\n<li>Kov\u010deg<\/li>\n<\/ul>\n<h5><strong>Dodatne informacije:<\/strong><\/h5>\n<p><span style=\"text-decoration: underline\"><a href=\"https:\/\/www.bosch-professional.com\/hr\/hr\/products\/gsa-12-30-06016C7000\">Sve dodatne informacije su dostupne na Bosch web stranici, klikom na ovaj tekst.<\/a><\/span><\/p>\n<p><a href=\"https:\/\/www.youtube.com\/watch?v=q3McbLQSQWQ\"><span style=\"text-decoration: underline\">Link video opisa i demonstracije artikla.<\/span><\/a><\/p>\n<p><em>Bosch \u0161ifra artikla: 0 601 6C7 000\u00a0<\/em><\/p>\n<p><em>EAN: 4053423302387<\/em><\/p>\n<p><em>SKU: 733864<\/em><\/p>\n","protected":false},"excerpt":{"rendered":"<p>Bosch GSA 12-30 Professional je sna\u017ena i ergonomski optimizirana sabljasta pila namijenjena brzom i efikasnom ru\u0161enju i rezanju razli\u010ditih materijala.<\/p>\n","protected":false},"featured_media":40701,"comment_status":"open","ping_status":"closed","template":"","meta":[],"product_brand":[],"product_cat":[1300],"product_tag":[],"class_list":{"0":"post-40700","1":"product","2":"type-product","3":"status-publish","4":"has-post-thumbnail","6":"product_cat-reciprocne-pile-lisiciji-rep","8":"first","9":"instock","10":"sale","11":"shipping-taxable","12":"purchasable","13":"product-type-simple"},"wooqr_code":"","_links":{"self":[{"href":"https:\/\/www.gkboje.ba\/en\/wp-json\/wp\/v2\/product\/40700","targetHints":{"allow":["GET"]}}],"collection":[{"href":"https:\/\/www.gkboje.ba\/en\/wp-json\/wp\/v2\/product"}],"about":[{"href":"https:\/\/www.gkboje.ba\/en\/wp-json\/wp\/v2\/types\/product"}],"replies":[{"embeddable":true,"href":"https:\/\/www.gkboje.ba\/en\/wp-json\/wp\/v2\/comments?post=40700"}],"version-history":[{"count":1,"href":"https:\/\/www.gkboje.ba\/en\/wp-json\/wp\/v2\/product\/40700\/revisions"}],"predecessor-version":[{"id":40714,"href":"https:\/\/www.gkboje.ba\/en\/wp-json\/wp\/v2\/product\/40700\/revisions\/40714"}],"wp:featuredmedia":[{"embeddable":true,"href":"https:\/\/www.gkboje.ba\/en\/wp-json\/wp\/v2\/media\/40701"}],"wp:attachment":[{"href":"https:\/\/www.gkboje.ba\/en\/wp-json\/wp\/v2\/media?parent=40700"}],"wp:term":[{"taxonomy":"product_brand","embeddable":true,"href":"https:\/\/www.gkboje.ba\/en\/wp-json\/wp\/v2\/product_brand?post=40700"},{"taxonomy":"product_cat","embeddable":true,"href":"https:\/\/www.gkboje.ba\/en\/wp-json\/wp\/v2\/product_cat?post=40700"},{"taxonomy":"product_tag","embeddable":true,"href":"https:\/\/www.gkboje.ba\/en\/wp-json\/wp\/v2\/product_tag?post=40700"}],"curies":[{"name":"wp","href":"https:\/\/api.w.org\/{rel}","templated":true}]}}