{"id":40398,"date":"2025-12-30T12:24:02","date_gmt":"2025-12-30T11:24:02","guid":{"rendered":"https:\/\/www.gkboje.ba\/?post_type=product&#038;p=40398"},"modified":"2026-01-03T12:58:07","modified_gmt":"2026-01-03T11:58:07","slug":"villager-punjac-i-starter-za-akumulator-vcsb-24-s-12-24-v","status":"publish","type":"product","link":"https:\/\/www.gkboje.ba\/en\/proizvod\/villager-punjac-i-starter-za-akumulator-vcsb-24-s-12-24-v\/","title":{"rendered":"VILLAGER Punja\u010d i starter za akumulator VCSB 24 S &#8211; 12\/24 V"},"content":{"rendered":"<p><strong>VCSB 24 S punja\u010d i starter za akumlator <\/strong>je pouzdan ure\u0111aj za punjenje i pokretanje automobilskih akumulatora, namijenjen ku\u0107noj i radioni\u010dkoj upotrebi. Omogu\u0107ava punjenje i startanje 12 V i 24 V akumulatora uz jednostavno rukovanje i siguran rad.<\/p>\n<h5><strong>Karakteristike:<\/strong><\/h5>\n<ul>\n<li><strong>Kategorija:<\/strong> Punja\u010d akumulatora za automobile<\/li>\n<li><strong>Napon:<\/strong> 230 V ~ 50 Hz<\/li>\n<li><strong>Napon punjenja:<\/strong> 12 \/ 24 V<\/li>\n<li><strong>Program punjenja:<\/strong> 2<\/li>\n<li><strong>Kapacitet punjenja:<\/strong> 8 \u2013 225 Ah<\/li>\n<li><strong>Maksimalna struja punjenja:<\/strong> 8 \/ 16 A<\/li>\n<li><strong>Kontinuirana struja punjenja:<\/strong> 2 A<\/li>\n<li><strong>Napon startanja:<\/strong> 12 \/ 24 V<\/li>\n<li><strong>Maksimalna startna struja:<\/strong> 75 A<\/li>\n<li><strong>Snaga (optere\u0107enje):<\/strong> 550 W<\/li>\n<li><strong>Te\u017eina:<\/strong> cca 8,1 kg<\/li>\n<li><strong>Barkod:<\/strong> 8605032619743<\/li>\n<\/ul>\n<h5><strong>Opis proizvoda:<\/strong><\/h5>\n<p>VCSB 24 S punja\u010d i starter akumulatora dizajniran je za efikasno punjenje \u0161irokog raspona olovno-kiselinskih akumulatora te za pomo\u0107 pri pokretanju vozila s ispra\u017enjenom baterijom. Zahvaljuju\u0107i mogu\u0107nosti rada na 12 V i 24 V sistemima, pogodan je za automobile, kombije i lak\u0161a teretna vozila. Kompaktan dizajn i robusna izrada omogu\u0107avaju dugotrajan i siguran rad.<\/p>\n","protected":false},"excerpt":{"rendered":"<p>VCSB 24 S punja\u010d i starter za akumlator je pouzdan ure\u0111aj za punjenje i pokretanje automobilskih akumulatora, namijenjen ku\u0107noj i<\/p>\n","protected":false},"featured_media":40401,"comment_status":"open","ping_status":"closed","template":"","meta":[],"product_brand":[],"product_cat":[1257],"product_tag":[],"class_list":{"0":"post-40398","1":"product","2":"type-product","3":"status-publish","4":"has-post-thumbnail","6":"product_cat-ostali-akumulatorski-alati-i-uredjaji","8":"first","9":"instock","10":"sale","11":"shipping-taxable","12":"purchasable","13":"product-type-simple"},"wooqr_code":"","_links":{"self":[{"href":"https:\/\/www.gkboje.ba\/en\/wp-json\/wp\/v2\/product\/40398","targetHints":{"allow":["GET"]}}],"collection":[{"href":"https:\/\/www.gkboje.ba\/en\/wp-json\/wp\/v2\/product"}],"about":[{"href":"https:\/\/www.gkboje.ba\/en\/wp-json\/wp\/v2\/types\/product"}],"replies":[{"embeddable":true,"href":"https:\/\/www.gkboje.ba\/en\/wp-json\/wp\/v2\/comments?post=40398"}],"version-history":[{"count":2,"href":"https:\/\/www.gkboje.ba\/en\/wp-json\/wp\/v2\/product\/40398\/revisions"}],"predecessor-version":[{"id":40404,"href":"https:\/\/www.gkboje.ba\/en\/wp-json\/wp\/v2\/product\/40398\/revisions\/40404"}],"wp:featuredmedia":[{"embeddable":true,"href":"https:\/\/www.gkboje.ba\/en\/wp-json\/wp\/v2\/media\/40401"}],"wp:attachment":[{"href":"https:\/\/www.gkboje.ba\/en\/wp-json\/wp\/v2\/media?parent=40398"}],"wp:term":[{"taxonomy":"product_brand","embeddable":true,"href":"https:\/\/www.gkboje.ba\/en\/wp-json\/wp\/v2\/product_brand?post=40398"},{"taxonomy":"product_cat","embeddable":true,"href":"https:\/\/www.gkboje.ba\/en\/wp-json\/wp\/v2\/product_cat?post=40398"},{"taxonomy":"product_tag","embeddable":true,"href":"https:\/\/www.gkboje.ba\/en\/wp-json\/wp\/v2\/product_tag?post=40398"}],"curies":[{"name":"wp","href":"https:\/\/api.w.org\/{rel}","templated":true}]}}