{"id":40292,"date":"2025-12-27T14:23:30","date_gmt":"2025-12-27T13:23:30","guid":{"rendered":"https:\/\/www.gkboje.ba\/?post_type=product&#038;p=40292"},"modified":"2026-01-03T12:05:34","modified_gmt":"2026-01-03T11:05:34","slug":"villager-pneumatska-cegrtaljka-sa-gedorom-wf-003","status":"publish","type":"product","link":"https:\/\/www.gkboje.ba\/en\/proizvod\/villager-pneumatska-cegrtaljka-sa-gedorom-wf-003\/","title":{"rendered":"VILLAGER Pneumatska \u010degrtaljka sa gedorom WF 003"},"content":{"rendered":"<p><strong>Pneumatska \u010degrtaljka sa gedorom WF 003<\/strong> pouzdan je pneumatski alat namijenjen brzom i u\u010dinkovitom radu pri monta\u017ei i demonta\u017ei vij\u010danih spojeva.<\/p>\n<h5><strong>Karakteristike:<\/strong><\/h5>\n<ul>\n<li><strong>Kategorija:<\/strong> Pneumatski alat<\/li>\n<li><strong>Maksimalni obrtni moment:<\/strong> 61 Nm<\/li>\n<li><strong>Priklju\u010dak:<\/strong> 1\/2&#8243;<\/li>\n<\/ul>\n<h5><strong>Oprema u kompletu:<\/strong><\/h5>\n<ul>\n<li>7 \u00d7 nasadni klju\u010devi: 9, 10, 11, 13, 14, 17, 19 mm<\/li>\n<li>1 \u00d7 produ\u017eni nastavak<\/li>\n<li>3 \u00d7 nastavka (ravni \/ kri\u017eni)<\/li>\n<li>1 \u00d7 ulje za podmazivanje<\/li>\n<\/ul>\n<h5><strong>Opis proizvoda:<\/strong><\/h5>\n<p>Pneumatska \u010degrtaljka WF 003 idealna je za radionice, servisne centre i ku\u0107ne korisnike koji tra\u017ee sna\u017ean i kompaktan alat. Zahvaljuju\u0107i ergonomskom dizajnu i obrtnoj snazi od 61 Nm omogu\u0107uje udoban rad i jednostavno zatezanje ili otpu\u0161tanje vijaka i matica u te\u0161ko dostupnim prostorima.<\/p>\n","protected":false},"excerpt":{"rendered":"<p>Pneumatska \u010degrtaljka sa gedorom WF 003 pouzdan je pneumatski alat namijenjen brzom i u\u010dinkovitom radu pri monta\u017ei i demonta\u017ei vij\u010danih<\/p>\n","protected":false},"featured_media":40293,"comment_status":"open","ping_status":"closed","template":"","meta":[],"product_brand":[],"product_cat":[1140],"product_tag":[],"class_list":{"0":"post-40292","1":"product","2":"type-product","3":"status-publish","4":"has-post-thumbnail","6":"product_cat-pneumatski-udarni-pistolji-odvijaci","8":"first","9":"instock","10":"sale","11":"shipping-taxable","12":"purchasable","13":"product-type-simple"},"wooqr_code":"","_links":{"self":[{"href":"https:\/\/www.gkboje.ba\/en\/wp-json\/wp\/v2\/product\/40292","targetHints":{"allow":["GET"]}}],"collection":[{"href":"https:\/\/www.gkboje.ba\/en\/wp-json\/wp\/v2\/product"}],"about":[{"href":"https:\/\/www.gkboje.ba\/en\/wp-json\/wp\/v2\/types\/product"}],"replies":[{"embeddable":true,"href":"https:\/\/www.gkboje.ba\/en\/wp-json\/wp\/v2\/comments?post=40292"}],"version-history":[{"count":2,"href":"https:\/\/www.gkboje.ba\/en\/wp-json\/wp\/v2\/product\/40292\/revisions"}],"predecessor-version":[{"id":40299,"href":"https:\/\/www.gkboje.ba\/en\/wp-json\/wp\/v2\/product\/40292\/revisions\/40299"}],"wp:featuredmedia":[{"embeddable":true,"href":"https:\/\/www.gkboje.ba\/en\/wp-json\/wp\/v2\/media\/40293"}],"wp:attachment":[{"href":"https:\/\/www.gkboje.ba\/en\/wp-json\/wp\/v2\/media?parent=40292"}],"wp:term":[{"taxonomy":"product_brand","embeddable":true,"href":"https:\/\/www.gkboje.ba\/en\/wp-json\/wp\/v2\/product_brand?post=40292"},{"taxonomy":"product_cat","embeddable":true,"href":"https:\/\/www.gkboje.ba\/en\/wp-json\/wp\/v2\/product_cat?post=40292"},{"taxonomy":"product_tag","embeddable":true,"href":"https:\/\/www.gkboje.ba\/en\/wp-json\/wp\/v2\/product_tag?post=40292"}],"curies":[{"name":"wp","href":"https:\/\/api.w.org\/{rel}","templated":true}]}}