{"id":40201,"date":"2025-12-23T14:29:31","date_gmt":"2025-12-23T13:29:31","guid":{"rendered":"https:\/\/www.gkboje.ba\/?post_type=product&#038;p=40201"},"modified":"2026-01-06T07:39:30","modified_gmt":"2026-01-06T06:39:30","slug":"bosch-skoc-matflex-brusna-spuzva-od-flisa-n880-100mm-10m-expert","status":"publish","type":"product","link":"https:\/\/www.gkboje.ba\/en\/proizvod\/bosch-skoc-matflex-brusna-spuzva-od-flisa-n880-100mm-10m-expert\/","title":{"rendered":"BOSCH Sko\u010d &#8211; matflex brusna spu\u017eva od flisa N880 &#8211; 100mm\/10m EXPERT"},"content":{"rendered":"<p><strong>Rola od flisa EXPERT N880<\/strong> namijenjena je za ru\u010dno bru\u0161enje i pru\u017ea iznimno dug vijek trajanja te dosljednu kvalitetu zavr\u0161ne obrade metala.<\/p>\n<h5><strong>Glavne prednosti:<\/strong><\/h5>\n<ul>\n<li><strong>Traje do 3 puta dulje<\/strong> od brusnog lista za ru\u010dno bru\u0161enje Bosch J475.<\/li>\n<li><strong>Dugi vijek trajanja<\/strong> pri zavr\u0161noj obradi metala.<\/li>\n<li><strong>Jako i fleksibilno vezivo<\/strong> s Bosch Surface Structure tehnologijom.<\/li>\n<li><strong>3D struktura flisa<\/strong> omogu\u0107uje prodor brusnih zrna kroz cijeli materijal.<\/li>\n<li><strong>Dosljedan rez i zavr\u0161na obrada<\/strong> zahvaljuju\u0107i tehnologiji kri\u017enog (unakrsnog) polaganja.<\/li>\n<\/ul>\n<h5><strong>Tehnologija Surface Structure:<\/strong><\/h5>\n<p>Bosch Surface Structure tehnologija kombinira naprednu tehnologiju brusnog pribora i vrhunsku stru\u010dnost u proizvodnji. Trodimenzionalna struktura flisa izra\u0111ena tehnologijom unakrsnog polaganja osigurava stalne performanse tijekom cijelog vijeka trajanja proizvoda.<\/p>\n<h5><strong>Prednosti u radu:<\/strong><\/h5>\n<ul>\n<li>Ujedna\u010dena i visokokvalitetna zavr\u0161na obrada<\/li>\n<li>Manje tro\u0161enja i du\u017ei radni vijek<\/li>\n<li>Bez frustracija zbog skidanja brusnog zrna<\/li>\n<li>Profesionalni rezultati uz ni\u017ee tro\u0161kove<\/li>\n<\/ul>\n<h5><strong>Primjena:<\/strong><\/h5>\n<ul>\n<li>Zavr\u0161na obrada metala<\/li>\n<li>Vrlo fini ru\u010dni radovi<\/li>\n<li>\u010ci\u0161\u0107enje i ujedna\u010davanje metalnih povr\u0161ina<\/li>\n<\/ul>\n<h5><strong>Tehni\u010dki podaci:<\/strong><\/h5>\n<ul>\n<li><strong>Serija:<\/strong> Bosch EXPERT N880<\/li>\n<li><strong>Vrsta:<\/strong> Rola od flisa za ru\u010dno bru\u0161enje<\/li>\n<li><strong>Dimenzije:<\/strong> 100 mm x 10 m<\/li>\n<li><strong>Kategorija fino\u0107e:<\/strong> A (vrlo fino)<\/li>\n<\/ul>\n<h5><strong>Dodatne informacije:<\/strong><\/h5>\n<p><span style=\"text-decoration: underline\"><a href=\"https:\/\/www.bosch-professional.com\/hr\/hr\/rola-flisa-expert-n880-za-rucno-brusenje-2867618-ocs-ac\/?queryFromSuggest=true&amp;userInput=2608901224#sku-2608901224\">Sve dodatne informacije su dostupne na Bosch web stranici, klikom na ovaj tekst.<\/a><\/span><\/p>\n","protected":false},"excerpt":{"rendered":"<p><strong>Napomena:\u00a0<\/strong>Cijena je izra\u017eena na 1 metar (u rolni do\u0111e 10 metara).<\/p>\n","protected":false},"featured_media":40206,"comment_status":"open","ping_status":"closed","template":"","meta":[],"product_brand":[],"product_cat":[1200],"product_tag":[1349],"class_list":{"0":"post-40201","1":"product","2":"type-product","3":"status-publish","4":"has-post-thumbnail","6":"product_cat-matflex-skoc-spuzve","7":"product_tag-bosch-profesionalni-pribor","9":"first","10":"instock","11":"shipping-taxable","12":"purchasable","13":"product-type-simple"},"wooqr_code":"","_links":{"self":[{"href":"https:\/\/www.gkboje.ba\/en\/wp-json\/wp\/v2\/product\/40201","targetHints":{"allow":["GET"]}}],"collection":[{"href":"https:\/\/www.gkboje.ba\/en\/wp-json\/wp\/v2\/product"}],"about":[{"href":"https:\/\/www.gkboje.ba\/en\/wp-json\/wp\/v2\/types\/product"}],"replies":[{"embeddable":true,"href":"https:\/\/www.gkboje.ba\/en\/wp-json\/wp\/v2\/comments?post=40201"}],"version-history":[{"count":1,"href":"https:\/\/www.gkboje.ba\/en\/wp-json\/wp\/v2\/product\/40201\/revisions"}],"predecessor-version":[{"id":40222,"href":"https:\/\/www.gkboje.ba\/en\/wp-json\/wp\/v2\/product\/40201\/revisions\/40222"}],"wp:featuredmedia":[{"embeddable":true,"href":"https:\/\/www.gkboje.ba\/en\/wp-json\/wp\/v2\/media\/40206"}],"wp:attachment":[{"href":"https:\/\/www.gkboje.ba\/en\/wp-json\/wp\/v2\/media?parent=40201"}],"wp:term":[{"taxonomy":"product_brand","embeddable":true,"href":"https:\/\/www.gkboje.ba\/en\/wp-json\/wp\/v2\/product_brand?post=40201"},{"taxonomy":"product_cat","embeddable":true,"href":"https:\/\/www.gkboje.ba\/en\/wp-json\/wp\/v2\/product_cat?post=40201"},{"taxonomy":"product_tag","embeddable":true,"href":"https:\/\/www.gkboje.ba\/en\/wp-json\/wp\/v2\/product_tag?post=40201"}],"curies":[{"name":"wp","href":"https:\/\/api.w.org\/{rel}","templated":true}]}}