{"id":40174,"date":"2025-12-23T14:04:59","date_gmt":"2025-12-23T13:04:59","guid":{"rendered":"https:\/\/www.gkboje.ba\/?post_type=product&#038;p=40174"},"modified":"2026-01-06T07:39:34","modified_gmt":"2026-01-06T06:39:34","slug":"bosch-expert-brusna-mreza-m480-100-150-gr-225mm","status":"publish","type":"product","link":"https:\/\/www.gkboje.ba\/en\/proizvod\/bosch-expert-brusna-mreza-m480-100-150-gr-225mm\/","title":{"rendered":"BOSCH Brusna mre\u017ea M480 (100 &#8211; 150 GR) &#8211; 225mm EXPERT"},"content":{"rendered":"<p><strong>EXPERT M480 brusna mre\u017ea<\/strong> namijenjena je za brusilice za podove i omogu\u0107uje iznimno u\u010dinkovito bru\u0161enje uz znatno smanjenu koli\u010dinu pra\u0161ine pri obradi drva, boje i gips-kartonskih plo\u010da.<\/p>\n<h5><strong>Glavne prednosti:<\/strong><\/h5>\n<ul>\n<li><strong>Do 4 puta manje pra\u0161ine<\/strong> u usporedbi s brusnim papirom Bosch C420.<\/li>\n<li><strong>Otvorena mre\u017easta struktura<\/strong> omogu\u0107uje izravno usisavanje pra\u0161ine kroz cijelu povr\u0161inu.<\/li>\n<li><strong>Particle Control tehnologija<\/strong> \u2013 vrlo u\u010dinkovito odvo\u0111enje pra\u0161ine u usisava\u010d ili filtar.<\/li>\n<li><strong>Dug vijek trajanja<\/strong> \u2013 mre\u017ea se ne zapunjava kao klasi\u010dni brusni papir.<\/li>\n<li><strong>Jednostavno pri\u010dvr\u0161\u0107ivanje<\/strong> \u2013 samo zalijepite pomo\u0107u \u010di\u010dka.<\/li>\n<\/ul>\n<h5><strong>Tehnologija Particle Control:<\/strong><\/h5>\n<p>Bosch Particle Control sustav podi\u017ee kontrolu pra\u0161ine na vi\u0161u razinu. Umjesto da se pra\u0161ina zadr\u017eava na povr\u0161ini brusnog materijala ili \u0161iri u prostoru, \u010destice se usisavaju izravno kroz otvorenu strukturu mre\u017ee. Time se osigurava \u010di\u0161\u0107e radno okru\u017eenje i stalna u\u010dinkovitost bru\u0161enja.<\/p>\n<h5><strong>Primjena:<\/strong><\/h5>\n<ul>\n<li>Brusilice za podove<\/li>\n<li>Bru\u0161enje drva<\/li>\n<li>Uklanjanje boje<\/li>\n<li>Bru\u0161enje suhozida (gips-kartonske plo\u010de)<\/li>\n<\/ul>\n<h5><strong>Kompatibilnost:<\/strong><\/h5>\n<ul>\n<li>Upotreba s umecima za potporne tanjure za napredno smanjenje pra\u0161ine<\/li>\n<\/ul>\n<h5><strong>Dostupne granulacije:<\/strong><\/h5>\n<ul>\n<li>100<\/li>\n<li>120<\/li>\n<li>150<\/li>\n<\/ul>\n<h5><strong>Dodatne informacije:<\/strong><\/h5>\n<p><span style=\"text-decoration: underline\"><a href=\"https:\/\/www.bosch-professional.com\/hr\/hr\/expert-m480-brusna-mreza-za-brusilice-za-gips-kartonske-ploce-2867623-ocs-ac\/?queryFromSuggest=true&amp;userInput=2608900708#sku-2608900708\">Sve dodatne informacije su dostupne na Bosch web stranici, klikom na ovaj tekst.<\/a><\/span><\/p>\n","protected":false},"excerpt":{"rendered":"<p><strong>Napomena:\u00a0<\/strong>Cijena je izra\u017eena na 1 komad.<\/p>\n","protected":false},"featured_media":40182,"comment_status":"open","ping_status":"closed","template":"","meta":[],"product_brand":[],"product_cat":[1197],"product_tag":[1349],"class_list":{"0":"post-40174","1":"product","2":"type-product","3":"status-publish","4":"has-post-thumbnail","6":"product_cat-okrugli-brusni-papir-cicak","7":"product_tag-bosch-profesionalni-pribor","9":"first","10":"instock","11":"shipping-taxable","12":"purchasable","13":"product-type-variable","14":"has-default-attributes"},"wooqr_code":"","_links":{"self":[{"href":"https:\/\/www.gkboje.ba\/en\/wp-json\/wp\/v2\/product\/40174","targetHints":{"allow":["GET"]}}],"collection":[{"href":"https:\/\/www.gkboje.ba\/en\/wp-json\/wp\/v2\/product"}],"about":[{"href":"https:\/\/www.gkboje.ba\/en\/wp-json\/wp\/v2\/types\/product"}],"replies":[{"embeddable":true,"href":"https:\/\/www.gkboje.ba\/en\/wp-json\/wp\/v2\/comments?post=40174"}],"version-history":[{"count":4,"href":"https:\/\/www.gkboje.ba\/en\/wp-json\/wp\/v2\/product\/40174\/revisions"}],"predecessor-version":[{"id":40205,"href":"https:\/\/www.gkboje.ba\/en\/wp-json\/wp\/v2\/product\/40174\/revisions\/40205"}],"wp:featuredmedia":[{"embeddable":true,"href":"https:\/\/www.gkboje.ba\/en\/wp-json\/wp\/v2\/media\/40182"}],"wp:attachment":[{"href":"https:\/\/www.gkboje.ba\/en\/wp-json\/wp\/v2\/media?parent=40174"}],"wp:term":[{"taxonomy":"product_brand","embeddable":true,"href":"https:\/\/www.gkboje.ba\/en\/wp-json\/wp\/v2\/product_brand?post=40174"},{"taxonomy":"product_cat","embeddable":true,"href":"https:\/\/www.gkboje.ba\/en\/wp-json\/wp\/v2\/product_cat?post=40174"},{"taxonomy":"product_tag","embeddable":true,"href":"https:\/\/www.gkboje.ba\/en\/wp-json\/wp\/v2\/product_tag?post=40174"}],"curies":[{"name":"wp","href":"https:\/\/api.w.org\/{rel}","templated":true}]}}