{"id":40159,"date":"2025-12-22T14:10:05","date_gmt":"2025-12-22T13:10:05","guid":{"rendered":"https:\/\/www.gkboje.ba\/?post_type=product&#038;p=40159"},"modified":"2026-01-06T07:39:31","modified_gmt":"2026-01-06T06:39:31","slug":"bosch-rolna-brusnog-papira-za-drvo-c410-40-120-gr-115mm-5m","status":"publish","type":"product","link":"https:\/\/www.gkboje.ba\/en\/proizvod\/bosch-rolna-brusnog-papira-za-drvo-c410-40-120-gr-115mm-5m\/","title":{"rendered":"BOSCH Rolna brusnog papira za drvo C410 (40 &#8211; 120 GR) &#8211; 115mm\/5m"},"content":{"rendered":"<p><strong>C410 Standard for Wood and Paint<\/strong> brusni list namijenjen je za ru\u010dno bru\u0161enje i uporabu s oscilatornim brusilicama. Osigurava odli\u010dnu brzinu uklanjanja materijala pri obradi drva i boje te \u010distu i ujedna\u010denu zavr\u0161nu povr\u0161inu.<\/p>\n<h5><strong>Glavne prednosti:<\/strong><\/h5>\n<ul>\n<li><strong>Odli\u010dna stopa uklanjanja materijala<\/strong> \u2013 u\u010dinkovito bru\u0161enje drva i obojenih povr\u0161ina.<\/li>\n<li><strong>Poluplemeniti korund<\/strong> \u2013 omogu\u0107uje ujedna\u010deno i dosljedno uklanjanje materijala.<\/li>\n<li><strong>Elektrostatski raspr\u0161ena zrna<\/strong> \u2013 pobolj\u0161ano izvla\u010denje pra\u0161ine i sprje\u010davanje zapunjavanja brusnog lista.<\/li>\n<li><strong>\u010cista obrada povr\u0161ine<\/strong> \u2013 u\u010dinkovitije bru\u0161enje uz manje za\u010depljenja.<\/li>\n<li><strong>Visokokvalitetni abraziv<\/strong> \u2013 dosljedna kvaliteta zavr\u0161ne obrade.<\/li>\n<\/ul>\n<h5><strong>Konstrukcija i materijali:<\/strong><\/h5>\n<ul>\n<li><strong>Abraziv:<\/strong> poluplemeniti korund<\/li>\n<li><strong>Podloga:<\/strong> C-papir<\/li>\n<li><strong>Vezivo:<\/strong> potpuno umjetna smola<\/li>\n<li><strong>Fleksibilnost:<\/strong> velika \u2013 optimalno bru\u0161enje neravnina<\/li>\n<\/ul>\n<h5><strong>Primjena:<\/strong><\/h5>\n<ul>\n<li>Ru\u010dno bru\u0161enje<\/li>\n<li>Oscilatorne brusilice<\/li>\n<li>Drvo, obojene i lakirane povr\u0161ine<\/li>\n<\/ul>\n<h5><strong>Dostupne granulacije:<\/strong><\/h5>\n<ul>\n<li>40<\/li>\n<li>60<\/li>\n<li>80<\/li>\n<li>120<\/li>\n<\/ul>\n<h5><strong>Dodatne informacije:<\/strong><\/h5>\n<p><span style=\"text-decoration: underline\"><a href=\"https:\/\/www.bosch-professional.com\/hr\/hr\/role-brusnog-papira-za-rucno-brusenje-c410-standard-for-wood-za-drvo-2867398-ocs-ac\/?sku=2%20608%20606%20817\">Sve dodatne informacije su dostupne na Bosch web stranici, klikom na ovaj tekst.<\/a><\/span><\/p>\n","protected":false},"excerpt":{"rendered":"<p><strong>Napomena:\u00a0<\/strong>Cijena je izra\u017eena na 1 komad (5 metara).<\/p>\n","protected":false},"featured_media":40167,"comment_status":"open","ping_status":"closed","template":"","meta":[],"product_brand":[],"product_cat":[1198],"product_tag":[1349],"class_list":{"0":"post-40159","1":"product","2":"type-product","3":"status-publish","4":"has-post-thumbnail","6":"product_cat-brusne-trake-i-brusno-platno","7":"product_tag-bosch-profesionalni-pribor","9":"first","10":"instock","11":"shipping-taxable","12":"purchasable","13":"product-type-variable","14":"has-default-attributes"},"wooqr_code":"","_links":{"self":[{"href":"https:\/\/www.gkboje.ba\/en\/wp-json\/wp\/v2\/product\/40159","targetHints":{"allow":["GET"]}}],"collection":[{"href":"https:\/\/www.gkboje.ba\/en\/wp-json\/wp\/v2\/product"}],"about":[{"href":"https:\/\/www.gkboje.ba\/en\/wp-json\/wp\/v2\/types\/product"}],"replies":[{"embeddable":true,"href":"https:\/\/www.gkboje.ba\/en\/wp-json\/wp\/v2\/comments?post=40159"}],"version-history":[{"count":3,"href":"https:\/\/www.gkboje.ba\/en\/wp-json\/wp\/v2\/product\/40159\/revisions"}],"predecessor-version":[{"id":40280,"href":"https:\/\/www.gkboje.ba\/en\/wp-json\/wp\/v2\/product\/40159\/revisions\/40280"}],"wp:featuredmedia":[{"embeddable":true,"href":"https:\/\/www.gkboje.ba\/en\/wp-json\/wp\/v2\/media\/40167"}],"wp:attachment":[{"href":"https:\/\/www.gkboje.ba\/en\/wp-json\/wp\/v2\/media?parent=40159"}],"wp:term":[{"taxonomy":"product_brand","embeddable":true,"href":"https:\/\/www.gkboje.ba\/en\/wp-json\/wp\/v2\/product_brand?post=40159"},{"taxonomy":"product_cat","embeddable":true,"href":"https:\/\/www.gkboje.ba\/en\/wp-json\/wp\/v2\/product_cat?post=40159"},{"taxonomy":"product_tag","embeddable":true,"href":"https:\/\/www.gkboje.ba\/en\/wp-json\/wp\/v2\/product_tag?post=40159"}],"curies":[{"name":"wp","href":"https:\/\/api.w.org\/{rel}","templated":true}]}}