{"id":40024,"date":"2025-12-19T11:32:46","date_gmt":"2025-12-19T10:32:46","guid":{"rendered":"https:\/\/www.gkboje.ba\/?post_type=product&#038;p=40024"},"modified":"2026-04-04T10:55:24","modified_gmt":"2026-04-04T08:55:24","slug":"bosch-rotaciona-polirka-gpo-11-180-s-professional-180-mm-1100-w","status":"publish","type":"product","link":"https:\/\/www.gkboje.ba\/en\/proizvod\/bosch-rotaciona-polirka-gpo-11-180-s-professional-180-mm-1100-w\/","title":{"rendered":"BOSCH Rotaciona polirka GPO 11-180 S Professional \u2013 180 mm 1100 W"},"content":{"rendered":"<p><strong>Bosch GPO 11-180 S Professional<\/strong> sna\u017ena je i ergonomski prilago\u0111ena polirka s niskom razinom vibracija, posebno dizajnirana za udoban i efikasan rad. Idealan je alat za profesionalno poliranje povr\u0161ina na vozilima i u industrijskoj obradi metala, gdje su potrebne visoke performanse uz smanjenu buku i vibracije.<\/p>\n<h5><strong>Klju\u010dne karakteristike:<\/strong><\/h5>\n<ul>\n<li><strong>Sna\u017ean motor od 1100 W<\/strong> \u2013 omogu\u0107ava visoku produktivnost pri poliranju.<\/li>\n<li><strong>Promjenjiva brzina<\/strong> \u2013 raspon od 900 do 3800 min\u207b\u00b9 za optimalnu prilagodbu razli\u010ditim zadacima.<\/li>\n<li><strong>Niska razina vibracija i buke<\/strong> \u2013 osigurava udoban rad i smanjuje zamor korisnika.<\/li>\n<li><strong>Ergonomski dizajn<\/strong> \u2013 lagana konstrukcija i repna ru\u010dka za bolju kontrolu.<\/li>\n<li><strong>Pouzdana Bosch kvaliteta<\/strong> \u2013 profesionalne performanse po pristupa\u010dnoj cijeni.<\/li>\n<\/ul>\n<h5><strong>Tehni\u010dke specifikacije:<\/strong><\/h5>\n<ul>\n<li><strong>Nazivna ulazna snaga:<\/strong> 1.100 W<\/li>\n<li><strong>Broj okretaja u praznom hodu:<\/strong> 900 \u2013 3.800 min\u207b\u00b9<\/li>\n<li><strong>Navoj brusnog vretena:<\/strong> M14<\/li>\n<li><strong>Spu\u017eva za poliranje \u2013 promjer:<\/strong> 180 mm<\/li>\n<li><strong>Razina zvu\u010dnog tlaka:<\/strong> 87 dB(A)<\/li>\n<li><strong>Razina zvu\u010dne snage:<\/strong> 95 dB(A)<\/li>\n<li><strong>Nesigurnost K:<\/strong> 3 dB<\/li>\n<li><strong>Dimenzije (\u0161 \u00d7 d \u00d7 v):<\/strong> 259 \u00d7 440 \u00d7 128 mm<\/li>\n<li><strong>Te\u017eina:<\/strong> 2.1 kg<\/li>\n<\/ul>\n<h5><strong>Dodatne funkcije:<\/strong><\/h5>\n<ul>\n<li>Za\u0161titni poklopac na ku\u0107i\u0161tu mjenja\u010da<\/li>\n<li>Podesiva pomo\u0107na ru\u010dka<\/li>\n<li>Filter za dovod zraka<\/li>\n<\/ul>\n<h5><strong>Opseg isporuke:<\/strong><\/h5>\n<ul>\n<li>Dodatna ru\u010dka<\/li>\n<li>Potporna plo\u010da za poliranje 180 mm (M14)<\/li>\n<li>Spu\u017evasti jastu\u010di\u0107 za poliranje 180 mm<\/li>\n<\/ul>\n<h5><strong>Dodatne informacije:<\/strong><\/h5>\n<p><span style=\"text-decoration: underline\"><a href=\"https:\/\/www.bosch-professional.com\/hr\/hr\/products\/gpo-11-180-s-06013A2300\">Sve dodatne informacije su dostupne na Bosch web stranici, klikom na ovaj tekst.<\/a><\/span><\/p>\n<p><a href=\"https:\/\/www.youtube.com\/watch?v=IuNH9K7M8d8\">Link video opisa i demonstracije artikla.<\/a><\/p>\n<p><em>Bosch \u0161ifra artikla: 0 601 3A2 300<\/em><\/p>\n<p><em>SKU: 733703<\/em><\/p>\n<p><em>EAN: 4053423330465<\/em><\/p>\n","protected":false},"excerpt":{"rendered":"<p>Bosch GPO 11-180 S Professional sna\u017ena je i ergonomski prilago\u0111ena polirka s niskom razinom vibracija, posebno dizajnirana za udoban i<\/p>\n","protected":false},"featured_media":40025,"comment_status":"open","ping_status":"closed","template":"","meta":[],"product_brand":[],"product_cat":[1119],"product_tag":[],"class_list":{"0":"post-40024","1":"product","2":"type-product","3":"status-publish","4":"has-post-thumbnail","6":"product_cat-polirke-2","8":"first","9":"instock","10":"sale","11":"shipping-taxable","12":"purchasable","13":"product-type-simple"},"wooqr_code":"","_links":{"self":[{"href":"https:\/\/www.gkboje.ba\/en\/wp-json\/wp\/v2\/product\/40024","targetHints":{"allow":["GET"]}}],"collection":[{"href":"https:\/\/www.gkboje.ba\/en\/wp-json\/wp\/v2\/product"}],"about":[{"href":"https:\/\/www.gkboje.ba\/en\/wp-json\/wp\/v2\/types\/product"}],"replies":[{"embeddable":true,"href":"https:\/\/www.gkboje.ba\/en\/wp-json\/wp\/v2\/comments?post=40024"}],"version-history":[{"count":2,"href":"https:\/\/www.gkboje.ba\/en\/wp-json\/wp\/v2\/product\/40024\/revisions"}],"predecessor-version":[{"id":40120,"href":"https:\/\/www.gkboje.ba\/en\/wp-json\/wp\/v2\/product\/40024\/revisions\/40120"}],"wp:featuredmedia":[{"embeddable":true,"href":"https:\/\/www.gkboje.ba\/en\/wp-json\/wp\/v2\/media\/40025"}],"wp:attachment":[{"href":"https:\/\/www.gkboje.ba\/en\/wp-json\/wp\/v2\/media?parent=40024"}],"wp:term":[{"taxonomy":"product_brand","embeddable":true,"href":"https:\/\/www.gkboje.ba\/en\/wp-json\/wp\/v2\/product_brand?post=40024"},{"taxonomy":"product_cat","embeddable":true,"href":"https:\/\/www.gkboje.ba\/en\/wp-json\/wp\/v2\/product_cat?post=40024"},{"taxonomy":"product_tag","embeddable":true,"href":"https:\/\/www.gkboje.ba\/en\/wp-json\/wp\/v2\/product_tag?post=40024"}],"curies":[{"name":"wp","href":"https:\/\/api.w.org\/{rel}","templated":true}]}}