{"id":40006,"date":"2025-12-18T12:37:52","date_gmt":"2025-12-18T11:37:52","guid":{"rendered":"https:\/\/www.gkboje.ba\/?post_type=product&#038;p=40006"},"modified":"2026-01-06T07:39:30","modified_gmt":"2026-01-06T06:39:30","slug":"bosch-set-mjesovitih-glodala-za-glodalicu-6-mm-30-kom-trimedging-pro","status":"publish","type":"product","link":"https:\/\/www.gkboje.ba\/en\/proizvod\/bosch-set-mjesovitih-glodala-za-glodalicu-6-mm-30-kom-trimedging-pro\/","title":{"rendered":"BOSCH Set mje\u0161ovitih glodala za glodalicu 6 mm (30 kom) &#8211; Trim&amp;Edging &#8211; PRO"},"content":{"rendered":"<p><strong>Mje\u0161oviti set glodala PRO, prihvat 6 mm (30 kom)<\/strong> dizajniran je za profesionalnu i preciznu obradu drva glodanjem. Ovaj sveobuhvatni set omogu\u0107ava izvo\u0111enje \u0161irokog spektra glodarskih operacija \u2013 od ravnih rezova i utora do profiliranja, sko\u0161avanja i dekorativnih obrada \u2013 uz visoku preciznost, sigurnost i dug vijek trajanja alata.<\/p>\n<h5><strong>Klju\u010dne karakteristike:<\/strong><\/h5>\n<ul>\n<li>Dizajnirano za obradu drva glodanjem<\/li>\n<li>Precizno glodanje drva za raznovrsne primjene<\/li>\n<li>Visokokvalitetni karbidni reza\u010di za \u010diste i precizne rezove<\/li>\n<li>Laserske oznake s tehni\u010dkim detaljima i indikatorom minimalne dubine umetanja za lak\u0161u i sigurnu ugradnju glodala<\/li>\n<li>Pobolj\u0161ana geometrija reznog ruba sprje\u010dava povratni udar<\/li>\n<\/ul>\n<h5><strong>Tehni\u010dke specifikacije:<\/strong><\/h5>\n<ul>\n<li><strong>Prihvat:<\/strong> 6 mm<\/li>\n<li><strong>Broj komada u setu:<\/strong> 30<\/li>\n<li><strong>Vrste glodala:<\/strong> Ravno glodalo s 1 reza\u010dem; 3 \u00d7 ravno glodalo s 2 reza\u010da; 3 \u00d7 ravno glodalo s 3 reza\u010da; 5 \u00d7 glodalo za pozitivan radijus; 3 \u00d7 svrdlo za glodanje u ravnini rubova; svrdlo za glodanje ravnih uzoraka; kopirno glodalo; utorno glodalo; glodalo za pregibe; 2 \u00d7 glodalo za sko\u0161avanje; 2 \u00d7 glodalo za V-utore; glodalo za lastin rep; profilno glodalo za S-profil; 2 \u00d7 glodalo za polukru\u017ene utore; 2 \u00d7 glodalo za udubljene bo\u010dne profile; glodalo za klasi\u010dne profile; glodalo za \u0161arke<\/li>\n<li><strong>Promjeri (mm):<\/strong> 4, 6, 8, 10, 12, 16, 20, 19, 25, 29, 32, 38, 13, 13, 16, 8, 32, 32, 35, 25, 16, 16, 13, 27, 12, 20, 22, 29, 32, 12<\/li>\n<li><strong>Radna duljina (mm):<\/strong> 15, 20, 20, 30, 30, 30, 30, 10, 13, 13, 16, 19, 25, 13, 25, 19, 4, 13, 16, 13, 18, 16, 12, 12, 10, 13, 12, 12, 14, 13<\/li>\n<li><strong>Ukupna duljina (mm):<\/strong> 50, 54, 50, 60, 60, 60, 60, 51, 55, 55, 58, 60, 65, 52, 65, 60, 50, 54, 56, 54, 50, 48, 49, 52, 43, 45, 54, 54, 54, 42<\/li>\n<li><strong>Polumjer (R1) (mm):<\/strong> 3, 6, 8, 10, 12, 4, 6, 10, 6, 10, 5<\/li>\n<li><strong>Kut (\u00b0):<\/strong> 45, 25, 60, 90, 12<\/li>\n<\/ul>\n<h5><strong>Dodatne informacije:<\/strong><\/h5>\n<ul>\n<li>Vrsta pakiranja: plasti\u010dno pakiranje (kutijica) s euro-otvorom<\/li>\n<li>Prodajna jedinica: 30 komada<\/li>\n<li>Jedinica pakiranja u po\u0161iljci: 1 kom<\/li>\n<li>Ambala\u017ea: garnitura<\/li>\n<\/ul>\n<h5><strong>Opseg isporuke:<\/strong><\/h5>\n<ul>\n<li>30 \u00d7 glodala razli\u010ditih tipova prema specifikaciji seta<\/li>\n<\/ul>\n<h5><strong>Dodatne informacije:<\/strong><\/h5>\n<p><span style=\"text-decoration: underline\"><a href=\"https:\/\/www.bosch-professional.com\/hr\/hr\/mjesoviti-set-glodala-pro-30-kom-7498167-ocs-ac\/?sku=2%20607%20017%20474\">Sve dodatne informacije su dostupne na Bosch web stranici, klikom na ovaj tekst.<\/a><\/span><\/p>\n<p><em>Bosch \u0161ifra artikla: 2 607 017 474<\/em><\/p>\n<p><em>EAN: 3165140958059<\/em><\/p>\n<p><em>SKU: 733723<\/em><\/p>\n","protected":false},"excerpt":{"rendered":"<p>Mje\u0161oviti set glodala PRO, prihvat 6 mm (30 kom) dizajniran je za profesionalnu i preciznu obradu drva glodanjem. Ovaj sveobuhvatni<\/p>\n","protected":false},"featured_media":39990,"comment_status":"open","ping_status":"closed","template":"","meta":[],"product_brand":[],"product_cat":[714],"product_tag":[1349],"class_list":{"0":"post-40006","1":"product","2":"type-product","3":"status-publish","4":"has-post-thumbnail","6":"product_cat-pribor-za-alate-i-masine","7":"product_tag-bosch-profesionalni-pribor","9":"first","10":"instock","11":"sale","12":"shipping-taxable","13":"purchasable","14":"product-type-simple"},"wooqr_code":"","_links":{"self":[{"href":"https:\/\/www.gkboje.ba\/en\/wp-json\/wp\/v2\/product\/40006","targetHints":{"allow":["GET"]}}],"collection":[{"href":"https:\/\/www.gkboje.ba\/en\/wp-json\/wp\/v2\/product"}],"about":[{"href":"https:\/\/www.gkboje.ba\/en\/wp-json\/wp\/v2\/types\/product"}],"replies":[{"embeddable":true,"href":"https:\/\/www.gkboje.ba\/en\/wp-json\/wp\/v2\/comments?post=40006"}],"version-history":[{"count":1,"href":"https:\/\/www.gkboje.ba\/en\/wp-json\/wp\/v2\/product\/40006\/revisions"}],"predecessor-version":[{"id":40007,"href":"https:\/\/www.gkboje.ba\/en\/wp-json\/wp\/v2\/product\/40006\/revisions\/40007"}],"wp:featuredmedia":[{"embeddable":true,"href":"https:\/\/www.gkboje.ba\/en\/wp-json\/wp\/v2\/media\/39990"}],"wp:attachment":[{"href":"https:\/\/www.gkboje.ba\/en\/wp-json\/wp\/v2\/media?parent=40006"}],"wp:term":[{"taxonomy":"product_brand","embeddable":true,"href":"https:\/\/www.gkboje.ba\/en\/wp-json\/wp\/v2\/product_brand?post=40006"},{"taxonomy":"product_cat","embeddable":true,"href":"https:\/\/www.gkboje.ba\/en\/wp-json\/wp\/v2\/product_cat?post=40006"},{"taxonomy":"product_tag","embeddable":true,"href":"https:\/\/www.gkboje.ba\/en\/wp-json\/wp\/v2\/product_tag?post=40006"}],"curies":[{"name":"wp","href":"https:\/\/api.w.org\/{rel}","templated":true}]}}