{"id":39987,"date":"2025-12-18T12:20:13","date_gmt":"2025-12-18T11:20:13","guid":{"rendered":"https:\/\/www.gkboje.ba\/?post_type=product&#038;p=39987"},"modified":"2026-01-06T07:39:30","modified_gmt":"2026-01-06T06:39:30","slug":"bosch-set-mjesovitih-glodala-za-glodalicu-8-mm-15-kom-trimedging-pro","status":"publish","type":"product","link":"https:\/\/www.gkboje.ba\/en\/proizvod\/bosch-set-mjesovitih-glodala-za-glodalicu-8-mm-15-kom-trimedging-pro\/","title":{"rendered":"BOSCH Set mje\u0161ovitih glodala za glodalicu 8 mm (15 kom) &#8211; Trim&amp;Edging &#8211; PRO"},"content":{"rendered":"<p><strong>Mje\u0161oviti set glodala PRO, prihvat 8 mm (15 kom)<\/strong> dizajniran je za svestranu i preciznu obradu drva glodanjem. Ovaj set omogu\u0107ava izvo\u0111enje \u0161irokog spektra radova, uklju\u010duju\u0107i ravne rezove, utore, sko\u0161avanja, profiliranja i dekorativne obrade, uz visok kvalitet zavr\u0161ne obrade i sigurnost u radu.<\/p>\n<h5><strong>Klju\u010dne karakteristike:<\/strong><\/h5>\n<ul>\n<li>Dizajnirano za obradu drva glodanjem<\/li>\n<li>Precizno glodanje drva za razli\u010dite primjene<\/li>\n<li>Visokokvalitetni karbidni reza\u010di za \u010diste i precizne rezove<\/li>\n<li>Laserske oznake s tehni\u010dkim detaljima i indikatorom minimalne dubine umetanja za lak\u0161u i sigurnu ugradnju glodala<\/li>\n<li>Pobolj\u0161ana geometrija reznog ruba sprje\u010dava povratni udar<\/li>\n<\/ul>\n<h5><strong>Tehni\u010dke specifikacije:<\/strong><\/h5>\n<ul>\n<li><strong>Prihvat:<\/strong> 8 mm<\/li>\n<li><strong>Broj komada u setu:<\/strong> 15<\/li>\n<li><strong>Vrste glodala:<\/strong> 2 \u00d7 glodalo za ravne uzorke, glodalo za lastin rep, 2 \u00d7 glodalo za sko\u0161avanje, glodalo za V-utore, utorno glodalo, glodalo za pregibe, profilno glodalo za S-profil, glodalo za udubljene bo\u010dne profile, 2 \u00d7 glodalo za pozitivan radijus, 2 \u00d7 ravni nastavak \u2013 dvostruki reza\u010d, 1 \u00d7 ravni nastavak \u2013 trostruki reza\u010d<\/li>\n<li><strong>Promjeri (mm):<\/strong> 13, 16, 13, 35, 25, 16, 32, 32, 27, 29, 19, 25, 8, 10, 16<\/li>\n<li><strong>Radna duljina (mm):<\/strong> 25, 25, 12, 16, 13, 18, 4, 13, 12, 12, 10, 13, 20, 30, 30<\/li>\n<li><strong>Ukupna duljina (mm):<\/strong> 65, 65, 49, 56, 54, 50, 50, 54, 52, 54, 51, 55, 50, 60, 60<\/li>\n<li><strong>Polumjer (R1) (mm):<\/strong> 4, 10, 3, 6<\/li>\n<li><strong>Kut (\u00b0):<\/strong> 12, 45, 25, 60<\/li>\n<\/ul>\n<h5><strong>Dodatne informacije:<\/strong><\/h5>\n<ul>\n<li>Vrsta pakiranja: plasti\u010dno pakiranje (kutijica) s euro-otvorom<\/li>\n<li>Prodajna jedinica: 15 komada<\/li>\n<li>Jedinica pakiranja u po\u0161iljci: 1 kom<\/li>\n<li>Ambala\u017ea: garnitura<\/li>\n<\/ul>\n<h5><strong>Opseg isporuke:<\/strong><\/h5>\n<ul>\n<li>15 \u00d7 glodala razli\u010ditih tipova prema specifikaciji seta<\/li>\n<\/ul>\n<h5><strong>Dodatne informacije:<\/strong><\/h5>\n<p><span style=\"text-decoration: underline\"><a href=\"https:\/\/www.bosch-professional.com\/hr\/hr\/mjesoviti-set-glodala-pro-15-kom-7498166-ocs-ac\/?sku=2%20607%20017%20472\">Sve dodatne informacije su dostupne na Bosch web stranici, klikom na ovaj tekst.<\/a><\/span><\/p>\n<p><em>Bosch \u0161ifra artikla: 2 607 017 472<\/em><\/p>\n<p><em>EAN: 3165140958035<\/em><\/p>\n<p><em>SKU: 733721<\/em><\/p>\n","protected":false},"excerpt":{"rendered":"<p>Mje\u0161oviti set glodala PRO, prihvat 8 mm (15 kom) dizajniran je za svestranu i preciznu obradu drva glodanjem. Ovaj set<\/p>\n","protected":false},"featured_media":39973,"comment_status":"open","ping_status":"closed","template":"","meta":[],"product_brand":[],"product_cat":[714],"product_tag":[1349],"class_list":{"0":"post-39987","1":"product","2":"type-product","3":"status-publish","4":"has-post-thumbnail","6":"product_cat-pribor-za-alate-i-masine","7":"product_tag-bosch-profesionalni-pribor","9":"first","10":"instock","11":"sale","12":"shipping-taxable","13":"purchasable","14":"product-type-simple"},"wooqr_code":"","_links":{"self":[{"href":"https:\/\/www.gkboje.ba\/en\/wp-json\/wp\/v2\/product\/39987","targetHints":{"allow":["GET"]}}],"collection":[{"href":"https:\/\/www.gkboje.ba\/en\/wp-json\/wp\/v2\/product"}],"about":[{"href":"https:\/\/www.gkboje.ba\/en\/wp-json\/wp\/v2\/types\/product"}],"replies":[{"embeddable":true,"href":"https:\/\/www.gkboje.ba\/en\/wp-json\/wp\/v2\/comments?post=39987"}],"version-history":[{"count":1,"href":"https:\/\/www.gkboje.ba\/en\/wp-json\/wp\/v2\/product\/39987\/revisions"}],"predecessor-version":[{"id":39988,"href":"https:\/\/www.gkboje.ba\/en\/wp-json\/wp\/v2\/product\/39987\/revisions\/39988"}],"wp:featuredmedia":[{"embeddable":true,"href":"https:\/\/www.gkboje.ba\/en\/wp-json\/wp\/v2\/media\/39973"}],"wp:attachment":[{"href":"https:\/\/www.gkboje.ba\/en\/wp-json\/wp\/v2\/media?parent=39987"}],"wp:term":[{"taxonomy":"product_brand","embeddable":true,"href":"https:\/\/www.gkboje.ba\/en\/wp-json\/wp\/v2\/product_brand?post=39987"},{"taxonomy":"product_cat","embeddable":true,"href":"https:\/\/www.gkboje.ba\/en\/wp-json\/wp\/v2\/product_cat?post=39987"},{"taxonomy":"product_tag","embeddable":true,"href":"https:\/\/www.gkboje.ba\/en\/wp-json\/wp\/v2\/product_tag?post=39987"}],"curies":[{"name":"wp","href":"https:\/\/api.w.org\/{rel}","templated":true}]}}