{"id":39953,"date":"2025-12-18T11:43:04","date_gmt":"2025-12-18T10:43:04","guid":{"rendered":"https:\/\/www.gkboje.ba\/?post_type=product&#038;p=39953"},"modified":"2026-01-06T07:39:30","modified_gmt":"2026-01-06T06:39:30","slug":"bosch-set-za-porubljivanje-glodala-za-glodalicu-8-mm-6-kom-trimedging-pro","status":"publish","type":"product","link":"https:\/\/www.gkboje.ba\/en\/proizvod\/bosch-set-za-porubljivanje-glodala-za-glodalicu-8-mm-6-kom-trimedging-pro\/","title":{"rendered":"BOSCH Set glodala za porubljivanje (za glodalicu) 8 mm (6 kom) &#8211; Trim&amp;Edging &#8211; PRO"},"content":{"rendered":"<p><strong>Set glodala za porubljivanje PRO, prihvat 8 mm (6 kom)<\/strong> dizajniran je za preciznu obradu drva glodanjem i kvalitetno porubljivanje ivica. Set omogu\u0107ava \u010diste, ta\u010dne i profesionalne zavr\u0161ne obrade zahvaljuju\u0107i visokokvalitetnim karbidnim reza\u010dima i optimiziranoj geometriji reznog ruba.<\/p>\n<h5><strong>Klju\u010dne karakteristike:<\/strong><\/h5>\n<ul>\n<li>Dizajnirano za obradu drva glodanjem<\/li>\n<li>Precizno porubljivanje drva<\/li>\n<li>Visokokvalitetni karbidni reza\u010di za \u010diste i precizne rezove<\/li>\n<li>Laserske oznake s tehni\u010dkim detaljima i indikatorom minimalne dubine umetanja za lak\u0161u ugradnju glodala<\/li>\n<li>Pobolj\u0161ana geometrija reznog ruba sprje\u010dava povratni udar<\/li>\n<\/ul>\n<h5><strong>Tehni\u010dke specifikacije:<\/strong><\/h5>\n<ul>\n<li><strong>Prihvat:<\/strong> 8 mm<\/li>\n<li><strong>Broj komada u setu:<\/strong> 6<\/li>\n<li><strong>Vrste glodala:<\/strong> 2 \u00d7 glodalo za pozitivan radijus, 2 \u00d7 glodalo za sko\u0161avanje, 2 \u00d7 glodalo za glodanje rubova u ravnini s povr\u0161inom<\/li>\n<li><strong>Promjeri (mm):<\/strong> 19, 25, 25, 35, 13, 16<\/li>\n<li><strong>Radna duljina (mm):<\/strong> 10, 13, 13, 16, 25, 25<\/li>\n<li><strong>Ukupna duljina (mm):<\/strong> 51, 55, 54, 56, 65, 65<\/li>\n<li><strong>Polumjer (R1) (mm):<\/strong> 3, 6<\/li>\n<li><strong>Kut (\u00b0):<\/strong> 25, 45<\/li>\n<\/ul>\n<h5><strong>Dodatne informacije:<\/strong><\/h5>\n<ul>\n<li>Vrsta pakiranja: plasti\u010dno pakiranje (kutijica) s euro-otvorom<\/li>\n<li>Prodajna jedinica: 6 komada<\/li>\n<li>Jedinica pakiranja u po\u0161iljci: 1 kom<\/li>\n<li>Ambala\u017ea: garnitura<\/li>\n<\/ul>\n<h5><strong>Opseg isporuke:<\/strong><\/h5>\n<ul>\n<li>2 \u00d7 glodalo za pozitivan radijus<\/li>\n<li>2 \u00d7 glodalo za sko\u0161avanje<\/li>\n<li>2 \u00d7 glodalo za glodanje rubova u ravnini s povr\u0161inom<\/li>\n<\/ul>\n<h5><strong>Dodatne informacije:<\/strong><\/h5>\n<p><span style=\"text-decoration: underline\"><a href=\"https:\/\/www.bosch-professional.com\/hr\/hr\/set-glodala-za-porubljivanje-pro-6-kom-7498165-ocs-ac\/?sku=2%20607%20017%20469\">Sve dodatne informacije su dostupne na Bosch web stranici, klikom na ovaj tekst.<\/a><\/span><\/p>\n<p><em>Bosch \u0161ifra artikla: 2 607 017 469<\/em><\/p>\n<p><em>EAN: 3165140958004<\/em><\/p>\n<p><em>SKU: 733719<\/em><\/p>\n","protected":false},"excerpt":{"rendered":"<p>Set glodala za porubljivanje PRO, prihvat 8 mm (6 kom) dizajniran je za preciznu obradu drva glodanjem i kvalitetno porubljivanje<\/p>\n","protected":false},"featured_media":39954,"comment_status":"open","ping_status":"closed","template":"","meta":[],"product_brand":[],"product_cat":[714],"product_tag":[1349],"class_list":{"0":"post-39953","1":"product","2":"type-product","3":"status-publish","4":"has-post-thumbnail","6":"product_cat-pribor-za-alate-i-masine","7":"product_tag-bosch-profesionalni-pribor","9":"first","10":"instock","11":"sale","12":"shipping-taxable","13":"purchasable","14":"product-type-simple"},"wooqr_code":"","_links":{"self":[{"href":"https:\/\/www.gkboje.ba\/en\/wp-json\/wp\/v2\/product\/39953","targetHints":{"allow":["GET"]}}],"collection":[{"href":"https:\/\/www.gkboje.ba\/en\/wp-json\/wp\/v2\/product"}],"about":[{"href":"https:\/\/www.gkboje.ba\/en\/wp-json\/wp\/v2\/types\/product"}],"replies":[{"embeddable":true,"href":"https:\/\/www.gkboje.ba\/en\/wp-json\/wp\/v2\/comments?post=39953"}],"version-history":[{"count":3,"href":"https:\/\/www.gkboje.ba\/en\/wp-json\/wp\/v2\/product\/39953\/revisions"}],"predecessor-version":[{"id":39971,"href":"https:\/\/www.gkboje.ba\/en\/wp-json\/wp\/v2\/product\/39953\/revisions\/39971"}],"wp:featuredmedia":[{"embeddable":true,"href":"https:\/\/www.gkboje.ba\/en\/wp-json\/wp\/v2\/media\/39954"}],"wp:attachment":[{"href":"https:\/\/www.gkboje.ba\/en\/wp-json\/wp\/v2\/media?parent=39953"}],"wp:term":[{"taxonomy":"product_brand","embeddable":true,"href":"https:\/\/www.gkboje.ba\/en\/wp-json\/wp\/v2\/product_brand?post=39953"},{"taxonomy":"product_cat","embeddable":true,"href":"https:\/\/www.gkboje.ba\/en\/wp-json\/wp\/v2\/product_cat?post=39953"},{"taxonomy":"product_tag","embeddable":true,"href":"https:\/\/www.gkboje.ba\/en\/wp-json\/wp\/v2\/product_tag?post=39953"}],"curies":[{"name":"wp","href":"https:\/\/api.w.org\/{rel}","templated":true}]}}