{"id":39949,"date":"2025-12-18T11:08:45","date_gmt":"2025-12-18T10:08:45","guid":{"rendered":"https:\/\/www.gkboje.ba\/?post_type=product&#038;p=39949"},"modified":"2026-04-04T10:53:38","modified_gmt":"2026-04-04T08:53:38","slug":"bosch-set-ravnih-glodala-za-glodalicu-8-mm-6-kom-trimedging-pro","status":"publish","type":"product","link":"https:\/\/www.gkboje.ba\/en\/proizvod\/bosch-set-ravnih-glodala-za-glodalicu-8-mm-6-kom-trimedging-pro\/","title":{"rendered":"BOSCH Set ravnih glodala za glodalicu 8 mm (6 kom) &#8211; Trim&amp;Edging &#8211; PRO"},"content":{"rendered":"<p><strong>Set ravnih glodala PRO, prihvat 8 mm (6 kom)<\/strong> dizajniran je za preciznu obradu drva glodanjem te omogu\u0107ava ta\u010dno rezanje utora, otvora i pregiba u drvu. Visokokvalitetni karbidni reza\u010di osiguravaju \u010diste rezove, dug vijek trajanja i siguran rad.<\/p>\n<h5><strong>Klju\u010dne karakteristike:<\/strong><\/h5>\n<ul>\n<li>Dizajnirano za obradu drva glodanjem<\/li>\n<li>Precizno rezanje utora, otvora i pregiba u drvu<\/li>\n<li>Visokokvalitetni karbidni reza\u010di za \u010diste i precizne rezove<\/li>\n<li>Laserske oznake s tehni\u010dkim detaljima i indikatorom minimalne dubine umetanja za lak\u0161u ugradnju glodala<\/li>\n<li>Pobolj\u0161ana geometrija reznog ruba koja sprje\u010dava povratni udar<\/li>\n<\/ul>\n<h5><strong>Tehni\u010dke specifikacije:<\/strong><\/h5>\n<ul>\n<li><strong>Prihvat:<\/strong> 8 mm<\/li>\n<li><strong>Broj komada u setu:<\/strong> 6<\/li>\n<li><strong>Vrste glodala:<\/strong> 3 \u00d7 ravno glodalo s 2 reza\u010da, 3 \u00d7 ravno glodalo s 3 reza\u010da<\/li>\n<li><strong>Promjeri (mm):<\/strong> 6, 8, 10, 12, 16, 20<\/li>\n<li><strong>Radna duljina (mm):<\/strong> 20, 20, 30, 30, 30, 30<\/li>\n<li><strong>Ukupna duljina (mm):<\/strong> 54, 50, 60, 60, 60, 60<\/li>\n<\/ul>\n<h5><strong>Dodatne informacije:<\/strong><\/h5>\n<ul>\n<li>Vrsta pakiranja: plasti\u010dno pakiranje (kutijica) s euro-otvorom<\/li>\n<li>Prodajna jedinica: 6 komada<\/li>\n<li>Jedinica pakiranja u po\u0161iljci: 1 kom<\/li>\n<li>Ambala\u017ea: garnitura<\/li>\n<\/ul>\n<h5><strong>Opseg isporuke:<\/strong><\/h5>\n<ul>\n<li>3 \u00d7 ravno glodalo s 2 reza\u010da<\/li>\n<li>3 \u00d7 ravno glodalo s 3 reza\u010da<\/li>\n<\/ul>\n<h5><strong>Dodatne informacije:<\/strong><\/h5>\n<p><span style=\"text-decoration: underline\"><a href=\"https:\/\/www.bosch-professional.com\/hr\/hr\/set-ravnih-glodala-pro-6-kom-7498164-ocs-ac\/?queryFromSuggest=true&amp;userInput=2607017466#sku-2607017466\">Sve dodatne informacije su dostupne na Bosch web stranici, klikom na ovaj tekst.<\/a><\/span><\/p>\n<p><em>Bosch \u0161ifra artikla: 2 607 017 466<\/em><\/p>\n<p><em>EAN: 3165140957977<\/em><\/p>\n<p><em>SKU: 733718<\/em><\/p>\n","protected":false},"excerpt":{"rendered":"<p>Set ravnih glodala PRO, prihvat 8 mm (6 kom) dizajniran je za preciznu obradu drva glodanjem te omogu\u0107ava ta\u010dno rezanje<\/p>\n","protected":false},"featured_media":39932,"comment_status":"open","ping_status":"closed","template":"","meta":[],"product_brand":[],"product_cat":[714],"product_tag":[1349],"class_list":{"0":"post-39949","1":"product","2":"type-product","3":"status-publish","4":"has-post-thumbnail","6":"product_cat-pribor-za-alate-i-masine","7":"product_tag-bosch-profesionalni-pribor","9":"first","10":"instock","11":"sale","12":"shipping-taxable","13":"purchasable","14":"product-type-simple"},"wooqr_code":"","_links":{"self":[{"href":"https:\/\/www.gkboje.ba\/en\/wp-json\/wp\/v2\/product\/39949","targetHints":{"allow":["GET"]}}],"collection":[{"href":"https:\/\/www.gkboje.ba\/en\/wp-json\/wp\/v2\/product"}],"about":[{"href":"https:\/\/www.gkboje.ba\/en\/wp-json\/wp\/v2\/types\/product"}],"replies":[{"embeddable":true,"href":"https:\/\/www.gkboje.ba\/en\/wp-json\/wp\/v2\/comments?post=39949"}],"version-history":[{"count":3,"href":"https:\/\/www.gkboje.ba\/en\/wp-json\/wp\/v2\/product\/39949\/revisions"}],"predecessor-version":[{"id":39952,"href":"https:\/\/www.gkboje.ba\/en\/wp-json\/wp\/v2\/product\/39949\/revisions\/39952"}],"wp:featuredmedia":[{"embeddable":true,"href":"https:\/\/www.gkboje.ba\/en\/wp-json\/wp\/v2\/media\/39932"}],"wp:attachment":[{"href":"https:\/\/www.gkboje.ba\/en\/wp-json\/wp\/v2\/media?parent=39949"}],"wp:term":[{"taxonomy":"product_brand","embeddable":true,"href":"https:\/\/www.gkboje.ba\/en\/wp-json\/wp\/v2\/product_brand?post=39949"},{"taxonomy":"product_cat","embeddable":true,"href":"https:\/\/www.gkboje.ba\/en\/wp-json\/wp\/v2\/product_cat?post=39949"},{"taxonomy":"product_tag","embeddable":true,"href":"https:\/\/www.gkboje.ba\/en\/wp-json\/wp\/v2\/product_tag?post=39949"}],"curies":[{"name":"wp","href":"https:\/\/api.w.org\/{rel}","templated":true}]}}