{"id":39915,"date":"2025-12-18T10:42:48","date_gmt":"2025-12-18T09:42:48","guid":{"rendered":"https:\/\/www.gkboje.ba\/?post_type=product&#038;p=39915"},"modified":"2026-01-20T07:29:33","modified_gmt":"2026-01-20T06:29:33","slug":"bosch-vrecice-od-flisa-za-usisivac-gas-12-25-pl","status":"publish","type":"product","link":"https:\/\/www.gkboje.ba\/en\/proizvod\/bosch-vrecice-od-flisa-za-usisivac-gas-12-25-pl\/","title":{"rendered":"BOSCH Vre\u0107ice od flisa za usisiva\u010d GAS 12-25 PL"},"content":{"rendered":"<p><strong>Vre\u0107ica od flisa za GAS 12-25 PL<\/strong> je zamjenska filtarska vre\u0107ica namijenjena za suho usisavanje. Izra\u0111ena je od kvalitetnog flisa koji omogu\u0107ava jednostavno i efikasno prikupljanje i uklanjanje pra\u0161ine, uz pouzdanu filtraciju tokom rada.<\/p>\n<h5><strong>Klju\u010dne karakteristike:<\/strong><\/h5>\n<ul>\n<li>Filtarska vre\u0107ica od flisa za suho usisavanje<\/li>\n<li>Efikasno prikupljanje i zadr\u017eavanje pra\u0161ine<\/li>\n<li>Zamjenska vre\u0107ica za usisiva\u010d GAS 12-25 PL<\/li>\n<\/ul>\n<h5><strong>Tehni\u010dke specifikacije:<\/strong><\/h5>\n<ul>\n<li><strong>Namjena:<\/strong> Suho usisavanje<\/li>\n<li><strong>Materijal:<\/strong> Flis<\/li>\n<li><strong>Prodajna jedinica:<\/strong> 5 komada<\/li>\n<li><strong>Jedinica pakiranja u po\u0161iljci:<\/strong> 1 kom<\/li>\n<\/ul>\n<h5><strong>Dodatne informacije:<\/strong><\/h5>\n<ul>\n<li>Vrsta pakiranja: papir \/ karton \/ valoviti karton (kutija, bez euro-otvora)<\/li>\n<\/ul>\n<h5><strong>Opseg isporuke:<\/strong><\/h5>\n<ul>\n<li>5 x filtarska vre\u0107ica od flisa<\/li>\n<\/ul>\n<h5><strong>Dodatne informacije:<\/strong><\/h5>\n<p><span style=\"text-decoration: underline\"><a href=\"https:\/\/www.bosch-professional.com\/hr\/hr\/filtarske-vrecice-od-flisa-bez-znacajke-afc-2867430-ocs-ac\/\">Sve dodatne informacije su dostupne na Bosch web stranici, klikom na ovaj tekst.<\/a><\/span><\/p>\n<p><em>Bosch \u0161ifra artikla: 2 608 000 891<\/em><\/p>\n<p><em>EAN: 6949509232038<\/em><\/p>\n<p><em>SKU: 733716<\/em><\/p>\n","protected":false},"excerpt":{"rendered":"<p><strong>Napomena:<\/strong>\u00a0Cijena izra\u017eena na paket. Broj vre\u0107ica u paketu:\u00a0<strong>5<\/strong>.<\/p>\n","protected":false},"featured_media":39923,"comment_status":"open","ping_status":"closed","template":"","meta":[],"product_brand":[],"product_cat":[1146],"product_tag":[1349],"class_list":{"0":"post-39915","1":"product","2":"type-product","3":"status-publish","4":"has-post-thumbnail","6":"product_cat-oprema-za-usisivace","7":"product_tag-bosch-profesionalni-pribor","9":"first","10":"instock","11":"shipping-taxable","12":"purchasable","13":"product-type-simple"},"wooqr_code":"","_links":{"self":[{"href":"https:\/\/www.gkboje.ba\/en\/wp-json\/wp\/v2\/product\/39915","targetHints":{"allow":["GET"]}}],"collection":[{"href":"https:\/\/www.gkboje.ba\/en\/wp-json\/wp\/v2\/product"}],"about":[{"href":"https:\/\/www.gkboje.ba\/en\/wp-json\/wp\/v2\/types\/product"}],"replies":[{"embeddable":true,"href":"https:\/\/www.gkboje.ba\/en\/wp-json\/wp\/v2\/comments?post=39915"}],"version-history":[{"count":4,"href":"https:\/\/www.gkboje.ba\/en\/wp-json\/wp\/v2\/product\/39915\/revisions"}],"predecessor-version":[{"id":40021,"href":"https:\/\/www.gkboje.ba\/en\/wp-json\/wp\/v2\/product\/39915\/revisions\/40021"}],"wp:featuredmedia":[{"embeddable":true,"href":"https:\/\/www.gkboje.ba\/en\/wp-json\/wp\/v2\/media\/39923"}],"wp:attachment":[{"href":"https:\/\/www.gkboje.ba\/en\/wp-json\/wp\/v2\/media?parent=39915"}],"wp:term":[{"taxonomy":"product_brand","embeddable":true,"href":"https:\/\/www.gkboje.ba\/en\/wp-json\/wp\/v2\/product_brand?post=39915"},{"taxonomy":"product_cat","embeddable":true,"href":"https:\/\/www.gkboje.ba\/en\/wp-json\/wp\/v2\/product_cat?post=39915"},{"taxonomy":"product_tag","embeddable":true,"href":"https:\/\/www.gkboje.ba\/en\/wp-json\/wp\/v2\/product_tag?post=39915"}],"curies":[{"name":"wp","href":"https:\/\/api.w.org\/{rel}","templated":true}]}}