{"id":38846,"date":"2025-12-04T11:43:11","date_gmt":"2025-12-04T10:43:11","guid":{"rendered":"https:\/\/www.gkboje.ba\/?post_type=product&#038;p=38846"},"modified":"2025-12-25T14:00:27","modified_gmt":"2025-12-25T13:00:27","slug":"dingqi-rezac-masina-za-rezanje-plocica-1830-1600-mm-fd01402","status":"publish","type":"product","link":"https:\/\/www.gkboje.ba\/en\/proizvod\/dingqi-rezac-masina-za-rezanje-plocica-1830-1600-mm-fd01402\/","title":{"rendered":"DINGQI Reza\u010d &#8211; ma\u0161ina za rezanje plo\u010dica 1830 &#8211; 1600 mm (FD01402)"},"content":{"rendered":"","protected":false},"excerpt":{"rendered":"","protected":false},"featured_media":38848,"comment_status":"open","ping_status":"closed","template":"","meta":[],"product_brand":[],"product_cat":[21],"product_tag":[],"class_list":{"0":"post-38846","1":"product","2":"type-product","3":"status-publish","4":"has-post-thumbnail","6":"product_cat-nekategorisano","8":"first","9":"instock","10":"shipping-taxable","11":"purchasable","12":"product-type-simple"},"wooqr_code":"","_links":{"self":[{"href":"https:\/\/www.gkboje.ba\/en\/wp-json\/wp\/v2\/product\/38846","targetHints":{"allow":["GET"]}}],"collection":[{"href":"https:\/\/www.gkboje.ba\/en\/wp-json\/wp\/v2\/product"}],"about":[{"href":"https:\/\/www.gkboje.ba\/en\/wp-json\/wp\/v2\/types\/product"}],"replies":[{"embeddable":true,"href":"https:\/\/www.gkboje.ba\/en\/wp-json\/wp\/v2\/comments?post=38846"}],"version-history":[{"count":4,"href":"https:\/\/www.gkboje.ba\/en\/wp-json\/wp\/v2\/product\/38846\/revisions"}],"predecessor-version":[{"id":40261,"href":"https:\/\/www.gkboje.ba\/en\/wp-json\/wp\/v2\/product\/38846\/revisions\/40261"}],"wp:featuredmedia":[{"embeddable":true,"href":"https:\/\/www.gkboje.ba\/en\/wp-json\/wp\/v2\/media\/38848"}],"wp:attachment":[{"href":"https:\/\/www.gkboje.ba\/en\/wp-json\/wp\/v2\/media?parent=38846"}],"wp:term":[{"taxonomy":"product_brand","embeddable":true,"href":"https:\/\/www.gkboje.ba\/en\/wp-json\/wp\/v2\/product_brand?post=38846"},{"taxonomy":"product_cat","embeddable":true,"href":"https:\/\/www.gkboje.ba\/en\/wp-json\/wp\/v2\/product_cat?post=38846"},{"taxonomy":"product_tag","embeddable":true,"href":"https:\/\/www.gkboje.ba\/en\/wp-json\/wp\/v2\/product_tag?post=38846"}],"curies":[{"name":"wp","href":"https:\/\/api.w.org\/{rel}","templated":true}]}}