{"id":38733,"date":"2025-12-04T11:11:23","date_gmt":"2025-12-04T10:11:23","guid":{"rendered":"https:\/\/www.gkboje.ba\/?post_type=product&#038;p=38733"},"modified":"2025-12-04T11:14:10","modified_gmt":"2025-12-04T10:14:10","slug":"dingqi-celicna-cetka-za-brusilicu-25x6mm-138025","status":"publish","type":"product","link":"https:\/\/www.gkboje.ba\/en\/proizvod\/dingqi-celicna-cetka-za-brusilicu-25x6mm-138025\/","title":{"rendered":"DINGQI \u010celi\u010dna \u010detka za brusilicu 25x6mm (138025)"},"content":{"rendered":"","protected":false},"excerpt":{"rendered":"","protected":false},"featured_media":38734,"comment_status":"open","ping_status":"closed","template":"","meta":[],"product_brand":[],"product_cat":[21],"product_tag":[],"class_list":{"0":"post-38733","1":"product","2":"type-product","3":"status-publish","4":"has-post-thumbnail","6":"product_cat-nekategorisano","8":"first","9":"instock","10":"shipping-taxable","11":"purchasable","12":"product-type-simple"},"wooqr_code":"","_links":{"self":[{"href":"https:\/\/www.gkboje.ba\/en\/wp-json\/wp\/v2\/product\/38733","targetHints":{"allow":["GET"]}}],"collection":[{"href":"https:\/\/www.gkboje.ba\/en\/wp-json\/wp\/v2\/product"}],"about":[{"href":"https:\/\/www.gkboje.ba\/en\/wp-json\/wp\/v2\/types\/product"}],"replies":[{"embeddable":true,"href":"https:\/\/www.gkboje.ba\/en\/wp-json\/wp\/v2\/comments?post=38733"}],"version-history":[{"count":1,"href":"https:\/\/www.gkboje.ba\/en\/wp-json\/wp\/v2\/product\/38733\/revisions"}],"predecessor-version":[{"id":38746,"href":"https:\/\/www.gkboje.ba\/en\/wp-json\/wp\/v2\/product\/38733\/revisions\/38746"}],"wp:featuredmedia":[{"embeddable":true,"href":"https:\/\/www.gkboje.ba\/en\/wp-json\/wp\/v2\/media\/38734"}],"wp:attachment":[{"href":"https:\/\/www.gkboje.ba\/en\/wp-json\/wp\/v2\/media?parent=38733"}],"wp:term":[{"taxonomy":"product_brand","embeddable":true,"href":"https:\/\/www.gkboje.ba\/en\/wp-json\/wp\/v2\/product_brand?post=38733"},{"taxonomy":"product_cat","embeddable":true,"href":"https:\/\/www.gkboje.ba\/en\/wp-json\/wp\/v2\/product_cat?post=38733"},{"taxonomy":"product_tag","embeddable":true,"href":"https:\/\/www.gkboje.ba\/en\/wp-json\/wp\/v2\/product_tag?post=38733"}],"curies":[{"name":"wp","href":"https:\/\/api.w.org\/{rel}","templated":true}]}}