{"id":36550,"date":"2025-09-13T10:09:34","date_gmt":"2025-09-13T08:09:34","guid":{"rendered":"https:\/\/www.gkboje.ba\/?post_type=product&#038;p=36550"},"modified":"2026-01-20T07:31:09","modified_gmt":"2026-01-20T06:31:09","slug":"bosch-list-za-visenamjenske-multi-alate-hcs-aiz-32-epc-wood","status":"publish","type":"product","link":"https:\/\/www.gkboje.ba\/en\/proizvod\/bosch-list-za-visenamjenske-multi-alate-hcs-aiz-32-epc-wood\/","title":{"rendered":"BOSCH List za vi\u0161enamjenske &#8211; multi alate HCS AIZ 32 EPC Wood"},"content":{"rendered":"<p><strong>Bosch HCS list pile za uranjanje AIZ 32 EPC Wood<\/strong> idealan je za precizne i brze rezove u mekom drvu. Optimizirani zupci omogu\u0107uju \u010disto i u\u010dinkovito rezanje, dok udubljeno sredi\u0161te osigurava mogu\u0107nost ravnog reza s povr\u0161inom. Zahvaljuju\u0107i Starlock monta\u017enom sustavu, prijenos snage je maksimalan, \u0161to omogu\u0107ava pouzdan rad i u zahtjevnijim aplikacijama.<\/p>\n<p>Prikladan je za uranjaju\u0107e rezove, kao \u0161to su postavljanje ventilacijskih re\u0161etki ili izrada udubljenja u dijelovima namje\u0161taja od mekog drva. Kompatibilan je sa svim standardnim osciliraju\u0107im vi\u0161enamjenskim alatima ve\u0107ine poznatih marki, \u0161to ga \u010dini univerzalnim i prakti\u010dnim dodatkom za profesionalce i DIY korisnike.<\/p>\n<h5><strong>Klju\u010dne karakteristike:<\/strong><\/h5>\n<ul>\n<li><strong>Precizni rezovi:<\/strong> Optimizirani zupci za brze i \u010diste rezove u mekom drvu.<\/li>\n<li><strong>Ravni rezovi:<\/strong> Udubljeno sredi\u0161te omogu\u0107uje rez ravan s povr\u0161inom.<\/li>\n<li><strong>Starlock sustav:<\/strong> Osigurava visok prijenos snage i stabilnost tijekom rada.<\/li>\n<li><strong>Univerzalna kompatibilnost:<\/strong> Odgovara ve\u0107ini osciliraju\u0107ih vi\u0161enamjenskih alata na tr\u017ei\u0161tu.<\/li>\n<li><strong>\u0160iroka primjena:<\/strong> Idealno za ventilacijske re\u0161etke i izradu udubljenja u drvenim elementima.<\/li>\n<\/ul>\n<h5><strong>Tehni\u010dke specifikacije:<\/strong><\/h5>\n<ul>\n<li><strong>Materijal:<\/strong> HCS (High Carbon Steel)<\/li>\n<li><strong>\u0160irina:<\/strong> 32 mm<\/li>\n<li><strong>Dubina uranjanja:<\/strong> 50 mm<\/li>\n<li><strong>Sustav monta\u017ee:<\/strong> Starlock<\/li>\n<\/ul>\n<h5><strong>Dodatne informacije:<\/strong><\/h5>\n<p><span style=\"text-decoration: underline\"><a href=\"https:\/\/www.bosch-diy.com\/hr\/hr\/p\/hcs-list-pile-za-rezanje-pod-nagibom-starlock-aiz-32-epc-2762750\">Sve dodatne informacije su dostupne na Bosch web stranici, klikom na ovaj tekst.<\/a><\/span><\/p>\n<p><em>Bosch \u0161ifra artikla: 2 608 661 637\u00a0<\/em><\/p>\n<p><em>EAN: 3165140492409<\/em><\/p>\n<p><em>SKU: 733413<\/em><\/p>\n","protected":false},"excerpt":{"rendered":"<p>Bosch HCS list pile za uranjanje AIZ 32 EPC Wood idealan je za precizne i brze rezove u mekom drvu.<\/p>\n","protected":false},"featured_media":36555,"comment_status":"open","ping_status":"closed","template":"","meta":[],"product_brand":[],"product_cat":[714],"product_tag":[],"class_list":{"0":"post-36550","1":"product","2":"type-product","3":"status-publish","4":"has-post-thumbnail","6":"product_cat-pribor-za-alate-i-masine","8":"first","9":"instock","10":"shipping-taxable","11":"purchasable","12":"product-type-simple"},"wooqr_code":"","_links":{"self":[{"href":"https:\/\/www.gkboje.ba\/en\/wp-json\/wp\/v2\/product\/36550","targetHints":{"allow":["GET"]}}],"collection":[{"href":"https:\/\/www.gkboje.ba\/en\/wp-json\/wp\/v2\/product"}],"about":[{"href":"https:\/\/www.gkboje.ba\/en\/wp-json\/wp\/v2\/types\/product"}],"replies":[{"embeddable":true,"href":"https:\/\/www.gkboje.ba\/en\/wp-json\/wp\/v2\/comments?post=36550"}],"version-history":[{"count":1,"href":"https:\/\/www.gkboje.ba\/en\/wp-json\/wp\/v2\/product\/36550\/revisions"}],"predecessor-version":[{"id":36561,"href":"https:\/\/www.gkboje.ba\/en\/wp-json\/wp\/v2\/product\/36550\/revisions\/36561"}],"wp:featuredmedia":[{"embeddable":true,"href":"https:\/\/www.gkboje.ba\/en\/wp-json\/wp\/v2\/media\/36555"}],"wp:attachment":[{"href":"https:\/\/www.gkboje.ba\/en\/wp-json\/wp\/v2\/media?parent=36550"}],"wp:term":[{"taxonomy":"product_brand","embeddable":true,"href":"https:\/\/www.gkboje.ba\/en\/wp-json\/wp\/v2\/product_brand?post=36550"},{"taxonomy":"product_cat","embeddable":true,"href":"https:\/\/www.gkboje.ba\/en\/wp-json\/wp\/v2\/product_cat?post=36550"},{"taxonomy":"product_tag","embeddable":true,"href":"https:\/\/www.gkboje.ba\/en\/wp-json\/wp\/v2\/product_tag?post=36550"}],"curies":[{"name":"wp","href":"https:\/\/api.w.org\/{rel}","templated":true}]}}