{"id":36487,"date":"2025-09-13T07:27:57","date_gmt":"2025-09-13T05:27:57","guid":{"rendered":"https:\/\/www.gkboje.ba\/?post_type=product&#038;p=36487"},"modified":"2026-01-26T18:08:57","modified_gmt":"2026-01-26T17:08:57","slug":"bosch-koncetrat-deterdzenta-glassvac-500-ml","status":"publish","type":"product","link":"https:\/\/www.gkboje.ba\/en\/proizvod\/bosch-koncetrat-deterdzenta-glassvac-500-ml\/","title":{"rendered":"BOSCH Koncetrat deterd\u017eenta GlassVAC &#8211; 500 ml"},"content":{"rendered":"<p><strong>Bosch GlassVAC koncentrat deterd\u017eenta 500 ml<\/strong> posebno je formulisan za uklanjanje tvrdokorne prljav\u0161tine sa svih staklenih i glatkih povr\u0161ina. U kombinaciji s Bosch GlassVAC ure\u0111ajem, omogu\u0107ava brzo i jednostavno \u010di\u0161\u0107enje bez tragova i \u0161kripavih zvukova. Zahvaljuju\u0107i sna\u017enoj formuli, osigurava besprijekornu \u010disto\u0107u u cijelom domu, a primjena je jednostavna: raspr\u0161ite, prebri\u0161ite i usisajte pomo\u0107u GlassVAC-a.<\/p>\n<p>Ovaj koncentrat je idealan za prozore, ogledala, plo\u010dice, tu\u0161-kabine i druge glatke povr\u0161ine. S patentiranom Bosch gumenom prevlakom koja smanjuje trenje i ubrzava rad, \u010di\u0161\u0107enje postaje br\u017ee, lak\u0161e i efikasnije.<\/p>\n<h5><strong>Klju\u010dne karakteristike:<\/strong><\/h5>\n<ul>\n<li><strong>U\u010dinkovito uklanja:<\/strong> Tvrdokornu prljav\u0161tinu sa stakla i glatkih povr\u0161ina.<\/li>\n<li><strong>Besprijekorni rezultati:<\/strong> \u010ci\u0161\u0107enje bez tragova i \u0161kripanja.<\/li>\n<li><strong>Jednostavna upotreba:<\/strong> Raspr\u0161ite, prebri\u0161ite i usisajte pomo\u0107u GlassVAC ure\u0111aja.<\/li>\n<li><strong>\u0160iroka primjena:<\/strong> Prozori, ogledala, plo\u010dice, tu\u0161-kabine.<\/li>\n<li><strong>Kombinacija sa GlassVAC-om:<\/strong> Optimalni rezultati uz Bosch akumulatorski usisava\u010d za prozore.<\/li>\n<\/ul>\n<h5><strong>Tehni\u010dke specifikacije:<\/strong><\/h5>\n<ul>\n<li><strong>Zapremina:<\/strong> 500 ml<\/li>\n<li><strong>Namjena:<\/strong> Za upotrebu sa Bosch GlassVAC ure\u0111ajem<\/li>\n<\/ul>\n<h5><strong>Pogodno za:<\/strong><\/h5>\n<ul>\n<li>\u010ci\u0161\u0107enje prozora i staklenih povr\u0161ina<\/li>\n<li>Ogledala i kerami\u010dke plo\u010dice<\/li>\n<li>Tu\u0161-kabine i druge glatke povr\u0161ine<\/li>\n<\/ul>\n<h5><strong>Dodatne informacije:<\/strong><\/h5>\n<p><span style=\"text-decoration: underline\"><a href=\"https:\/\/www.bosch-diy.com\/hr\/hr\/p\/glassvac-koncentrat-deterd%c5%beenta-500-ml-f016800568\">Sve dodatne informacije su dostupne na Bosch web stranici, klikom na ovaj tekst.<\/a><\/span><\/p>\n<p><em>Bosch \u0161ifra artikla: F 016 800 568\u00a0<\/em><\/p>\n<p><em>EAN: 3165140941747<\/em><\/p>\n<p><em>SKU: 733409<\/em><\/p>\n","protected":false},"excerpt":{"rendered":"<p>Bosch GlassVAC koncentrat deterd\u017eenta 500 ml posebno je formulisan za uklanjanje tvrdokorne prljav\u0161tine sa svih staklenih i glatkih povr\u0161ina. U<\/p>\n","protected":false},"featured_media":36488,"comment_status":"open","ping_status":"closed","template":"","meta":[],"product_brand":[],"product_cat":[1146],"product_tag":[1467],"class_list":{"0":"post-36487","1":"product","2":"type-product","3":"status-publish","4":"has-post-thumbnail","6":"product_cat-oprema-za-usisivace","7":"product_tag-bosch-diy-home-alati-i-masine","9":"first","10":"instock","11":"shipping-taxable","12":"purchasable","13":"product-type-simple"},"wooqr_code":"","_links":{"self":[{"href":"https:\/\/www.gkboje.ba\/en\/wp-json\/wp\/v2\/product\/36487","targetHints":{"allow":["GET"]}}],"collection":[{"href":"https:\/\/www.gkboje.ba\/en\/wp-json\/wp\/v2\/product"}],"about":[{"href":"https:\/\/www.gkboje.ba\/en\/wp-json\/wp\/v2\/types\/product"}],"replies":[{"embeddable":true,"href":"https:\/\/www.gkboje.ba\/en\/wp-json\/wp\/v2\/comments?post=36487"}],"version-history":[{"count":1,"href":"https:\/\/www.gkboje.ba\/en\/wp-json\/wp\/v2\/product\/36487\/revisions"}],"predecessor-version":[{"id":36496,"href":"https:\/\/www.gkboje.ba\/en\/wp-json\/wp\/v2\/product\/36487\/revisions\/36496"}],"wp:featuredmedia":[{"embeddable":true,"href":"https:\/\/www.gkboje.ba\/en\/wp-json\/wp\/v2\/media\/36488"}],"wp:attachment":[{"href":"https:\/\/www.gkboje.ba\/en\/wp-json\/wp\/v2\/media?parent=36487"}],"wp:term":[{"taxonomy":"product_brand","embeddable":true,"href":"https:\/\/www.gkboje.ba\/en\/wp-json\/wp\/v2\/product_brand?post=36487"},{"taxonomy":"product_cat","embeddable":true,"href":"https:\/\/www.gkboje.ba\/en\/wp-json\/wp\/v2\/product_cat?post=36487"},{"taxonomy":"product_tag","embeddable":true,"href":"https:\/\/www.gkboje.ba\/en\/wp-json\/wp\/v2\/product_tag?post=36487"}],"curies":[{"name":"wp","href":"https:\/\/api.w.org\/{rel}","templated":true}]}}