{"id":36435,"date":"2025-09-12T07:54:46","date_gmt":"2025-09-12T05:54:46","guid":{"rendered":"https:\/\/www.gkboje.ba\/?post_type=product&#038;p=36435"},"modified":"2026-01-25T20:27:09","modified_gmt":"2026-01-25T19:27:09","slug":"bosch-dijamantska-rezna-ploca-standard-for-ceramic-115-x-1-6-x-22-23-mm","status":"publish","type":"product","link":"https:\/\/www.gkboje.ba\/en\/proizvod\/bosch-dijamantska-rezna-ploca-standard-for-ceramic-115-x-1-6-x-22-23-mm\/","title":{"rendered":"BOSCH Dijamantna rezna plo\u010da Standard for Ceramic &#8211; 115 x 1.6 x 22.23 mm"},"content":{"rendered":"<p><strong>Bosch Standard for Ceramic dijamantna rezna plo\u010da<\/strong> dizajnirana je za male kutne brusilice i omogu\u0107ava pouzdano i precizno rezanje plo\u010dica. Kontinuirani rezni obod osigurava \u010diste i to\u010dne rezultate u svim vrstama plo\u010dica, dok visoke standarde kvalitete garantira Boschev dijamantni centar u \u0160vicarskoj.<\/p>\n<p>Zahvaljuju\u0107i provrtu od 22.23 mm, plo\u010da je kompatibilna s kutnim brusilicama sa standardnom steznom maticom. Idealna je za kerami\u010dke plo\u010dice i druge materijale gdje je potreban glatki rez bez o\u0161te\u0107enja rubova.<\/p>\n<h5><strong>Klju\u010dne karakteristike:<\/strong><\/h5>\n<ul>\n<li><strong>Pouzdan rez:<\/strong> Kontinuirani rezni obod za \u010diste i precizne rezultate.<\/li>\n<li><strong>Visok kvalitet:<\/strong> Testirano i proizvedeno prema standardima Boschevog dijamantnog centra u \u0160vicarskoj.<\/li>\n<li><strong>Kompatibilnost:<\/strong> Pogodna za male kutne brusilice sa standardnom steznom maticom.<\/li>\n<li><strong>Specijalizirana primjena:<\/strong> Dizajnirana za rezanje kerami\u010dkih plo\u010dica.<\/li>\n<\/ul>\n<h5><strong>Tehni\u010dke specifikacije:<\/strong><\/h5>\n<ul>\n<li><strong>Promjer plo\u010de:<\/strong> 115 mm<\/li>\n<li><strong>Promjer provrta:<\/strong> 22.23 mm<\/li>\n<li><strong>Debljina rezne plo\u010de:<\/strong> 1.6 mm<\/li>\n<li><strong>Visina segmenta:<\/strong> 7 mm<\/li>\n<\/ul>\n<h5><strong>Pogodno za:<\/strong><\/h5>\n<ul>\n<li>Rezanje kerami\u010dkih plo\u010dica<\/li>\n<li>Upotrebu u unutra\u0161njim i vanjskim gra\u0111evinskim radovima<\/li>\n<li>Profesionalne i DIY korisnike kojima je potreban precizan rez<\/li>\n<\/ul>\n<h5><strong>Dodatne informacije:<\/strong><\/h5>\n<p><span style=\"text-decoration: underline\"><a href=\"https:\/\/www.bosch-professional.com\/hr\/hr\/dijamantne-rezne-ploce-za-keramiku-standard-for-ceramic-za-male-kutne-brusilice-2867692-ocs-ac\/\">Sve dodatne informacije su dostupne na Bosch web stranici, klikom na ovaj tekst.<\/a><\/span><\/p>\n<p><em>Bosch \u0161ifra artikla: 2 608 602 201\u00a0<\/em><\/p>\n<p><em>EAN: 3165140441292<\/em><\/p>\n<p><em>SKU: 733405<\/em><\/p>\n","protected":false},"excerpt":{"rendered":"<p>Bosch Standard for Ceramic dijamantna rezna plo\u010da dizajnirana je za male kutne brusilice i omogu\u0107ava pouzdano i precizno rezanje plo\u010dica.<\/p>\n","protected":false},"featured_media":36436,"comment_status":"open","ping_status":"closed","template":"","meta":[],"product_brand":[],"product_cat":[738],"product_tag":[1349],"class_list":{"0":"post-36435","1":"product","2":"type-product","3":"status-publish","4":"has-post-thumbnail","6":"product_cat-dijamantne-ploce","7":"product_tag-bosch-profesionalni-pribor","9":"first","10":"instock","11":"shipping-taxable","12":"purchasable","13":"product-type-simple"},"wooqr_code":"","_links":{"self":[{"href":"https:\/\/www.gkboje.ba\/en\/wp-json\/wp\/v2\/product\/36435","targetHints":{"allow":["GET"]}}],"collection":[{"href":"https:\/\/www.gkboje.ba\/en\/wp-json\/wp\/v2\/product"}],"about":[{"href":"https:\/\/www.gkboje.ba\/en\/wp-json\/wp\/v2\/types\/product"}],"replies":[{"embeddable":true,"href":"https:\/\/www.gkboje.ba\/en\/wp-json\/wp\/v2\/comments?post=36435"}],"version-history":[{"count":2,"href":"https:\/\/www.gkboje.ba\/en\/wp-json\/wp\/v2\/product\/36435\/revisions"}],"predecessor-version":[{"id":40919,"href":"https:\/\/www.gkboje.ba\/en\/wp-json\/wp\/v2\/product\/36435\/revisions\/40919"}],"wp:featuredmedia":[{"embeddable":true,"href":"https:\/\/www.gkboje.ba\/en\/wp-json\/wp\/v2\/media\/36436"}],"wp:attachment":[{"href":"https:\/\/www.gkboje.ba\/en\/wp-json\/wp\/v2\/media?parent=36435"}],"wp:term":[{"taxonomy":"product_brand","embeddable":true,"href":"https:\/\/www.gkboje.ba\/en\/wp-json\/wp\/v2\/product_brand?post=36435"},{"taxonomy":"product_cat","embeddable":true,"href":"https:\/\/www.gkboje.ba\/en\/wp-json\/wp\/v2\/product_cat?post=36435"},{"taxonomy":"product_tag","embeddable":true,"href":"https:\/\/www.gkboje.ba\/en\/wp-json\/wp\/v2\/product_tag?post=36435"}],"curies":[{"name":"wp","href":"https:\/\/api.w.org\/{rel}","templated":true}]}}