{"id":35892,"date":"2025-08-22T13:18:21","date_gmt":"2025-08-22T11:18:21","guid":{"rendered":"https:\/\/www.gkboje.ba\/?post_type=product&#038;p=35892"},"modified":"2025-08-22T13:25:23","modified_gmt":"2025-08-22T11:25:23","slug":"helios-refinish-spuzva-za-poliranje-naranzasta-2-127-150-mm-fina","status":"publish","type":"product","link":"https:\/\/www.gkboje.ba\/en\/proizvod\/helios-refinish-spuzva-za-poliranje-naranzasta-2-127-150-mm-fina\/","title":{"rendered":"Helios Refinish Spu\u017eva za poliranje &#8211; Naran\u017easta 2 &#8211; 127\/150 mm (Fina)"},"content":{"rendered":"<p><strong>Helios Refinish Polir Spu\u017eva \u2013 Narand\u017easta (Fina) 127\/150 mm<\/strong> je visokokvalitetna pjenasta podloga namijenjena zavr\u0161nom poliranju i uklanjanju te\u017eih ogrebotina i defekata s povr\u0161ine laka. Zahvaljuju\u0107i mekoj strukturi, ova spu\u017eva omogu\u0107ava maksimalni sjaj u kombinaciji s finim polir pastama.<\/p>\n<p>Precizno izra\u0111ena i otporna na habanje, spu\u017eva zadr\u017eava oblik i performanse i pri dugotrajnoj upotrebi. Pogodna je za rad s rotacionim i ekscentri\u010dnim polirkama, a pre\u010dnik od 150 mm pru\u017ea optimalnu povr\u0161inu za ravnomjerno i efikasno poliranje.<\/p>\n<h5><strong>Klju\u010dne karakteristike:<\/strong><\/h5>\n<ul>\n<li>Promjer: 150 mm.<\/li>\n<li>Meka (fina) struktura.<\/li>\n<li>Namijenjena finim polir pastama.<\/li>\n<li>Visoka izdr\u017eljivost i dug vijek trajanja.<\/li>\n<li>Pogodna za rotacione i ekscentri\u010dne ma\u0161ine.<\/li>\n<li>Profesionalni rezultat uz brzu i ravnomjernu obradu povr\u0161ine.<\/li>\n<\/ul>\n","protected":false},"excerpt":{"rendered":"<p><strong>Cijena je izra\u017eena na 1 spu\u017evu (komad)<\/strong><\/p>\n","protected":false},"featured_media":35893,"comment_status":"open","ping_status":"closed","template":"","meta":[],"product_brand":[],"product_cat":[944],"product_tag":[],"class_list":{"0":"post-35892","1":"product","2":"type-product","3":"status-publish","4":"has-post-thumbnail","6":"product_cat-spuzve-za-poliranje","8":"first","9":"instock","10":"shipping-taxable","11":"purchasable","12":"product-type-simple"},"wooqr_code":"","_links":{"self":[{"href":"https:\/\/www.gkboje.ba\/en\/wp-json\/wp\/v2\/product\/35892","targetHints":{"allow":["GET"]}}],"collection":[{"href":"https:\/\/www.gkboje.ba\/en\/wp-json\/wp\/v2\/product"}],"about":[{"href":"https:\/\/www.gkboje.ba\/en\/wp-json\/wp\/v2\/types\/product"}],"replies":[{"embeddable":true,"href":"https:\/\/www.gkboje.ba\/en\/wp-json\/wp\/v2\/comments?post=35892"}],"version-history":[{"count":1,"href":"https:\/\/www.gkboje.ba\/en\/wp-json\/wp\/v2\/product\/35892\/revisions"}],"predecessor-version":[{"id":35895,"href":"https:\/\/www.gkboje.ba\/en\/wp-json\/wp\/v2\/product\/35892\/revisions\/35895"}],"wp:featuredmedia":[{"embeddable":true,"href":"https:\/\/www.gkboje.ba\/en\/wp-json\/wp\/v2\/media\/35893"}],"wp:attachment":[{"href":"https:\/\/www.gkboje.ba\/en\/wp-json\/wp\/v2\/media?parent=35892"}],"wp:term":[{"taxonomy":"product_brand","embeddable":true,"href":"https:\/\/www.gkboje.ba\/en\/wp-json\/wp\/v2\/product_brand?post=35892"},{"taxonomy":"product_cat","embeddable":true,"href":"https:\/\/www.gkboje.ba\/en\/wp-json\/wp\/v2\/product_cat?post=35892"},{"taxonomy":"product_tag","embeddable":true,"href":"https:\/\/www.gkboje.ba\/en\/wp-json\/wp\/v2\/product_tag?post=35892"}],"curies":[{"name":"wp","href":"https:\/\/api.w.org\/{rel}","templated":true}]}}