{"id":35871,"date":"2025-08-22T12:06:05","date_gmt":"2025-08-22T10:06:05","guid":{"rendered":"https:\/\/www.gkboje.ba\/?post_type=product&#038;p=35871"},"modified":"2025-08-22T12:18:41","modified_gmt":"2025-08-22T10:18:41","slug":"helios-refinish-pasta-za-poliranje-fine-compound-2-1000-250-ml-fina","status":"publish","type":"product","link":"https:\/\/www.gkboje.ba\/en\/proizvod\/helios-refinish-pasta-za-poliranje-fine-compound-2-1000-250-ml-fina\/","title":{"rendered":"Helios Refinish Pasta za poliranje &#8211; Fine Compound 2 &#8211; 1000 \/ 250 ml (Fina)"},"content":{"rendered":"<p><strong>Helios Refinish Polir Pasta &#8211; Fine Compound<\/strong>\u00a0je nova generacija abrazivne paste na bazi aluminijum oksida, razvijena za uklanjanje ogrebotina od \u0161mirgl papira granulacije P2500\u2013P3000. Pru\u017ea izuzetno visok sjaj i savr\u0161en zavr\u0161ni efekat sa ogledalnim odrazom, \u010dine\u0107i je idealnim izborom za zavr\u0161no poliranje.<\/p>\n<p>Zahvaljuju\u0107i posebnoj formuli i naprednoj tehnologiji praha, ova pasta efikasno uklanja holograme i zamu\u0107enja, naro\u010dito na tamnim bojama, ostavljaju\u0107i besprijekornu povr\u0161inu. Mo\u017ee se koristiti i s rotacionim i s ekscentri\u010dnim ma\u0161inama. Formula je VOC kompatibilna, bez \u0161tetnih dodataka, sigurna i profesionalna.<\/p>\n<h5><strong>Klju\u010dne karakteristike:<\/strong><\/h5>\n<ul>\n<li>Nova generacija paste na bazi aluminijum oksida.<\/li>\n<li>Uklanja ogrebotine od P2500\u2013P3000 \u0161mirgl papira.<\/li>\n<li>Pru\u017ea ogledalni odraz i ekstreman sjaj.<\/li>\n<li>Savr\u0161eno uklanja holograme i zamu\u0107enja.<\/li>\n<li>Posebno pogodna za tamne boje.<\/li>\n<li>Pogodna za rotacione i ekscentri\u010dne ma\u0161ine.<\/li>\n<li>VOC kompatibilna i sigurna za profesionalnu upotrebu.<\/li>\n<\/ul>\n","protected":false},"excerpt":{"rendered":"<p>Helios Refinish Polir Pasta &#8211; Fine Compound\u00a0je nova generacija abrazivne paste na bazi aluminijum oksida, razvijena za uklanjanje ogrebotina od<\/p>\n","protected":false},"featured_media":35874,"comment_status":"open","ping_status":"closed","template":"","meta":[],"product_brand":[],"product_cat":[943],"product_tag":[],"class_list":{"0":"post-35871","1":"product","2":"type-product","3":"status-publish","4":"has-post-thumbnail","6":"product_cat-paste-za-poliranje","8":"first","9":"instock","10":"shipping-taxable","11":"purchasable","12":"product-type-variable","13":"has-default-attributes"},"wooqr_code":"","_links":{"self":[{"href":"https:\/\/www.gkboje.ba\/en\/wp-json\/wp\/v2\/product\/35871","targetHints":{"allow":["GET"]}}],"collection":[{"href":"https:\/\/www.gkboje.ba\/en\/wp-json\/wp\/v2\/product"}],"about":[{"href":"https:\/\/www.gkboje.ba\/en\/wp-json\/wp\/v2\/types\/product"}],"replies":[{"embeddable":true,"href":"https:\/\/www.gkboje.ba\/en\/wp-json\/wp\/v2\/comments?post=35871"}],"version-history":[{"count":1,"href":"https:\/\/www.gkboje.ba\/en\/wp-json\/wp\/v2\/product\/35871\/revisions"}],"predecessor-version":[{"id":35882,"href":"https:\/\/www.gkboje.ba\/en\/wp-json\/wp\/v2\/product\/35871\/revisions\/35882"}],"wp:featuredmedia":[{"embeddable":true,"href":"https:\/\/www.gkboje.ba\/en\/wp-json\/wp\/v2\/media\/35874"}],"wp:attachment":[{"href":"https:\/\/www.gkboje.ba\/en\/wp-json\/wp\/v2\/media?parent=35871"}],"wp:term":[{"taxonomy":"product_brand","embeddable":true,"href":"https:\/\/www.gkboje.ba\/en\/wp-json\/wp\/v2\/product_brand?post=35871"},{"taxonomy":"product_cat","embeddable":true,"href":"https:\/\/www.gkboje.ba\/en\/wp-json\/wp\/v2\/product_cat?post=35871"},{"taxonomy":"product_tag","embeddable":true,"href":"https:\/\/www.gkboje.ba\/en\/wp-json\/wp\/v2\/product_tag?post=35871"}],"curies":[{"name":"wp","href":"https:\/\/api.w.org\/{rel}","templated":true}]}}