{"id":35861,"date":"2025-08-22T12:00:19","date_gmt":"2025-08-22T10:00:19","guid":{"rendered":"https:\/\/www.gkboje.ba\/?post_type=product&#038;p=35861"},"modified":"2025-08-22T12:14:27","modified_gmt":"2025-08-22T10:14:27","slug":"helios-refinish-pasta-za-poliranje-heavy-cut-compound-1-1000-250-ml-gruba","status":"publish","type":"product","link":"https:\/\/www.gkboje.ba\/en\/proizvod\/helios-refinish-pasta-za-poliranje-heavy-cut-compound-1-1000-250-ml-gruba\/","title":{"rendered":"Helios Refinish Pasta za poliranje &#8211; Heavy Cut Compound 1 &#8211; 1000 \/ 250 ml (Gruba)"},"content":{"rendered":"<p><strong>Helios Refinish Polir Pasta \u2013 Heavy Cut <\/strong>je nova generacija abrazivne paste na bazi aluminijum oksida, posebno razvijena za uklanjanje ogrebotina od \u0161mirgl papira granulacije P1500\u2013P2000, kao i drugih manjih povr\u0161inskih defekata. Zahvaljuju\u0107i inovativnoj tehnologiji visokokvalitetnog praha, pasta pru\u017ea sna\u017enu mo\u0107 poliranja uz postizanje visokog sjaja.<\/p>\n<p>Ova formula je razvijena za profesionalnu upotrebu u autolakirnicama, potpuno je bez silikona i punila, vodena je i VOC kompatibilna, \u0161to je \u010dini ekolo\u0161ki prihvatljivijom i sigurnijom za rad.<\/p>\n<h5><strong>Klju\u010dne karakteristike:<\/strong><\/h5>\n<ul>\n<li>Novi tip abrazivne paste na bazi aluminijum oksida.<\/li>\n<li>Uklanja ogrebotine od P1500\u2013P2000 \u0161mirgl papira.<\/li>\n<li>Bez silikona i punila \u2013 sigurno za profesionalnu upotrebu.<\/li>\n<li>Vodena formulacija i VOC kompatibilnost.<\/li>\n<li>Visoka mo\u0107 abrazije uz postizanje dobrog sjaja.<\/li>\n<li>Pogodno za uklanjanje manjih povr\u0161inskih defekata.<\/li>\n<\/ul>\n<h5><strong>Pakovanje:<\/strong><\/h5>\n<ul>\n<li>1000 ml<\/li>\n<li>250 ml<\/li>\n<\/ul>\n","protected":false},"excerpt":{"rendered":"<p>Helios Refinish Polir Pasta \u2013 Heavy Cut je nova generacija abrazivne paste na bazi aluminijum oksida, posebno razvijena za uklanjanje<\/p>\n","protected":false},"featured_media":35862,"comment_status":"open","ping_status":"closed","template":"","meta":[],"product_brand":[],"product_cat":[943],"product_tag":[],"class_list":{"0":"post-35861","1":"product","2":"type-product","3":"status-publish","4":"has-post-thumbnail","6":"product_cat-paste-za-poliranje","8":"first","9":"instock","10":"shipping-taxable","11":"purchasable","12":"product-type-variable","13":"has-default-attributes"},"wooqr_code":"","_links":{"self":[{"href":"https:\/\/www.gkboje.ba\/en\/wp-json\/wp\/v2\/product\/35861","targetHints":{"allow":["GET"]}}],"collection":[{"href":"https:\/\/www.gkboje.ba\/en\/wp-json\/wp\/v2\/product"}],"about":[{"href":"https:\/\/www.gkboje.ba\/en\/wp-json\/wp\/v2\/types\/product"}],"replies":[{"embeddable":true,"href":"https:\/\/www.gkboje.ba\/en\/wp-json\/wp\/v2\/comments?post=35861"}],"version-history":[{"count":3,"href":"https:\/\/www.gkboje.ba\/en\/wp-json\/wp\/v2\/product\/35861\/revisions"}],"predecessor-version":[{"id":35881,"href":"https:\/\/www.gkboje.ba\/en\/wp-json\/wp\/v2\/product\/35861\/revisions\/35881"}],"wp:featuredmedia":[{"embeddable":true,"href":"https:\/\/www.gkboje.ba\/en\/wp-json\/wp\/v2\/media\/35862"}],"wp:attachment":[{"href":"https:\/\/www.gkboje.ba\/en\/wp-json\/wp\/v2\/media?parent=35861"}],"wp:term":[{"taxonomy":"product_brand","embeddable":true,"href":"https:\/\/www.gkboje.ba\/en\/wp-json\/wp\/v2\/product_brand?post=35861"},{"taxonomy":"product_cat","embeddable":true,"href":"https:\/\/www.gkboje.ba\/en\/wp-json\/wp\/v2\/product_cat?post=35861"},{"taxonomy":"product_tag","embeddable":true,"href":"https:\/\/www.gkboje.ba\/en\/wp-json\/wp\/v2\/product_tag?post=35861"}],"curies":[{"name":"wp","href":"https:\/\/api.w.org\/{rel}","templated":true}]}}