{"id":35115,"date":"2025-07-30T08:53:21","date_gmt":"2025-07-30T06:53:21","guid":{"rendered":"https:\/\/www.gkboje.ba\/?post_type=product&#038;p=35115"},"modified":"2026-01-06T07:39:27","modified_gmt":"2026-01-06T06:39:27","slug":"bosch-borer-svrdlo-za-betom-cyl-3-5-0-8-0-mm","status":"publish","type":"product","link":"https:\/\/www.gkboje.ba\/en\/proizvod\/bosch-borer-svrdlo-za-betom-cyl-3-5-0-8-0-mm\/","title":{"rendered":"BOSCH Borer &#8211; svrdlo za betom CYL-3 (5.0 &#8211; 8.0 mm)"},"content":{"rendered":"<p><strong>Bosch CYL-3 spiralno svrdlo za beton<\/strong> nudi dugotrajne performanse pri bu\u0161enju u beton i prirodni kamen, zahvaljuju\u0107i izdr\u017eljivoj Bosch karbidnoj mje\u0161avini i optimiziranom 2-spiralnom U dizajnu. Precizno izra\u0111eno za bu\u0161enje otvora za tiple i u\u010dvr\u0161\u0107enja, svrdlo osigurava efikasno uklanjanje pra\u0161ine, smanjenje trenja i produ\u017een vijek trajanja.<\/p>\n<p>Svrdlo je kompatibilno s bu\u0161ilicama i udarnim bu\u0161ilicama s tro\u010deljusnim steznim glavama, a nosi i PGM certifikat koji garantira ta\u010dnost otvora i \u010dvrsto\u0107u u\u010dvr\u0161\u0107enja.<\/p>\n<h5><strong>Klju\u010dne karakteristike:<\/strong><\/h5>\n<ul>\n<li>Specijalna Bosch karbidna mje\u0161avina za otpornost na habanje<\/li>\n<li>U-spiralni dizajn omogu\u0107ava efikasno odvo\u0111enje pra\u0161ine<\/li>\n<li>Pogodno za bu\u0161enje u betonu, cigli i prirodnom kamenu<\/li>\n<li>PGM certifikat za precizno bu\u0161enje i sna\u017eno dr\u017eanje tipli<\/li>\n<\/ul>\n<h5><strong>Pogodno za bu\u0161enje:<\/strong><\/h5>\n<ul>\n<li>Beton i armirani beton<\/li>\n<li>Prirodni kamen i zidanje<\/li>\n<li>Bu\u0161enje rupa za u\u010dvr\u0161\u0107enja (tiple, ankere)<\/li>\n<\/ul>\n<h5><strong>Kompatibilnost:<\/strong><\/h5>\n<ul>\n<li>Sve standardne i akumulatorske bu\u0161ilice s tro\u010deljusnim steznim glavama<\/li>\n<li>Za bu\u0161enje s i bez udarnog mehanizma<\/li>\n<\/ul>\n<h5><strong>Dodatne informacije:<\/strong><\/h5>\n<p><span style=\"text-decoration: underline\"><a href=\"https:\/\/www.bosch-professional.com\/hr\/hr\/svrdla-za-beton-cyl-3-2868161-ocs-ac\/\">Sve dodatne informacije su dostupne na Bosch web stranici, klikom na ovaj tekst.<\/a><\/span><\/p>\n","protected":false},"excerpt":{"rendered":"<p>Bosch CYL-3 spiralno svrdlo za beton nudi dugotrajne performanse pri bu\u0161enju u beton i prirodni kamen, zahvaljuju\u0107i izdr\u017eljivoj Bosch karbidnoj<\/p>\n","protected":false},"featured_media":35120,"comment_status":"open","ping_status":"closed","template":"","meta":[],"product_brand":[],"product_cat":[730],"product_tag":[1349],"class_list":{"0":"post-35115","1":"product","2":"type-product","3":"status-publish","4":"has-post-thumbnail","6":"product_cat-boreri-za-beton","7":"product_tag-bosch-profesionalni-pribor","9":"first","10":"instock","11":"shipping-taxable","12":"purchasable","13":"product-type-variable"},"wooqr_code":"","_links":{"self":[{"href":"https:\/\/www.gkboje.ba\/en\/wp-json\/wp\/v2\/product\/35115","targetHints":{"allow":["GET"]}}],"collection":[{"href":"https:\/\/www.gkboje.ba\/en\/wp-json\/wp\/v2\/product"}],"about":[{"href":"https:\/\/www.gkboje.ba\/en\/wp-json\/wp\/v2\/types\/product"}],"replies":[{"embeddable":true,"href":"https:\/\/www.gkboje.ba\/en\/wp-json\/wp\/v2\/comments?post=35115"}],"version-history":[{"count":2,"href":"https:\/\/www.gkboje.ba\/en\/wp-json\/wp\/v2\/product\/35115\/revisions"}],"predecessor-version":[{"id":35126,"href":"https:\/\/www.gkboje.ba\/en\/wp-json\/wp\/v2\/product\/35115\/revisions\/35126"}],"wp:featuredmedia":[{"embeddable":true,"href":"https:\/\/www.gkboje.ba\/en\/wp-json\/wp\/v2\/media\/35120"}],"wp:attachment":[{"href":"https:\/\/www.gkboje.ba\/en\/wp-json\/wp\/v2\/media?parent=35115"}],"wp:term":[{"taxonomy":"product_brand","embeddable":true,"href":"https:\/\/www.gkboje.ba\/en\/wp-json\/wp\/v2\/product_brand?post=35115"},{"taxonomy":"product_cat","embeddable":true,"href":"https:\/\/www.gkboje.ba\/en\/wp-json\/wp\/v2\/product_cat?post=35115"},{"taxonomy":"product_tag","embeddable":true,"href":"https:\/\/www.gkboje.ba\/en\/wp-json\/wp\/v2\/product_tag?post=35115"}],"curies":[{"name":"wp","href":"https:\/\/api.w.org\/{rel}","templated":true}]}}