{"id":35090,"date":"2025-07-30T08:18:00","date_gmt":"2025-07-30T06:18:00","guid":{"rendered":"https:\/\/www.gkboje.ba\/?post_type=product&#038;p=35090"},"modified":"2026-01-06T07:39:27","modified_gmt":"2026-01-06T06:39:27","slug":"bosch-borer-svrdlo-za-metal-cobalt-hss-co-2-0-12-mm","status":"publish","type":"product","link":"https:\/\/www.gkboje.ba\/en\/proizvod\/bosch-borer-svrdlo-za-metal-cobalt-hss-co-2-0-12-mm\/","title":{"rendered":"BOSCH Borer &#8211; svrdlo za metal Cobalt HSS-Co \/ 2.0 &#8211; 12 mm"},"content":{"rendered":"<p><strong>Bosch HSS-Co spiralno svrdlo<\/strong> izra\u0111eno je za izuzetno izdr\u017eljivo i precizno bu\u0161enje zahtjevnih materijala poput nehr\u0111aju\u0107eg \u010delika, legiranog i nelegiranog \u010delika, lijevanog \u017eeljeza i \u010delika otpornih na toplinu. Kombinacija kobaltne legure i potpuno bru\u0161enog HSS materijala osigurava otpornost na habanje i visoke temperature.<\/p>\n<p>Dizajnirano s kri\u017eno bru\u0161enim vrhom pod 135\u00b0, HSS-Co svrdlo omogu\u0107ava savr\u0161eno centriranje bez proklizavanja, dok dvostruke o\u0161trice i spirale efikasno uklanjaju strugotine, \u010dime se produ\u017eava vijek trajanja svrdla.<\/p>\n<h5><strong>Klju\u010dne karakteristike:<\/strong><\/h5>\n<ul>\n<li>Legura s kobaltom za otpornost na tro\u0161enje i toplotu<\/li>\n<li>Kri\u017eno bru\u0161eni vrh (135\u00b0) za precizno centriranje bez kolebanja<\/li>\n<li>Dvije o\u0161trice i spiralne \u017eljebove za brzo uklanjanje strugotina<\/li>\n<li>Cilindri\u010dni prihvat kompatibilan s tro\u010deljusnim steznim glavama<\/li>\n<li>Proizvedeno prema DIN 338, tip N, tolerancija promjera h8<\/li>\n<\/ul>\n<h5><strong>Pogodno za bu\u0161enje:<\/strong><\/h5>\n<ul>\n<li>Neh\u0111aju\u0107i \u010delik (INOX)<\/li>\n<li>Legirani i nelegirani \u010delik<\/li>\n<li>Lijevano \u017eeljezo i lijevani \u010delik<\/li>\n<li>\u010celici otporni na kiseline i toplotu<\/li>\n<\/ul>\n<h5><strong>Kompatibilnost:<\/strong><\/h5>\n<ul>\n<li>Sve standardne bu\u0161ilice i akumulatorski izvija\u010di<\/li>\n<li>Idealno za stacionarno i ru\u010dno bu\u0161enje<\/li>\n<\/ul>\n<h5><strong>Dodatne informacije:<\/strong><\/h5>\n<p><span style=\"text-decoration: underline\"><a href=\"https:\/\/www.bosch-professional.com\/hr\/hr\/svrdla-za-metal-hss-co-din338-2868001-ocs-ac\/\">Sve dodatne informacije su dostupne na Bosch web stranici, klikom na ovaj tekst.<\/a><\/span><\/p>\n","protected":false},"excerpt":{"rendered":"<p>Jedinica mjere: Komad<\/p>\n","protected":false},"featured_media":33901,"comment_status":"open","ping_status":"closed","template":"","meta":[],"product_brand":[],"product_cat":[728],"product_tag":[1349],"class_list":{"0":"post-35090","1":"product","2":"type-product","3":"status-publish","4":"has-post-thumbnail","6":"product_cat-boreri-za-metal","7":"product_tag-bosch-profesionalni-pribor","9":"first","10":"instock","11":"shipping-taxable","12":"purchasable","13":"product-type-variable","14":"has-default-attributes"},"wooqr_code":"","_links":{"self":[{"href":"https:\/\/www.gkboje.ba\/en\/wp-json\/wp\/v2\/product\/35090","targetHints":{"allow":["GET"]}}],"collection":[{"href":"https:\/\/www.gkboje.ba\/en\/wp-json\/wp\/v2\/product"}],"about":[{"href":"https:\/\/www.gkboje.ba\/en\/wp-json\/wp\/v2\/types\/product"}],"replies":[{"embeddable":true,"href":"https:\/\/www.gkboje.ba\/en\/wp-json\/wp\/v2\/comments?post=35090"}],"version-history":[{"count":2,"href":"https:\/\/www.gkboje.ba\/en\/wp-json\/wp\/v2\/product\/35090\/revisions"}],"predecessor-version":[{"id":35113,"href":"https:\/\/www.gkboje.ba\/en\/wp-json\/wp\/v2\/product\/35090\/revisions\/35113"}],"wp:featuredmedia":[{"embeddable":true,"href":"https:\/\/www.gkboje.ba\/en\/wp-json\/wp\/v2\/media\/33901"}],"wp:attachment":[{"href":"https:\/\/www.gkboje.ba\/en\/wp-json\/wp\/v2\/media?parent=35090"}],"wp:term":[{"taxonomy":"product_brand","embeddable":true,"href":"https:\/\/www.gkboje.ba\/en\/wp-json\/wp\/v2\/product_brand?post=35090"},{"taxonomy":"product_cat","embeddable":true,"href":"https:\/\/www.gkboje.ba\/en\/wp-json\/wp\/v2\/product_cat?post=35090"},{"taxonomy":"product_tag","embeddable":true,"href":"https:\/\/www.gkboje.ba\/en\/wp-json\/wp\/v2\/product_tag?post=35090"}],"curies":[{"name":"wp","href":"https:\/\/api.w.org\/{rel}","templated":true}]}}