{"id":35049,"date":"2025-07-29T14:26:57","date_gmt":"2025-07-29T12:26:57","guid":{"rendered":"https:\/\/www.gkboje.ba\/?post_type=product&#038;p=35049"},"modified":"2026-01-06T07:39:19","modified_gmt":"2026-01-06T06:39:19","slug":"bosch-siljasto-dlijeto-za-stemanje-sds-4c-250-mm-pro","status":"publish","type":"product","link":"https:\/\/www.gkboje.ba\/en\/proizvod\/bosch-siljasto-dlijeto-za-stemanje-sds-4c-250-mm-pro\/","title":{"rendered":"BOSCH \u0160iljasto dlijeto za \u0161temanje SDS+ 4C &#8211; 250 mm &#8211; PRO"},"content":{"rendered":"<p><strong>Bosch PRO SDS plus-4C \u0161iljasto dlijeto 250 mm<\/strong> je robusno i precizno dlijeto namijenjeno za klesanje betona i cigle pomo\u0107u bu\u0161a\u0107ih ili udarnih \u010deki\u0107a. Zahvaljuju\u0107i za\u0161iljenom vrhu, omogu\u0107ava lako dosezanje svih kutova i visoku efikasnost uklanjanja materijala bez zaglavljivanja.<\/p>\n<p>Ovaj alat idealan je za renovatore, instalatere i monta\u017eere koji tra\u017ee dugotrajno rje\u0161enje za ru\u0161enje i fino klesanje betona.<\/p>\n<h5><strong>Klju\u010dne karakteristike:<\/strong><\/h5>\n<ul>\n<li>Za\u0161iljen vrh omogu\u0107ava rad u svim kutovima<\/li>\n<li>Dug \u017eivotni vijek \u010dak i pri radu na tvrdom betonu<\/li>\n<li>Visoka stopa uklanjanja materijala bez prekida<\/li>\n<li>Kompatibilno sa svim SDS plus bu\u0161a\u0107im i udarnim \u010deki\u0107ima<\/li>\n<\/ul>\n<h5><strong>Tehni\u010dke specifikacije:<\/strong><\/h5>\n<ul>\n<li><strong>Ukupna du\u017eina:<\/strong> 250 mm<\/li>\n<li><strong>Dr\u017eak:<\/strong> SDS plus<\/li>\n<\/ul>\n<h5><strong>Pogodno za:<\/strong><\/h5>\n<ul>\n<li>Razbijanje i precizno klesanje betona<\/li>\n<li>Ru\u0161enje i prilagodbu zidova<\/li>\n<li>Radove u interijeru i na gradili\u0161tima<\/li>\n<\/ul>\n<h5><strong>Dodatne informacije:<\/strong><\/h5>\n<p><span style=\"text-decoration: underline\"><a href=\"https:\/\/www.bosch-professional.com\/hr\/hr\/siljato-dlijeto-pro-sds-plus-4c-3095360-ocs-ac\/\">Sve dodatne informacije su dostupne na Bosch web stranici, klikom na ovaj tekst.<\/a><\/span><\/p>\n<p><em>Bosch \u0161ifra artikla: 2 608 690 145<\/em><\/p>\n<p><em>EAN: 3165140506489<\/em><\/p>\n<p><em>SKU: 730637<\/em><\/p>\n","protected":false},"excerpt":{"rendered":"<p>Bosch PRO SDS plus-4C \u0161iljasto dlijeto 250 mm je robusno i precizno dlijeto namijenjeno za klesanje betona i cigle pomo\u0107u<\/p>\n","protected":false},"featured_media":35050,"comment_status":"open","ping_status":"closed","template":"","meta":[],"product_brand":[],"product_cat":[722],"product_tag":[1349],"class_list":{"0":"post-35049","1":"product","2":"type-product","3":"status-publish","4":"has-post-thumbnail","6":"product_cat-sjekaci-i-spice","7":"product_tag-bosch-profesionalni-pribor","9":"first","10":"instock","11":"shipping-taxable","12":"purchasable","13":"product-type-simple"},"wooqr_code":"","_links":{"self":[{"href":"https:\/\/www.gkboje.ba\/en\/wp-json\/wp\/v2\/product\/35049","targetHints":{"allow":["GET"]}}],"collection":[{"href":"https:\/\/www.gkboje.ba\/en\/wp-json\/wp\/v2\/product"}],"about":[{"href":"https:\/\/www.gkboje.ba\/en\/wp-json\/wp\/v2\/types\/product"}],"replies":[{"embeddable":true,"href":"https:\/\/www.gkboje.ba\/en\/wp-json\/wp\/v2\/comments?post=35049"}],"version-history":[{"count":2,"href":"https:\/\/www.gkboje.ba\/en\/wp-json\/wp\/v2\/product\/35049\/revisions"}],"predecessor-version":[{"id":35063,"href":"https:\/\/www.gkboje.ba\/en\/wp-json\/wp\/v2\/product\/35049\/revisions\/35063"}],"wp:featuredmedia":[{"embeddable":true,"href":"https:\/\/www.gkboje.ba\/en\/wp-json\/wp\/v2\/media\/35050"}],"wp:attachment":[{"href":"https:\/\/www.gkboje.ba\/en\/wp-json\/wp\/v2\/media?parent=35049"}],"wp:term":[{"taxonomy":"product_brand","embeddable":true,"href":"https:\/\/www.gkboje.ba\/en\/wp-json\/wp\/v2\/product_brand?post=35049"},{"taxonomy":"product_cat","embeddable":true,"href":"https:\/\/www.gkboje.ba\/en\/wp-json\/wp\/v2\/product_cat?post=35049"},{"taxonomy":"product_tag","embeddable":true,"href":"https:\/\/www.gkboje.ba\/en\/wp-json\/wp\/v2\/product_tag?post=35049"}],"curies":[{"name":"wp","href":"https:\/\/api.w.org\/{rel}","templated":true}]}}