{"id":35028,"date":"2025-07-29T13:11:13","date_gmt":"2025-07-29T11:11:13","guid":{"rendered":"https:\/\/www.gkboje.ba\/?post_type=product&#038;p=35028"},"modified":"2026-01-06T07:39:19","modified_gmt":"2026-01-06T06:39:19","slug":"bosch-plosnato-dlijeto-za-stemanje-sds-5c-20-x-250-mm-pro","status":"publish","type":"product","link":"https:\/\/www.gkboje.ba\/en\/proizvod\/bosch-plosnato-dlijeto-za-stemanje-sds-5c-20-x-250-mm-pro\/","title":{"rendered":"BOSCH Plosnato dlijeto za \u0161temanje SDS+ 5C &#8211; 20 x 250 mm &#8211; PRO"},"content":{"rendered":"<p><strong>Bosch PRO SDS plus-5C plosnato dlijeto 250 mm<\/strong> je profesionalno dlijeto s dugim vijekom trajanja, idealno za klesanje betona i cigle pomo\u0107u bu\u0161a\u0107ih ili udarnih \u010deki\u0107a. Zahvaljuju\u0107i samoo\u0161tre\u0107oj o\u0161trici i inovativnom rebrastom dizajnu, osigurava konstantne performanse i visoku u\u010dinkovitost bez zaglavljivanja.<\/p>\n<p>Ovaj model odgovara svim SDS plus \u010deki\u0107ima za bu\u0161enje i idealan je za ru\u0161enje, prilago\u0111avanje i precizne radove u gra\u0111evinarstvu.<\/p>\n<h5><strong>Klju\u010dne karakteristike:<\/strong><\/h5>\n<ul>\n<li>Traje do 1.5 puta du\u017ee od modela Bosch SDS plus-3C<\/li>\n<li>Samoo\u0161tre\u0107a o\u0161trica za dugotrajnu u\u010dinkovitost<\/li>\n<li>Rebrasti dizajn za sprje\u010davanje zaglavljivanja i bolje drobljenje materijala<\/li>\n<li>Kompatibilno sa svim SDS plus bu\u0161a\u0107im i udarnim \u010deki\u0107ima<\/li>\n<\/ul>\n<h5><strong>Tehni\u010dke specifikacije:<\/strong><\/h5>\n<ul>\n<li><strong>Ukupna du\u017eina:<\/strong> 250 mm<\/li>\n<li><strong>\u0160irina o\u0161trice:<\/strong> 20 mm<\/li>\n<li><strong>Dr\u017eak:<\/strong> SDS plus<\/li>\n<\/ul>\n<h5><strong>Pogodno za:<\/strong><\/h5>\n<ul>\n<li>Klesanje betona, zida i cigle<\/li>\n<li>Radove ru\u0161enja i uklanjanja maltera<\/li>\n<li>Profesionalnu gra\u0111evinsku i renovacijsku upotrebu<\/li>\n<\/ul>\n<h5><strong>Dodatne informacije:<\/strong><\/h5>\n<p><span style=\"text-decoration: underline\"><a href=\"https:\/\/www.bosch-professional.com\/hr\/hr\/pro-sds-plus-5c-plosnato-dlijeto-3095362-ocs-ac\/\">Sve dodatne informacije su dostupne na Bosch web stranici, klikom na ovaj tekst.<\/a><\/span><\/p>\n<p><em>Bosch \u0161ifra artikla: 2 609 390 394<\/em><\/p>\n<p><em>EAN: 3165140308908<\/em><\/p>\n<p><em>SKU: 730638<\/em><\/p>\n","protected":false},"excerpt":{"rendered":"<p>Bosch PRO SDS plus-5C plosnato dlijeto 250 mm je profesionalno dlijeto s dugim vijekom trajanja, idealno za klesanje betona i<\/p>\n","protected":false},"featured_media":35035,"comment_status":"open","ping_status":"closed","template":"","meta":[],"product_brand":[],"product_cat":[722],"product_tag":[1349],"class_list":{"0":"post-35028","1":"product","2":"type-product","3":"status-publish","4":"has-post-thumbnail","6":"product_cat-sjekaci-i-spice","7":"product_tag-bosch-profesionalni-pribor","9":"first","10":"instock","11":"shipping-taxable","12":"purchasable","13":"product-type-simple"},"wooqr_code":"","_links":{"self":[{"href":"https:\/\/www.gkboje.ba\/en\/wp-json\/wp\/v2\/product\/35028","targetHints":{"allow":["GET"]}}],"collection":[{"href":"https:\/\/www.gkboje.ba\/en\/wp-json\/wp\/v2\/product"}],"about":[{"href":"https:\/\/www.gkboje.ba\/en\/wp-json\/wp\/v2\/types\/product"}],"replies":[{"embeddable":true,"href":"https:\/\/www.gkboje.ba\/en\/wp-json\/wp\/v2\/comments?post=35028"}],"version-history":[{"count":1,"href":"https:\/\/www.gkboje.ba\/en\/wp-json\/wp\/v2\/product\/35028\/revisions"}],"predecessor-version":[{"id":35047,"href":"https:\/\/www.gkboje.ba\/en\/wp-json\/wp\/v2\/product\/35028\/revisions\/35047"}],"wp:featuredmedia":[{"embeddable":true,"href":"https:\/\/www.gkboje.ba\/en\/wp-json\/wp\/v2\/media\/35035"}],"wp:attachment":[{"href":"https:\/\/www.gkboje.ba\/en\/wp-json\/wp\/v2\/media?parent=35028"}],"wp:term":[{"taxonomy":"product_brand","embeddable":true,"href":"https:\/\/www.gkboje.ba\/en\/wp-json\/wp\/v2\/product_brand?post=35028"},{"taxonomy":"product_cat","embeddable":true,"href":"https:\/\/www.gkboje.ba\/en\/wp-json\/wp\/v2\/product_cat?post=35028"},{"taxonomy":"product_tag","embeddable":true,"href":"https:\/\/www.gkboje.ba\/en\/wp-json\/wp\/v2\/product_tag?post=35028"}],"curies":[{"name":"wp","href":"https:\/\/api.w.org\/{rel}","templated":true}]}}