{"id":35016,"date":"2025-07-29T12:53:56","date_gmt":"2025-07-29T10:53:56","guid":{"rendered":"https:\/\/www.gkboje.ba\/?post_type=product&#038;p=35016"},"modified":"2026-01-06T07:39:19","modified_gmt":"2026-01-06T06:39:19","slug":"bosch-rezna-ploca-standard-for-metal-180-x-1-6-x-22-23-mm","status":"publish","type":"product","link":"https:\/\/www.gkboje.ba\/en\/proizvod\/bosch-rezna-ploca-standard-for-metal-180-x-1-6-x-22-23-mm\/","title":{"rendered":"BOSCH Rezna plo\u010da Standard for Metal &#8211; 180 x 1.6 x 22.23 mm"},"content":{"rendered":"<p><strong>Bosch Standard for Metal 180 mm<\/strong> je robusna ravna rezna plo\u010da dizajnirana za sigurno i efikasno rezanje metala pomo\u0107u velikih kutnih brusilica. Zahvaljuju\u0107i aluminijevom oksidu kao abrazivnom materijalu, pru\u017ea pouzdane performanse u \u0161irokom spektru primjena na metalu.<\/p>\n<p>Rezna plo\u010da je kompatibilna s kutnim brusilicama koje koriste prihvat od 22.23 mm i u skladu je s EN 12413 sigurnosnim standardima.<\/p>\n<h5><strong>Klju\u010dne karakteristike:<\/strong><\/h5>\n<ul>\n<li>Pouzdano rezanje metala u op\u0107oj upotrebi<\/li>\n<li>Izra\u0111ena od aluminijevog oksida za postojane performanse<\/li>\n<li>Kompatibilna s velikim kutnim brusilicama sa steznom maticom<\/li>\n<li>Uskla\u0111ena s EN 12413 sigurnosnim standardom<\/li>\n<\/ul>\n<h5><strong>Tehni\u010dke specifikacije:<\/strong><\/h5>\n<ul>\n<li><strong>Specifikacija:<\/strong> A 46 S BF<\/li>\n<li><strong>Promjer plo\u010de:<\/strong> 180 mm<\/li>\n<li><strong>Promjer provrta:<\/strong> 22.23 mm<\/li>\n<li><strong>Debljina:<\/strong> 1.6 mm<\/li>\n<\/ul>\n<h5><strong>Pogodno za:<\/strong><\/h5>\n<ul>\n<li>Rezanje \u010delika i metalnih profila<\/li>\n<li>Gra\u0111evinske i industrijske radove<\/li>\n<li>Servisne i monta\u017ene primjene<\/li>\n<\/ul>\n<h5><strong>Dodatne informacije:<\/strong><\/h5>\n<p><span style=\"text-decoration: underline\"><a href=\"https:\/\/www.bosch-professional.com\/hr\/hr\/rezne-ploce-standard-for-metal-s-ravnim-sredistem-promjera-22-23-mm-za-velike-kutne-brusilice-2885742-ocs-ac\/\">Sve dodatne informacije su dostupne na Bosch web stranici, klikom na ovaj tekst.<\/a><\/span><\/p>\n<p><em>Bosch \u0161ifra artikla: 2 608 619 769<\/em><\/p>\n<p><em>EAN: 4059952631363<\/em><\/p>\n<p><em>SKU: 730620<\/em><\/p>\n","protected":false},"excerpt":{"rendered":"<p>Bosch Standard for Metal 180 mm je robusna ravna rezna plo\u010da dizajnirana za sigurno i efikasno rezanje metala pomo\u0107u velikih<\/p>\n","protected":false},"featured_media":35018,"comment_status":"open","ping_status":"closed","template":"","meta":[],"product_brand":[],"product_cat":[740],"product_tag":[1349],"class_list":{"0":"post-35016","1":"product","2":"type-product","3":"status-publish","4":"has-post-thumbnail","6":"product_cat-rezne-ploce","7":"product_tag-bosch-profesionalni-pribor","9":"first","10":"instock","11":"shipping-taxable","12":"purchasable","13":"product-type-simple"},"wooqr_code":"","_links":{"self":[{"href":"https:\/\/www.gkboje.ba\/en\/wp-json\/wp\/v2\/product\/35016","targetHints":{"allow":["GET"]}}],"collection":[{"href":"https:\/\/www.gkboje.ba\/en\/wp-json\/wp\/v2\/product"}],"about":[{"href":"https:\/\/www.gkboje.ba\/en\/wp-json\/wp\/v2\/types\/product"}],"replies":[{"embeddable":true,"href":"https:\/\/www.gkboje.ba\/en\/wp-json\/wp\/v2\/comments?post=35016"}],"version-history":[{"count":2,"href":"https:\/\/www.gkboje.ba\/en\/wp-json\/wp\/v2\/product\/35016\/revisions"}],"predecessor-version":[{"id":35022,"href":"https:\/\/www.gkboje.ba\/en\/wp-json\/wp\/v2\/product\/35016\/revisions\/35022"}],"wp:featuredmedia":[{"embeddable":true,"href":"https:\/\/www.gkboje.ba\/en\/wp-json\/wp\/v2\/media\/35018"}],"wp:attachment":[{"href":"https:\/\/www.gkboje.ba\/en\/wp-json\/wp\/v2\/media?parent=35016"}],"wp:term":[{"taxonomy":"product_brand","embeddable":true,"href":"https:\/\/www.gkboje.ba\/en\/wp-json\/wp\/v2\/product_brand?post=35016"},{"taxonomy":"product_cat","embeddable":true,"href":"https:\/\/www.gkboje.ba\/en\/wp-json\/wp\/v2\/product_cat?post=35016"},{"taxonomy":"product_tag","embeddable":true,"href":"https:\/\/www.gkboje.ba\/en\/wp-json\/wp\/v2\/product_tag?post=35016"}],"curies":[{"name":"wp","href":"https:\/\/api.w.org\/{rel}","templated":true}]}}