{"id":35007,"date":"2025-07-29T12:37:02","date_gmt":"2025-07-29T10:37:02","guid":{"rendered":"https:\/\/www.gkboje.ba\/?post_type=product&#038;p=35007"},"modified":"2026-01-06T07:39:07","modified_gmt":"2026-01-06T06:39:07","slug":"bosch-rezna-ploca-standard-for-metal-115-x-1-0-x-22-23-mm","status":"publish","type":"product","link":"https:\/\/www.gkboje.ba\/en\/proizvod\/bosch-rezna-ploca-standard-for-metal-115-x-1-0-x-22-23-mm\/","title":{"rendered":"BOSCH Rezna plo\u010da Standard for Metal &#8211; 115 x 1.0 x 22.23 mm"},"content":{"rendered":"<p><strong>Bosch Standard for Metal<\/strong> je pouzdana rezna plo\u010da za svakodnevne metalne radove. Zahvaljuju\u0107i plo\u010di od aluminijevog oksida, idealna je za univerzalnu upotrebu pri rezanju raznih vrsta metala, pru\u017eaju\u0107i \u010diste i precizne rezove.<\/p>\n<p>Kompatibilna je s ve\u0107inom malih kutnih brusilica koje koriste steznu maticu sa standardnim prihvatom od 22.23 mm. Bosch Standard for Metal plo\u010de izra\u0111ene su u skladu s visokim sigurnosnim standardima, uklju\u010duju\u0107i EN 12413.<\/p>\n<h5><strong>Klju\u010dne karakteristike:<\/strong><\/h5>\n<ul>\n<li>Za pouzdano rezanje metala u op\u0107oj primjeni<\/li>\n<li>Plo\u010da od aluminijevog oksida osigurava dobar balans izme\u0111u performansi i trajnosti<\/li>\n<li>Odgovara svim kutnim brusilicama sa standardnom steznom maticom<\/li>\n<li>Uskla\u0111ena s me\u0111unarodnim sigurnosnim standardom EN 12413<\/li>\n<\/ul>\n<h5><strong>Tehni\u010dke specifikacije:<\/strong><\/h5>\n<ul>\n<li><strong>Specifikacija:<\/strong> A 60 T BF<\/li>\n<li><strong>Promjer plo\u010de:<\/strong> 115 mm<\/li>\n<li><strong>Promjer provrta:<\/strong> 22.23 mm<\/li>\n<li><strong>Debljina:<\/strong> 1.0 mm<\/li>\n<\/ul>\n<h5><strong>Pogodno za:<\/strong><\/h5>\n<ul>\n<li>Rezanje obi\u010dnog i nelegiranog \u010delika<\/li>\n<li>Servisne i monta\u017ene radove<\/li>\n<li>Gra\u0111evinsku i limarsku upotrebu<\/li>\n<\/ul>\n<h5><strong>Dodatne informacije:<\/strong><\/h5>\n<p><span style=\"text-decoration: underline\"><a href=\"https:\/\/www.bosch-professional.com\/hr\/hr\/rezne-ploce-standard-for-metal-s-ravnim-sredistem-promjera-22-23-mm-za-male-kutne-brusilice-2867394-ocs-ac\/\">Sve dodatne informacije su dostupne na Bosch web stranici, klikom na ovaj tekst.<\/a><\/span><\/p>\n<p><em>Bosch \u0161ifra artikla: 2 608 619 767<\/em><\/p>\n<p><em>EAN: 4059952631349<\/em><\/p>\n<p><em>SKU: 730616<\/em><\/p>\n","protected":false},"excerpt":{"rendered":"<p>Bosch Standard for Metal je pouzdana rezna plo\u010da za svakodnevne metalne radove. Zahvaljuju\u0107i plo\u010di od aluminijevog oksida, idealna je za<\/p>\n","protected":false},"featured_media":35008,"comment_status":"open","ping_status":"closed","template":"","meta":[],"product_brand":[],"product_cat":[740],"product_tag":[1349],"class_list":{"0":"post-35007","1":"product","2":"type-product","3":"status-publish","4":"has-post-thumbnail","6":"product_cat-rezne-ploce","7":"product_tag-bosch-profesionalni-pribor","9":"first","10":"instock","11":"shipping-taxable","12":"purchasable","13":"product-type-simple"},"wooqr_code":"","_links":{"self":[{"href":"https:\/\/www.gkboje.ba\/en\/wp-json\/wp\/v2\/product\/35007","targetHints":{"allow":["GET"]}}],"collection":[{"href":"https:\/\/www.gkboje.ba\/en\/wp-json\/wp\/v2\/product"}],"about":[{"href":"https:\/\/www.gkboje.ba\/en\/wp-json\/wp\/v2\/types\/product"}],"replies":[{"embeddable":true,"href":"https:\/\/www.gkboje.ba\/en\/wp-json\/wp\/v2\/comments?post=35007"}],"version-history":[{"count":2,"href":"https:\/\/www.gkboje.ba\/en\/wp-json\/wp\/v2\/product\/35007\/revisions"}],"predecessor-version":[{"id":35011,"href":"https:\/\/www.gkboje.ba\/en\/wp-json\/wp\/v2\/product\/35007\/revisions\/35011"}],"wp:featuredmedia":[{"embeddable":true,"href":"https:\/\/www.gkboje.ba\/en\/wp-json\/wp\/v2\/media\/35008"}],"wp:attachment":[{"href":"https:\/\/www.gkboje.ba\/en\/wp-json\/wp\/v2\/media?parent=35007"}],"wp:term":[{"taxonomy":"product_brand","embeddable":true,"href":"https:\/\/www.gkboje.ba\/en\/wp-json\/wp\/v2\/product_brand?post=35007"},{"taxonomy":"product_cat","embeddable":true,"href":"https:\/\/www.gkboje.ba\/en\/wp-json\/wp\/v2\/product_cat?post=35007"},{"taxonomy":"product_tag","embeddable":true,"href":"https:\/\/www.gkboje.ba\/en\/wp-json\/wp\/v2\/product_tag?post=35007"}],"curies":[{"name":"wp","href":"https:\/\/api.w.org\/{rel}","templated":true}]}}