{"id":34986,"date":"2025-07-29T12:23:02","date_gmt":"2025-07-29T10:23:02","guid":{"rendered":"https:\/\/www.gkboje.ba\/?post_type=product&#038;p=34986"},"modified":"2026-01-06T07:39:04","modified_gmt":"2026-01-06T06:39:04","slug":"bosch-karbidna-rezna-ploca-za-razne-materijale-x-lock-carbide-multi-wheel-125-x-22-23-mm-expert","status":"publish","type":"product","link":"https:\/\/www.gkboje.ba\/en\/proizvod\/bosch-karbidna-rezna-ploca-za-razne-materijale-x-lock-carbide-multi-wheel-125-x-22-23-mm-expert\/","title":{"rendered":"BOSCH Karbidna rezna plo\u010da za razne materijale X-LOCK &#8211; Carbide Multi Wheel &#8211; 125 x 22.23 mm &#8211; Expert"},"content":{"rendered":"<p><strong>Bosch EXPERT Carbide Multi Wheel<\/strong> pretvara va\u0161u kutnu brusilicu u svestrani alat za rezanje \u0161irokog spektra materijala. Zahvaljuju\u0107i Bosch Carbide Technology tehnologiji, ova plo\u010da nudi izvanrednu izdr\u017eljivost i dug vijek trajanja, \u010dak i pri intenzivnoj upotrebi.<\/p>\n<p>Namijenjena profesionalcima koji \u017eele brzinu, preciznost i pouzdanost pri radu s drvetom, plastikom i kompozitnim materijalima. Napredno \u010deli\u010dno tijelo osigurava stalnu dubinu i brzinu reza, dok sna\u017ean laserski spoj karbidnih zrna omogu\u0107ava pouzdane performanse. Kompatibilna je sa standardnim brusilicama i X-LOCK sistemom za brzo i sigurno postavljanje.<\/p>\n<h5><strong>Klju\u010dne karakteristike:<\/strong><\/h5>\n<ul>\n<li>Tehnologija Carbide Technology za izuzetnu dugotrajnost<\/li>\n<li>Re\u017ee drvo, plastiku i kompozitne materijale<\/li>\n<li>Napredno \u010deli\u010dno tijelo za precizan i kontroliran rez<\/li>\n<li>Sna\u017ean laserski spoj karbida za sigurnu upotrebu<\/li>\n<li>Kompatibilna sa X-LOCK sistemom i standardnim brusilicama s maticom<\/li>\n<\/ul>\n<h5><strong>Tehni\u010dke specifikacije:<\/strong><\/h5>\n<ul>\n<li><strong>Promjer plo\u010de:<\/strong> 125 mm<\/li>\n<li><strong>Promjer provrta:<\/strong> 22.23 mm<\/li>\n<li><strong>X-LOCK sistem:<\/strong> Da<\/li>\n<\/ul>\n<h5><strong>Pogodno za:<\/strong><\/h5>\n<ul>\n<li>Rezanje drveta, plastike i kompozitnih materijala<\/li>\n<li>Unutra\u0161nje radove, monta\u017ee i renovacije<\/li>\n<li>Profesionalnu i DIY upotrebu<\/li>\n<\/ul>\n<h5><strong>Dodatne informacije:<\/strong><\/h5>\n<p><span style=\"text-decoration: underline\"><a href=\"https:\/\/www.bosch-professional.com\/hr\/hr\/rezne-ploce-expert-carbide-multi-wheel-za-male-kutne-brusilice-x-lock-2869695-ocs-ac\/\">Sve dodatne informacije su dostupne na Bosch web stranici, klikom na ovaj tekst.<\/a><\/span><\/p>\n<p><em>Bosch \u0161ifra artikla: 2 608 901 193<\/em><\/p>\n<p><em>EAN: 4059952567518<\/em><\/p>\n<p><em>SKU: 731335<\/em><\/p>\n","protected":false},"excerpt":{"rendered":"<p>Bosch EXPERT Carbide Multi Wheel pretvara va\u0161u kutnu brusilicu u svestrani alat za rezanje \u0161irokog spektra materijala. Zahvaljuju\u0107i Bosch Carbide<\/p>\n","protected":false},"featured_media":34988,"comment_status":"open","ping_status":"closed","template":"","meta":[],"product_brand":[],"product_cat":[740],"product_tag":[1349],"class_list":{"0":"post-34986","1":"product","2":"type-product","3":"status-publish","4":"has-post-thumbnail","6":"product_cat-rezne-ploce","7":"product_tag-bosch-profesionalni-pribor","9":"first","10":"instock","11":"shipping-taxable","12":"purchasable","13":"product-type-simple"},"wooqr_code":"","_links":{"self":[{"href":"https:\/\/www.gkboje.ba\/en\/wp-json\/wp\/v2\/product\/34986","targetHints":{"allow":["GET"]}}],"collection":[{"href":"https:\/\/www.gkboje.ba\/en\/wp-json\/wp\/v2\/product"}],"about":[{"href":"https:\/\/www.gkboje.ba\/en\/wp-json\/wp\/v2\/types\/product"}],"replies":[{"embeddable":true,"href":"https:\/\/www.gkboje.ba\/en\/wp-json\/wp\/v2\/comments?post=34986"}],"version-history":[{"count":1,"href":"https:\/\/www.gkboje.ba\/en\/wp-json\/wp\/v2\/product\/34986\/revisions"}],"predecessor-version":[{"id":35006,"href":"https:\/\/www.gkboje.ba\/en\/wp-json\/wp\/v2\/product\/34986\/revisions\/35006"}],"wp:featuredmedia":[{"embeddable":true,"href":"https:\/\/www.gkboje.ba\/en\/wp-json\/wp\/v2\/media\/34988"}],"wp:attachment":[{"href":"https:\/\/www.gkboje.ba\/en\/wp-json\/wp\/v2\/media?parent=34986"}],"wp:term":[{"taxonomy":"product_brand","embeddable":true,"href":"https:\/\/www.gkboje.ba\/en\/wp-json\/wp\/v2\/product_brand?post=34986"},{"taxonomy":"product_cat","embeddable":true,"href":"https:\/\/www.gkboje.ba\/en\/wp-json\/wp\/v2\/product_cat?post=34986"},{"taxonomy":"product_tag","embeddable":true,"href":"https:\/\/www.gkboje.ba\/en\/wp-json\/wp\/v2\/product_tag?post=34986"}],"curies":[{"name":"wp","href":"https:\/\/api.w.org\/{rel}","templated":true}]}}