{"id":34968,"date":"2025-07-29T11:53:28","date_gmt":"2025-07-29T09:53:28","guid":{"rendered":"https:\/\/www.gkboje.ba\/?post_type=product&#038;p=34968"},"modified":"2026-01-06T07:39:04","modified_gmt":"2026-01-06T06:39:04","slug":"bosch-rezna-ploca-za-metal-ss-and-metal-76-x-1-0-x-10-mm-pro","status":"publish","type":"product","link":"https:\/\/www.gkboje.ba\/en\/proizvod\/bosch-rezna-ploca-za-metal-ss-and-metal-76-x-1-0-x-10-mm-pro\/","title":{"rendered":"BOSCH Rezna plo\u010da za metal S&amp;S and Metal &#8211; 76 x 1.0 x 10 mm &#8211; PRO"},"content":{"rendered":"<p><strong>Bosch PRO rezna plo\u010da Stainless Steel and Metal (76 mm)<\/strong> omogu\u0107ava brzo i precizno rezanje nehr\u0111aju\u0107eg \u010delika i metala. Zahvaljuju\u0107i robusnim zrncima od aluminijeva oksida i oja\u010danoj konstrukciji, pru\u017ea visoku izdr\u017eljivost i dug radni vijek, \u010dak i pri zahtjevnim zadacima.<\/p>\n<p>Specijalno dizajnirana za mini kutne brusilice s prihvatom od 10 mm, ova rezna plo\u010da osigurava \u010diste i pouzdane rezove uz otpornost na visoke temperature i habanje. Idealna je za profesionalne korisnike koji zahtijevaju brzinu i preciznost pri svakodnevnim metaloprera\u0111iva\u010dkim radovima.<\/p>\n<h5><strong>Klju\u010dne karakteristike:<\/strong><\/h5>\n<ul>\n<li>Brzo i efikasno rezanje nehr\u0111aju\u0107eg \u010delika i metala<\/li>\n<li>Granulat od aluminijeva oksida za izdr\u017eljive performanse<\/li>\n<li>Smolasta matrica pru\u017ea \u010dvrsto\u0107u i otpornost na toplinu<\/li>\n<li>Oja\u010dana \u010dvrstom stakloplasti\u010dnom mre\u017eom za dodatnu sigurnost<\/li>\n<\/ul>\n<h5><strong>Tehni\u010dke specifikacije:<\/strong><\/h5>\n<ul>\n<li><strong>Specifikacija:<\/strong> A 60 R INOX BF<\/li>\n<li><strong>Promjer plo\u010de:<\/strong> 76 mm<\/li>\n<li><strong>Promjer provrta:<\/strong> 10.0 mm<\/li>\n<li><strong>Debljina:<\/strong> 1.0 mm<\/li>\n<li><strong>oSa certifikat:<\/strong> Da<\/li>\n<\/ul>\n<h5><strong>Pogodno za:<\/strong><\/h5>\n<ul>\n<li>Profesionalne metaloprera\u0111iva\u010dke radove<\/li>\n<li>Rezanje nehr\u0111aju\u0107eg \u010delika i raznih metalnih profila<\/li>\n<li>Rad s mini kutnim brusilicama (10 mm prihvat)<\/li>\n<\/ul>\n<h5><strong>Dodatne informacije:<\/strong><\/h5>\n<p><span style=\"text-decoration: underline\"><a href=\"https:\/\/www.bosch-professional.com\/hr\/hr\/lijepljena-rezna-ploca-pro-stainless-steel-and-metal-za-mini-kutne-brusilice-provrt-10-mm-3090741-ocs-ac\/\">Sve dodatne informacije su dostupne na Bosch web stranici, klikom na ovaj tekst.<\/a><\/span><\/p>\n<p><em>Bosch \u0161ifra artikla: 2 608 601 520<\/em><\/p>\n<p><em>EAN: 3165140830560<\/em><\/p>\n<p><em>SKU: 730567<\/em><\/p>\n","protected":false},"excerpt":{"rendered":"<p>Bosch PRO rezna plo\u010da Stainless Steel and Metal (76 mm) omogu\u0107ava brzo i precizno rezanje nehr\u0111aju\u0107eg \u010delika i metala. Zahvaljuju\u0107i<\/p>\n","protected":false},"featured_media":34969,"comment_status":"open","ping_status":"closed","template":"","meta":[],"product_brand":[],"product_cat":[740],"product_tag":[1349],"class_list":{"0":"post-34968","1":"product","2":"type-product","3":"status-publish","4":"has-post-thumbnail","6":"product_cat-rezne-ploce","7":"product_tag-bosch-profesionalni-pribor","9":"first","10":"instock","11":"shipping-taxable","12":"purchasable","13":"product-type-simple"},"wooqr_code":"","_links":{"self":[{"href":"https:\/\/www.gkboje.ba\/en\/wp-json\/wp\/v2\/product\/34968","targetHints":{"allow":["GET"]}}],"collection":[{"href":"https:\/\/www.gkboje.ba\/en\/wp-json\/wp\/v2\/product"}],"about":[{"href":"https:\/\/www.gkboje.ba\/en\/wp-json\/wp\/v2\/types\/product"}],"replies":[{"embeddable":true,"href":"https:\/\/www.gkboje.ba\/en\/wp-json\/wp\/v2\/comments?post=34968"}],"version-history":[{"count":2,"href":"https:\/\/www.gkboje.ba\/en\/wp-json\/wp\/v2\/product\/34968\/revisions"}],"predecessor-version":[{"id":34987,"href":"https:\/\/www.gkboje.ba\/en\/wp-json\/wp\/v2\/product\/34968\/revisions\/34987"}],"wp:featuredmedia":[{"embeddable":true,"href":"https:\/\/www.gkboje.ba\/en\/wp-json\/wp\/v2\/media\/34969"}],"wp:attachment":[{"href":"https:\/\/www.gkboje.ba\/en\/wp-json\/wp\/v2\/media?parent=34968"}],"wp:term":[{"taxonomy":"product_brand","embeddable":true,"href":"https:\/\/www.gkboje.ba\/en\/wp-json\/wp\/v2\/product_brand?post=34968"},{"taxonomy":"product_cat","embeddable":true,"href":"https:\/\/www.gkboje.ba\/en\/wp-json\/wp\/v2\/product_cat?post=34968"},{"taxonomy":"product_tag","embeddable":true,"href":"https:\/\/www.gkboje.ba\/en\/wp-json\/wp\/v2\/product_tag?post=34968"}],"curies":[{"name":"wp","href":"https:\/\/api.w.org\/{rel}","templated":true}]}}