{"id":34883,"date":"2025-07-28T13:40:11","date_gmt":"2025-07-28T11:40:11","guid":{"rendered":"https:\/\/www.gkboje.ba\/?post_type=product&#038;p=34883"},"modified":"2026-01-06T07:39:19","modified_gmt":"2026-01-06T06:39:19","slug":"bosch-borer-svrdlo-za-beton-plus-5x-sds-6-0-16-mm-pro","status":"publish","type":"product","link":"https:\/\/www.gkboje.ba\/en\/proizvod\/bosch-borer-svrdlo-za-beton-plus-5x-sds-6-0-16-mm-pro\/","title":{"rendered":"BOSCH Borer &#8211; svrdlo za beton Plus-5X SDS+ (6.0 &#8211; 22 mm) &#8211; PRO"},"content":{"rendered":"<p><strong>PRO SDS plus-5X svrdlo za bu\u0161a\u0107i \u010deki\u0107<\/strong> nudi izuzetnu izdr\u017eljivost i pouzdanost pri bu\u0161enju armiranog betona, zahvaljuju\u0107i kvalitetnom dizajnu s 4 reza\u010da i robusnom karbidnom glavom. Idealan je izbor za elektri\u010dare, vodoinstalatere, instalatere HVAC-a i sve profesionalce koji rade s betonskim konstrukcijama.<\/p>\n<p>Zahvaljuju\u0107i kri\u017eno bru\u0161enoj glavi od volframovog karbida i sistemu sa 4 spiralna utora za efikasno odvo\u0111enje pra\u0161ine, ovo svrdlo omogu\u0107ava brzo i precizno bu\u0161enje bez zaglavljivanja \u010dak i pri udarima u armaturu.<\/p>\n<h5><strong>Klju\u010dne karakteristike:<\/strong><\/h5>\n<ul>\n<li>Do 1.5 puta du\u017ei vijek trajanja u odnosu na Bosch SDS plus-1<\/li>\n<li>Visokokvalitetni volframov karbid za maksimalnu izdr\u017eljivost<\/li>\n<li>Glava s 4 reza\u010da ne zaglavljuje se ni pri udaru u armaturu<\/li>\n<li>4 spiralna \u017elijeba omogu\u0107uju brzo uklanjanje pra\u0161ine i efikasno bu\u0161enje<\/li>\n<li>Pogodno za bu\u0161enje preciznih rupa u armiranom betonu<\/li>\n<\/ul>\n<h5><strong>Tehni\u010dke specifikacije:<\/strong><\/h5>\n<ul>\n<li><strong>Prihvat:<\/strong> SDS plus<\/li>\n<li><strong>Materijal vrha:<\/strong> Volframov karbid<\/li>\n<li><strong>Broj reza\u010da:<\/strong> 4<\/li>\n<li><strong>Dizajn spirale:<\/strong> 4 spiralna \u017elijeba<\/li>\n<li><strong>Kompatibilnost:<\/strong> Sa svim SDS plus bu\u0161a\u0107im \u010deki\u0107ima<\/li>\n<li><strong>Dostupni promjeri:<\/strong> 6, 6.5, 8, 10, 12, 14, 16, 18, 20 i 22 mm<\/li>\n<li><strong>Du\u017eine:<\/strong> 110, 160, 200, 210, 250, 260, 300, 360, 460 mm<\/li>\n<\/ul>\n<h5><strong>Pogodno za:<\/strong><\/h5>\n<ul>\n<li>Bu\u0161enje armiranog betona<\/li>\n<li>Radove na infrastrukturi, zidovima i podovima<\/li>\n<li>Instalacije elektro, vodovodnih i HVAC sistema<\/li>\n<\/ul>\n<h5><strong>Dodatne informacije:<\/strong><\/h5>\n<p><span style=\"text-decoration: underline\"><a href=\"https:\/\/www.bosch-professional.com\/hr\/hr\/svrdlo-za-busaci-cekic-pro-sds-plus-5x-3077736-ocs-ac\/\">Sve dodatne informacije su dostupne na Bosch web stranici, klikom na ovaj tekst.<\/a><\/span><\/p>\n","protected":false},"excerpt":{"rendered":"<p>PRO SDS plus-5X svrdlo za bu\u0161a\u0107i \u010deki\u0107 nudi izuzetnu izdr\u017eljivost i pouzdanost pri bu\u0161enju armiranog betona, zahvaljuju\u0107i kvalitetnom dizajnu s<\/p>\n","protected":false},"featured_media":34905,"comment_status":"open","ping_status":"closed","template":"","meta":[],"product_brand":[],"product_cat":[730],"product_tag":[1349],"class_list":{"0":"post-34883","1":"product","2":"type-product","3":"status-publish","4":"has-post-thumbnail","6":"product_cat-boreri-za-beton","7":"product_tag-bosch-profesionalni-pribor","9":"first","10":"instock","11":"shipping-taxable","12":"purchasable","13":"product-type-variable"},"wooqr_code":"","_links":{"self":[{"href":"https:\/\/www.gkboje.ba\/en\/wp-json\/wp\/v2\/product\/34883","targetHints":{"allow":["GET"]}}],"collection":[{"href":"https:\/\/www.gkboje.ba\/en\/wp-json\/wp\/v2\/product"}],"about":[{"href":"https:\/\/www.gkboje.ba\/en\/wp-json\/wp\/v2\/types\/product"}],"replies":[{"embeddable":true,"href":"https:\/\/www.gkboje.ba\/en\/wp-json\/wp\/v2\/comments?post=34883"}],"version-history":[{"count":4,"href":"https:\/\/www.gkboje.ba\/en\/wp-json\/wp\/v2\/product\/34883\/revisions"}],"predecessor-version":[{"id":35034,"href":"https:\/\/www.gkboje.ba\/en\/wp-json\/wp\/v2\/product\/34883\/revisions\/35034"}],"wp:featuredmedia":[{"embeddable":true,"href":"https:\/\/www.gkboje.ba\/en\/wp-json\/wp\/v2\/media\/34905"}],"wp:attachment":[{"href":"https:\/\/www.gkboje.ba\/en\/wp-json\/wp\/v2\/media?parent=34883"}],"wp:term":[{"taxonomy":"product_brand","embeddable":true,"href":"https:\/\/www.gkboje.ba\/en\/wp-json\/wp\/v2\/product_brand?post=34883"},{"taxonomy":"product_cat","embeddable":true,"href":"https:\/\/www.gkboje.ba\/en\/wp-json\/wp\/v2\/product_cat?post=34883"},{"taxonomy":"product_tag","embeddable":true,"href":"https:\/\/www.gkboje.ba\/en\/wp-json\/wp\/v2\/product_tag?post=34883"}],"curies":[{"name":"wp","href":"https:\/\/api.w.org\/{rel}","templated":true}]}}