{"id":34874,"date":"2025-07-28T13:30:36","date_gmt":"2025-07-28T11:30:36","guid":{"rendered":"https:\/\/www.gkboje.ba\/?post_type=product&#038;p=34874"},"modified":"2026-01-06T07:39:04","modified_gmt":"2026-01-06T06:39:04","slug":"bosch-impact-udarni-drzac-bitova-pro","status":"publish","type":"product","link":"https:\/\/www.gkboje.ba\/en\/proizvod\/bosch-impact-udarni-drzac-bitova-pro\/","title":{"rendered":"BOSCH Impact &#8211; udarni dr\u017ea\u010d bitova &#8211; PRO"},"content":{"rendered":"<p><strong>PRO Impact dr\u017ea\u010d bitova<\/strong> pru\u017ea izuzetnu izdr\u017eljivost i stabilnost pri uvrtanju vijaka \u010dak i u najzahtjevnijim uslovima. Dizajniran da traje do 15 puta du\u017ee od standardnih Bosch dr\u017ea\u010da, savr\u0161en je izbor za rad s udarnim odvija\u010dima i akumulatorskim bu\u0161ilicama.<\/p>\n<p>Zahvaljuju\u0107i trajnom magnetu, ovaj dr\u017ea\u010d osigurava \u010dvrsto prianjanje nastavaka, dok tanki dizajn omogu\u0107ava precizno i jednostavno rukovanje \u2013 idealno za profesionalne korisnike u monta\u017ei i gradnji.<\/p>\n<h5><strong>Klju\u010dne karakteristike:<\/strong><\/h5>\n<ul>\n<li>Do 15x robusniji od standardnog dr\u017ea\u010da<\/li>\n<li>Trajni magnet osigurava sigurno dr\u017eanje nastavaka<\/li>\n<li>Otporan na udarce \u2013 idealan za udarne odvija\u010de i bu\u0161ilice<\/li>\n<li>Kompaktan i tanak dizajn za lako rukovanje u sku\u010denim prostorima<\/li>\n<\/ul>\n<h5><strong>Tehni\u010dke specifikacije:<\/strong><\/h5>\n<ul>\n<li><strong>Prijemni dio:<\/strong> 1\/4&#8243;<\/li>\n<li><strong>Ukupna duljina:<\/strong> 60 mm<\/li>\n<li><strong>Prihvatni dr\u017eak:<\/strong> 1\/4&#8243; vanjski \u0161esterostrani prihvat<\/li>\n<li><strong>Kompatibilnost:<\/strong> Udarnim steza\u010dima, akumulatorskim bu\u0161ilicama i izvija\u010dima<\/li>\n<\/ul>\n<h5><strong>Pogodno za:<\/strong><\/h5>\n<ul>\n<li>Ugradnju vijaka u metal, drvo i plastiku<\/li>\n<li>Profesionalne monta\u017ene i gra\u0111evinske radove<\/li>\n<li>Kori\u0161tenje s udarnim odvija\u010dima i izvija\u010dima visoke snage<\/li>\n<\/ul>\n<h5><strong>Dodatne informacije:<\/strong><\/h5>\n<p><span style=\"text-decoration: underline\"><a href=\"https:\/\/www.bosch-professional.com\/hr\/hr\/pro-bit-holder-impact-3095557-ocs-ac\/\">Sve dodatne informacije su dostupne na Bosch web stranici, klikom na ovaj tekst.<\/a><\/span><\/p>\n<p><em>Bosch \u0161ifra artikla: 2 608 522 321<\/em><\/p>\n<p><em>EAN: 3165140851114<\/em><\/p>\n<p><em>SKU: 731022<\/em><\/p>\n","protected":false},"excerpt":{"rendered":"<p>PRO Impact dr\u017ea\u010d bitova pru\u017ea izuzetnu izdr\u017eljivost i stabilnost pri uvrtanju vijaka \u010dak i u najzahtjevnijim uslovima. Dizajniran da traje<\/p>\n","protected":false},"featured_media":34876,"comment_status":"open","ping_status":"closed","template":"","meta":[],"product_brand":[],"product_cat":[1097],"product_tag":[1349],"class_list":{"0":"post-34874","1":"product","2":"type-product","3":"status-publish","4":"has-post-thumbnail","6":"product_cat-bitovi-i-nastavci-za-busilice","7":"product_tag-bosch-profesionalni-pribor","9":"first","10":"instock","11":"shipping-taxable","12":"purchasable","13":"product-type-simple"},"wooqr_code":"","_links":{"self":[{"href":"https:\/\/www.gkboje.ba\/en\/wp-json\/wp\/v2\/product\/34874","targetHints":{"allow":["GET"]}}],"collection":[{"href":"https:\/\/www.gkboje.ba\/en\/wp-json\/wp\/v2\/product"}],"about":[{"href":"https:\/\/www.gkboje.ba\/en\/wp-json\/wp\/v2\/types\/product"}],"replies":[{"embeddable":true,"href":"https:\/\/www.gkboje.ba\/en\/wp-json\/wp\/v2\/comments?post=34874"}],"version-history":[{"count":2,"href":"https:\/\/www.gkboje.ba\/en\/wp-json\/wp\/v2\/product\/34874\/revisions"}],"predecessor-version":[{"id":34881,"href":"https:\/\/www.gkboje.ba\/en\/wp-json\/wp\/v2\/product\/34874\/revisions\/34881"}],"wp:featuredmedia":[{"embeddable":true,"href":"https:\/\/www.gkboje.ba\/en\/wp-json\/wp\/v2\/media\/34876"}],"wp:attachment":[{"href":"https:\/\/www.gkboje.ba\/en\/wp-json\/wp\/v2\/media?parent=34874"}],"wp:term":[{"taxonomy":"product_brand","embeddable":true,"href":"https:\/\/www.gkboje.ba\/en\/wp-json\/wp\/v2\/product_brand?post=34874"},{"taxonomy":"product_cat","embeddable":true,"href":"https:\/\/www.gkboje.ba\/en\/wp-json\/wp\/v2\/product_cat?post=34874"},{"taxonomy":"product_tag","embeddable":true,"href":"https:\/\/www.gkboje.ba\/en\/wp-json\/wp\/v2\/product_tag?post=34874"}],"curies":[{"name":"wp","href":"https:\/\/api.w.org\/{rel}","templated":true}]}}