{"id":34816,"date":"2025-07-28T11:21:46","date_gmt":"2025-07-28T09:21:46","guid":{"rendered":"https:\/\/www.gkboje.ba\/?post_type=product&#038;p=34816"},"modified":"2026-01-27T11:05:44","modified_gmt":"2026-01-27T10:05:44","slug":"bosch-vodobrusni-papir-list-c355-230-x-280-mm-320-1200-gr-pro","status":"publish","type":"product","link":"https:\/\/www.gkboje.ba\/en\/proizvod\/bosch-vodobrusni-papir-list-c355-230-x-280-mm-320-1200-gr-pro\/","title":{"rendered":"BOSCH Vodobrusni papir &#8211; list C355 &#8211; 230 x 280 mm (320 &#8211; 1200 GR) &#8211; PRO"},"content":{"rendered":"<p><strong>Vodobrusni papir &#8211; Brusni list C355<\/strong> pru\u017ea odli\u010dnu zavr\u0161nu obradu na premazima i kompozitnim materijalima. Zahvaljuju\u0107i visokoefikasnom granulatu od silikonskog karbida, omogu\u0107ava brzo i precizno bru\u0161enje tvrdih povr\u0161ina uz minimalno tro\u0161enje.<\/p>\n<p>Ovaj papir idealan je za mokro i suho bru\u0161enje osjetljivih i zahtjevnih povr\u0161ina, poput lakova, boja i kompozitnih materijala. Visoka kvaliteta materijala garantuje dugotrajan rad i ujedna\u010dene rezultate u zavr\u0161noj obradi.<\/p>\n<h5><strong>Klju\u010dne karakteristike:<\/strong><\/h5>\n<ul>\n<li>Izvrsna zavr\u0161na obrada na premazima i kompozitima<\/li>\n<li>Granulat od silikonskog karbida za brzo bru\u0161enje i visoku preciznost<\/li>\n<li>Prikladan za mokro i suho bru\u0161enje<\/li>\n<li>Idealno rje\u0161enje za zavr\u0161ne radove na tvrdim i osjetljivim povr\u0161inama<\/li>\n<\/ul>\n<h5><strong>Tehni\u010dke specifikacije:<\/strong><\/h5>\n<ul>\n<li><strong>Dimenzije lista:<\/strong> 230 x 280 mm<\/li>\n<li><strong>Granulacije dostupne:<\/strong> 320, 400, 600, 1200<\/li>\n<li><strong>Vrsta zrna:<\/strong> Silikonski karbid<\/li>\n<\/ul>\n<h5><strong>Pogodno za:<\/strong><\/h5>\n<ul>\n<li>Bru\u0161enje lakiranih, bojenih i kompozitnih povr\u0161ina<\/li>\n<li>Zavr\u0161na obrada u autoindustriji i stolarstvu<\/li>\n<li>Ru\u010dnu i strojnu upotrebu u mokrim i suhim uslovima<\/li>\n<\/ul>\n<h5><strong>Dodatne informacije:<\/strong><\/h5>\n<p><span style=\"text-decoration: underline\"><a href=\"https:\/\/www.bosch-professional.com\/rs\/sr\/pro-c355-brusni-list-za-rucno-brusenje-230%C3%97280-mm-3077719-ocs-ac\/\">Sve dodatne informacije su dostupne na Bosch web stranici, klikom na ovaj tekst.<\/a><\/span><\/p>\n","protected":false},"excerpt":{"rendered":"<p>Jedinica mjere: Komad<\/p>\n","protected":false},"featured_media":34826,"comment_status":"open","ping_status":"closed","template":"","meta":[],"product_brand":[],"product_cat":[1201],"product_tag":[1349],"class_list":{"0":"post-34816","1":"product","2":"type-product","3":"status-publish","4":"has-post-thumbnail","6":"product_cat-vodobrusni-papir","7":"product_tag-bosch-profesionalni-pribor","9":"first","10":"instock","11":"shipping-taxable","12":"purchasable","13":"product-type-variable","14":"has-default-attributes"},"wooqr_code":"","_links":{"self":[{"href":"https:\/\/www.gkboje.ba\/en\/wp-json\/wp\/v2\/product\/34816","targetHints":{"allow":["GET"]}}],"collection":[{"href":"https:\/\/www.gkboje.ba\/en\/wp-json\/wp\/v2\/product"}],"about":[{"href":"https:\/\/www.gkboje.ba\/en\/wp-json\/wp\/v2\/types\/product"}],"replies":[{"embeddable":true,"href":"https:\/\/www.gkboje.ba\/en\/wp-json\/wp\/v2\/comments?post=34816"}],"version-history":[{"count":2,"href":"https:\/\/www.gkboje.ba\/en\/wp-json\/wp\/v2\/product\/34816\/revisions"}],"predecessor-version":[{"id":34836,"href":"https:\/\/www.gkboje.ba\/en\/wp-json\/wp\/v2\/product\/34816\/revisions\/34836"}],"wp:featuredmedia":[{"embeddable":true,"href":"https:\/\/www.gkboje.ba\/en\/wp-json\/wp\/v2\/media\/34826"}],"wp:attachment":[{"href":"https:\/\/www.gkboje.ba\/en\/wp-json\/wp\/v2\/media?parent=34816"}],"wp:term":[{"taxonomy":"product_brand","embeddable":true,"href":"https:\/\/www.gkboje.ba\/en\/wp-json\/wp\/v2\/product_brand?post=34816"},{"taxonomy":"product_cat","embeddable":true,"href":"https:\/\/www.gkboje.ba\/en\/wp-json\/wp\/v2\/product_cat?post=34816"},{"taxonomy":"product_tag","embeddable":true,"href":"https:\/\/www.gkboje.ba\/en\/wp-json\/wp\/v2\/product_tag?post=34816"}],"curies":[{"name":"wp","href":"https:\/\/api.w.org\/{rel}","templated":true}]}}